{"id":2089,"date":"2023-08-14T09:30:02","date_gmt":"2023-08-14T13:30:02","guid":{"rendered":"http:\/\/kkc.wig.mybluehost.me\/about-us\/our-office\/"},"modified":"2024-02-14T09:46:58","modified_gmt":"2024-02-14T13:46:58","slug":"nuestra-oficina","status":"publish","type":"page","link":"https:\/\/alvaroordonezdds.com\/es\/nosotros\/nuestra-oficina\/","title":{"rendered":"Nuestra Oficina"},"content":{"rendered":"\t\t<div data-elementor-type=\"wp-page\" data-elementor-id=\"2089\" class=\"elementor elementor-2089 elementor-1290\">\n\t\t\t\t\t\t<section class=\"elementor-section elementor-top-section elementor-element elementor-element-3870c65a elementor-section-full_width elementor-section-stretched elementor-section-height-default elementor-section-height-default\" data-id=\"3870c65a\" data-element_type=\"section\" data-settings=\"{&quot;stretch_section&quot;:&quot;section-stretched&quot;}\">\r\n\t\t\r\n\t\t\t\t\t\t\t<div class=\"elementor-container elementor-column-gap-no porto-ibanner\">\r\n\t\t\t\t<img fetchpriority=\"high\" decoding=\"async\" src=\"https:\/\/alvaroordonezdds.com\/wp-content\/uploads\/2023\/08\/Our-Office-Alvaro-Ordonez.jpg\" alt=\"Our Office - Alvaro Ordonez\" width=\"1900\" height=\"500\" class=\"porto-ibanner-img\" srcset=\"https:\/\/alvaroordonezdds.com\/wp-content\/uploads\/2023\/08\/Our-Office-Alvaro-Ordonez.jpg 1900w, https:\/\/alvaroordonezdds.com\/wp-content\/uploads\/2023\/08\/Our-Office-Alvaro-Ordonez-1024x269.jpg 1024w, https:\/\/alvaroordonezdds.com\/wp-content\/uploads\/2023\/08\/Our-Office-Alvaro-Ordonez-768x202.jpg 768w, https:\/\/alvaroordonezdds.com\/wp-content\/uploads\/2023\/08\/Our-Office-Alvaro-Ordonez-1536x404.jpg 1536w, https:\/\/alvaroordonezdds.com\/wp-content\/uploads\/2023\/08\/Our-Office-Alvaro-Ordonez-640x168.jpg 640w, https:\/\/alvaroordonezdds.com\/wp-content\/uploads\/2023\/08\/Our-Office-Alvaro-Ordonez-400x105.jpg 400w\" sizes=\"(max-width: 1900px) 100vw, 1900px\">\t\t\t\t\t\t\t<div class=\"elementor-column elementor-col-100 elementor-top-column elementor-element elementor-element-1f83a77c\" data-id=\"1f83a77c\" data-element_type=\"column\">\r\n\t\t\t\t\t<div class=\"elementor-widget-wrap\">\r\n\t\t\t\t\t\t\t\t\t<\/div>\r\n\t\t\t\t<\/div>\r\n\t\t\t\t\t<\/div>\r\n\t\t\t\t<\/section>\r\n\t\t\t\t<section class=\"elementor-section elementor-top-section elementor-element elementor-element-16a867de elementor-section-boxed elementor-section-height-default elementor-section-height-default\" data-id=\"16a867de\" data-element_type=\"section\">\r\n\t\t\r\n\t\t\t\t\t\t\t<div class=\"elementor-container elementor-column-gap-default\">\r\n\t\t\t\t\t\t\t\t\t\t\t<div class=\"elementor-column elementor-col-100 elementor-top-column elementor-element elementor-element-306fbde9\" data-id=\"306fbde9\" data-element_type=\"column\">\r\n\t\t\t\t\t<div class=\"elementor-widget-wrap elementor-element-populated\">\r\n\t\t\t\t\t\t\t\t<div class=\"elementor-element elementor-element-61a3235a elementor-widget elementor-widget-spacer\" data-id=\"61a3235a\" data-element_type=\"widget\" data-widget_type=\"spacer.default\">\n\t\t\t\t<div class=\"elementor-widget-container\">\n\t\t\t\t\t\t\t<div class=\"elementor-spacer\">\n\t\t\t<div class=\"elementor-spacer-inner\"><\/div>\n\t\t<\/div>\n\t\t\t\t\t\t<\/div>\n\t\t\t\t<\/div>\n\t\t\t\t\t<\/div>\r\n\t\t\t\t<\/div>\r\n\t\t\t\t\t<\/div>\r\n\t\t\t\t<\/section>\r\n\t\t\t\t<section class=\"elementor-section elementor-top-section elementor-element elementor-element-3599849d elementor-section-boxed elementor-section-height-default elementor-section-height-default\" data-id=\"3599849d\" data-element_type=\"section\">\r\n\t\t\r\n\t\t\t\t\t\t\t<div class=\"elementor-container elementor-column-gap-default\">\r\n\t\t\t\t\t\t\t\t\t\t\t<div class=\"elementor-column elementor-col-100 elementor-top-column elementor-element elementor-element-76261560\" data-id=\"76261560\" data-element_type=\"column\">\r\n\t\t\t\t\t<div class=\"elementor-widget-wrap elementor-element-populated\">\r\n\t\t\t\t\t\t\t\t<div class=\"elementor-element elementor-element-7ff1c72f elementor-widget elementor-widget-porto_ultimate_heading\" data-id=\"7ff1c72f\" data-element_type=\"widget\" data-widget_type=\"porto_ultimate_heading.default\">\n\t\t\t\t<div class=\"elementor-widget-container\">\n\t\t\t\t\t<div class=\"porto-u-heading  porto-u-55ca8359258f9a412be7e73af65d2aac\"><div class=\"porto-u-main-heading\"><h1 data-plugin-animated-letters data-plugin-options=\"{&quot;startDelay&quot;:0,&quot;minWindowWidth&quot;:0,&quot;animationName&quot;:&quot;fadeIn&quot;}\"  >Nuestra Oficina<\/h1><\/div><style>.porto-u-55ca8359258f9a412be7e73af65d2aac.porto-u-heading{text-align:center}<\/style><\/div>\t\t\t\t<\/div>\n\t\t\t\t<\/div>\n\t\t\t\t<section class=\"elementor-section elementor-inner-section elementor-element elementor-element-5ca515d5 elementor-section-boxed elementor-section-height-default elementor-section-height-default\" data-id=\"5ca515d5\" data-element_type=\"section\">\r\n\t\t\r\n\t\t\t\t\t\t\t<div class=\"elementor-container elementor-column-gap-default\">\r\n\t\t\t\t\t\t\t\t\t\t\t<div class=\"elementor-column elementor-col-50 elementor-inner-column elementor-element elementor-element-2275e4f6\" data-id=\"2275e4f6\" data-element_type=\"column\">\r\n\t\t\t\t\t<div class=\"elementor-widget-wrap elementor-element-populated\">\r\n\t\t\t\t\t\t\t\t<div class=\"elementor-element elementor-element-33945d54 animated-slow elementor-invisible elementor-widget elementor-widget-text-editor\" data-id=\"33945d54\" data-element_type=\"widget\" data-settings=\"{&quot;_animation&quot;:&quot;fadeIn&quot;}\" data-widget_type=\"text-editor.default\">\n\t\t\t\t<div class=\"elementor-widget-container\">\n\t\t\t\t\t\t\t\t\t<p>Para aquellos que buscan un dentista altamente calificado y experimentado en Miami, su b\u00fasqueda concluye aqu\u00ed. Nuestra pr\u00e1ctica se dedica a brindar una atenci\u00f3n dental incomparable, marcada por la m\u00e1xima calidad. Equipado con tecnolog\u00eda de punta y equipos de \u00faltima generaci\u00f3n, nuestro consultorio dental mantiene rigurosos protocolos de esterilizaci\u00f3n. Reconociendo que las visitas al dentista pueden evocar sentimientos de inquietud, nuestro objetivo principal es garantizar que su experiencia con nosotros sea c\u00f3moda y libre de ansiedad. La educaci\u00f3n forma una piedra angular de nuestra misi\u00f3n, ya que empoderamos a nuestros pacientes con un conocimiento integral de sus alternativas de cuidado de la salud bucal, gui\u00e1ndonos hacia un plan de tratamiento que se alinee mejor con sus necesidades individuales.<\/p><p><strong>Programaci\u00f3n de citas:<\/strong><\/p><p>Conseguir una cita es f\u00e1cil: simplemente p\u00f3ngase en contacto con nosotros por <a href=\"tel:+13056663824\">tel\u00e9fono<\/a> o haga clic <a href=\"https:\/\/alvaroordonezdds.com\/es\/contacto\/solicitar-cita\/\">aqu\u00ed<\/a> para solicitar una cita en l\u00ednea.<\/p><p><strong>Opciones de pago flexibles:<\/strong><\/p><p>Ampliamos la comodidad de las tarjetas de cr\u00e9dito Mastercard, Visa, American Express y Discover, junto con el efectivo y los cheques personales. Tambi\u00e9n se acepta una amplia gama de planes de seguro, incluida la mayor\u00eda de las principales PPO. Para determinar la compatibilidad de su plan, comun\u00edquese directamente con nuestra oficina.<\/p><p><strong>Ubicaci\u00f3n estrat\u00e9gica:<\/strong><\/p><p>Puede encontrarnos a nosotros, su dentista de confianza en Miami, en 7741 SW 62nd Ave, South Miami, FL 33143. Para obtener instrucciones personalizadas, ingrese su c\u00f3digo postal o ciudad y estado a continuaci\u00f3n. Estamos comprometidos a ser su destino de confianza para una atenci\u00f3n dental excepcional.<\/p>\t\t\t\t\t\t\t\t<\/div>\n\t\t\t\t<\/div>\n\t\t\t\t<div class=\"elementor-element elementor-element-154ac3d elementor-widget elementor-widget-html\" data-id=\"154ac3d\" data-element_type=\"widget\" data-widget_type=\"html.default\">\n\t\t\t\t<div class=\"elementor-widget-container\">\n\t\t\t\t\t<iframe src=\"https:\/\/www.google.com\/maps\/embed?pb=!1m23!1m12!1m3!1d3595.166557668863!2d-80.29535367657479!3d25.698908849845875!2m3!1f0!2f0!3f0!3m2!1i1024!2i768!4f13.1!4m8!3e6!4m0!4m5!1s0x88d9c7e9519f2631%3A0xb7bfcfbf4a533230!2sAlvaro%20Ordonez%20DDS%2C%207741%20SW%2062nd%20Ave%20STE%20101%2C%20South%20Miami%2C%20FL%2033143%2C%20Estados%20Unidos!3m2!1d25.698898999999997!2d-80.2930269!5e0!3m2!1ses!2sco!4v1692021421742!5m2!1ses!2sco\" width=\"600\" height=\"450\" style=\"border:0;\" allowfullscreen=\"\" loading=\"lazy\" referrerpolicy=\"no-referrer-when-downgrade\"><\/iframe>\t\t\t\t<\/div>\n\t\t\t\t<\/div>\n\t\t\t\t\t<\/div>\r\n\t\t\t\t<\/div>\r\n\t\t\t\t<div class=\"elementor-column elementor-col-50 elementor-inner-column elementor-element elementor-element-6fb708b\" data-id=\"6fb708b\" data-element_type=\"column\">\r\n\t\t\t\t\t<div class=\"elementor-widget-wrap elementor-element-populated\">\r\n\t\t\t\t\t\t\t\t<div class=\"elementor-element elementor-element-cd62f36 elementor-widget elementor-widget-text-editor\" data-id=\"cd62f36\" data-element_type=\"widget\" data-widget_type=\"text-editor.default\">\n\t\t\t\t<div class=\"elementor-widget-container\">\n\t\t\t\t\t\t\t\t\t<h4 align=\"center\">Nuestra Ubicaci\u00f3n<\/h4>\n<p>7741 SW 62nd Ave<br \/>South Miami, FL 33143<br \/><a href=\"tel:+1 (305) 666-3824\" aria-label=\"Click to Call\">(305) 666-3824<\/a><\/p>\n\t\t\t\t\t\t\t\t<\/div>\n\t\t\t\t<\/div>\n\t\t\t\t<div class=\"elementor-element elementor-element-a7e6cbc elementor-widget elementor-widget-text-editor\" data-id=\"a7e6cbc\" data-element_type=\"widget\" data-widget_type=\"text-editor.default\">\n\t\t\t\t<div class=\"elementor-widget-container\">\n\t\t\t\t\t\t\t\t\t<h4 align=\"center\">Horario de Oficina<\/h4><table style=\"width: 100%;\"><tbody><tr><th>Monday<\/th><th>\u00a0<\/th><th>7:00am &#8211; 5:00pm<\/th><\/tr><tr><th>Tuesday<\/th><th>\u00a0<\/th><th>7:00am &#8211; 5:00pm<\/th><\/tr><tr><th>Wednesday<\/th><th>\u00a0<\/th><th>7:00am &#8211; 5:00pm<\/th><\/tr><tr><th>Thursday<\/th><th>\u00a0<\/th><th>7:00am &#8211; 5:00pm<\/th><\/tr><tr><th>Friday<\/th><th>\u00a0<\/th><th>7:00am &#8211; 5:00pm<\/th><\/tr><\/tbody><\/table>\t\t\t\t\t\t\t\t<\/div>\n\t\t\t\t<\/div>\n\t\t\t\t<div class=\"elementor-element elementor-element-8a7c905 elementor-widget elementor-widget-text-editor\" data-id=\"8a7c905\" data-element_type=\"widget\" data-widget_type=\"text-editor.default\">\n\t\t\t\t<div class=\"elementor-widget-container\">\n\t\t\t\t\t\t\t\t\t<h4 align=\"center\">S\u00edguenos<\/h4>\n\t\t\t\t\t\t\t\t<\/div>\n\t\t\t\t<\/div>\n\t\t\t\t<div class=\"elementor-element elementor-element-c14bb90 elementor-shape-rounded elementor-grid-0 e-grid-align-center elementor-widget elementor-widget-social-icons\" data-id=\"c14bb90\" data-element_type=\"widget\" data-widget_type=\"social-icons.default\">\n\t\t\t\t<div class=\"elementor-widget-container\">\n\t\t\t\t\t\t\t<div class=\"elementor-social-icons-wrapper elementor-grid\" role=\"list\">\n\t\t\t\t\t\t\t<span class=\"elementor-grid-item\" role=\"listitem\">\n\t\t\t\t\t<a class=\"elementor-icon elementor-social-icon elementor-social-icon-facebook elementor-animation-shrink elementor-repeater-item-d3aeeb9\" href=\"https:\/\/www.facebook.com\/AlvaroOrdonezDds\/\" target=\"_blank\">\n\t\t\t\t\t\t<span class=\"elementor-screen-only\">Facebook<\/span>\n\t\t\t\t\t\t<i aria-hidden=\"true\" class=\"fab fa-facebook\"><\/i>\t\t\t\t\t<\/a>\n\t\t\t\t<\/span>\n\t\t\t\t\t\t\t<span class=\"elementor-grid-item\" role=\"listitem\">\n\t\t\t\t\t<a class=\"elementor-icon elementor-social-icon elementor-social-icon-twitter elementor-animation-shrink elementor-repeater-item-0345674\" href=\"https:\/\/twitter.com\/DrOrdonezDDS\" target=\"_blank\">\n\t\t\t\t\t\t<span class=\"elementor-screen-only\">Twitter<\/span>\n\t\t\t\t\t\t<i aria-hidden=\"true\" class=\"fab fa-twitter\"><\/i>\t\t\t\t\t<\/a>\n\t\t\t\t<\/span>\n\t\t\t\t\t\t\t<span class=\"elementor-grid-item\" role=\"listitem\">\n\t\t\t\t\t<a class=\"elementor-icon elementor-social-icon elementor-social-icon-instagram elementor-animation-shrink elementor-repeater-item-5d29ac9\" href=\"https:\/\/www.instagram.com\/dralvaroordonezdds\/\" target=\"_blank\">\n\t\t\t\t\t\t<span class=\"elementor-screen-only\">Instagram<\/span>\n\t\t\t\t\t\t<i aria-hidden=\"true\" class=\"fab fa-instagram\"><\/i>\t\t\t\t\t<\/a>\n\t\t\t\t<\/span>\n\t\t\t\t\t\t\t<span class=\"elementor-grid-item\" role=\"listitem\">\n\t\t\t\t\t<a class=\"elementor-icon elementor-social-icon elementor-social-icon-linkedin elementor-animation-shrink elementor-repeater-item-51eda4a\" href=\"https:\/\/www.linkedin.com\/in\/alvaro-ordonez\/\" target=\"_blank\">\n\t\t\t\t\t\t<span class=\"elementor-screen-only\">Linkedin<\/span>\n\t\t\t\t\t\t<i aria-hidden=\"true\" class=\"fab fa-linkedin\"><\/i>\t\t\t\t\t<\/a>\n\t\t\t\t<\/span>\n\t\t\t\t\t<\/div>\n\t\t\t\t\t\t<\/div>\n\t\t\t\t<\/div>\n\t\t\t\t\t<\/div>\r\n\t\t\t\t<\/div>\r\n\t\t\t\t\t<\/div>\r\n\t\t\t\t<\/section>\r\n\t\t\t\t\t<\/div>\r\n\t\t\t\t<\/div>\r\n\t\t\t\t\t<\/div>\r\n\t\t\t\t<\/section>\r\n\t\t\t\t<\/div>\n\t\t","protected":false},"excerpt":{"rendered":"<p>Nuestra Oficina Para aquellos que buscan un dentista altamente calificado y experimentado en Miami, su b\u00fasqueda concluye aqu\u00ed. Nuestra pr\u00e1ctica se dedica a brindar una atenci\u00f3n dental incomparable, marcada por la m\u00e1xima calidad. Equipado con tecnolog\u00eda de punta y equipos de \u00faltima generaci\u00f3n, nuestro consultorio dental mantiene rigurosos protocolos de esterilizaci\u00f3n. Reconociendo que las visitas [&hellip;]<\/p>\n","protected":false},"author":1,"featured_media":0,"parent":2085,"menu_order":0,"comment_status":"closed","ping_status":"closed","template":"","meta":{"footnotes":""},"class_list":["post-2089","page","type-page","status-publish","hentry"],"yoast_head":"<!-- This site is optimized with the Yoast SEO plugin v27.2 - https:\/\/yoast.com\/product\/yoast-seo-wordpress\/ -->\n<title>Nuestra Oficina - Alvaro Ordonez, DDS<\/title>\n<meta name=\"description\" content=\"Atenci\u00f3n dental en Miami. Tecnolog\u00eda avanzada, protocolos de esterilizaci\u00f3n rigurosos y enfoque c\u00f3modo. \u00a1Programe su cita hoy!\" \/>\n<meta name=\"robots\" content=\"index, follow, max-snippet:-1, max-image-preview:large, max-video-preview:-1\" \/>\n<link rel=\"canonical\" href=\"https:\/\/alvaroordonezdds.com\/es\/nosotros\/nuestra-oficina\/\" \/>\n<meta property=\"og:locale\" content=\"es_ES\" \/>\n<meta property=\"og:type\" content=\"article\" \/>\n<meta property=\"og:title\" content=\"Nuestra Oficina - Alvaro Ordonez, DDS\" \/>\n<meta property=\"og:description\" content=\"Atenci\u00f3n dental en Miami. Tecnolog\u00eda avanzada, protocolos de esterilizaci\u00f3n rigurosos y enfoque c\u00f3modo. \u00a1Programe su cita hoy!\" \/>\n<meta property=\"og:url\" content=\"https:\/\/alvaroordonezdds.com\/es\/nosotros\/nuestra-oficina\/\" \/>\n<meta property=\"og:site_name\" content=\"Alvaro Ordonez, DDS\" \/>\n<meta property=\"article:publisher\" content=\"https:\/\/www.facebook.com\/AlvaroOrdonezDds\/\" \/>\n<meta property=\"article:modified_time\" content=\"2024-02-14T13:46:58+00:00\" \/>\n<meta property=\"og:image\" content=\"https:\/\/alvaroordonezdds.com\/wp-content\/uploads\/2023\/08\/Alvaro-Ordonez.png\" \/>\n\t<meta property=\"og:image:width\" content=\"400\" \/>\n\t<meta property=\"og:image:height\" content=\"160\" \/>\n\t<meta property=\"og:image:type\" content=\"image\/png\" \/>\n<meta name=\"twitter:card\" content=\"summary_large_image\" \/>\n<meta name=\"twitter:site\" content=\"@DrOrdonezDDS\" \/>\n<meta name=\"twitter:label1\" content=\"Tiempo de lectura\" \/>\n\t<meta name=\"twitter:data1\" content=\"2 minutos\" \/>\n<script type=\"application\/ld+json\" class=\"yoast-schema-graph\">{\"@context\":\"https:\/\/schema.org\",\"@graph\":[{\"@type\":\"WebPage\",\"@id\":\"https:\/\/alvaroordonezdds.com\/es\/nosotros\/nuestra-oficina\/\",\"url\":\"https:\/\/alvaroordonezdds.com\/es\/nosotros\/nuestra-oficina\/\",\"name\":\"Nuestra Oficina - Alvaro Ordonez, DDS\",\"isPartOf\":{\"@id\":\"https:\/\/alvaroordonezdds.com\/#website\"},\"datePublished\":\"2023-08-14T13:30:02+00:00\",\"dateModified\":\"2024-02-14T13:46:58+00:00\",\"description\":\"Atenci\u00f3n dental en Miami. Tecnolog\u00eda avanzada, protocolos de esterilizaci\u00f3n rigurosos y enfoque c\u00f3modo. \u00a1Programe su cita hoy!\",\"breadcrumb\":{\"@id\":\"https:\/\/alvaroordonezdds.com\/es\/nosotros\/nuestra-oficina\/#breadcrumb\"},\"inLanguage\":\"es\",\"potentialAction\":[{\"@type\":\"ReadAction\",\"target\":[\"https:\/\/alvaroordonezdds.com\/es\/nosotros\/nuestra-oficina\/\"]}]},{\"@type\":\"BreadcrumbList\",\"@id\":\"https:\/\/alvaroordonezdds.com\/es\/nosotros\/nuestra-oficina\/#breadcrumb\",\"itemListElement\":[{\"@type\":\"ListItem\",\"position\":1,\"name\":\"Home\",\"item\":\"https:\/\/alvaroordonezdds.com\/\"},{\"@type\":\"ListItem\",\"position\":2,\"name\":\"Nosotros\",\"item\":\"https:\/\/alvaroordonezdds.com\/es\/nosotros\/\"},{\"@type\":\"ListItem\",\"position\":3,\"name\":\"Nuestra Oficina\"}]},{\"@type\":\"WebSite\",\"@id\":\"https:\/\/alvaroordonezdds.com\/#website\",\"url\":\"https:\/\/alvaroordonezdds.com\/\",\"name\":\"Alvaro Ordonez DDS\",\"description\":\"Dental Office in Miami\",\"publisher\":{\"@id\":\"https:\/\/alvaroordonezdds.com\/#organization\"},\"potentialAction\":[{\"@type\":\"SearchAction\",\"target\":{\"@type\":\"EntryPoint\",\"urlTemplate\":\"https:\/\/alvaroordonezdds.com\/?s={search_term_string}\"},\"query-input\":{\"@type\":\"PropertyValueSpecification\",\"valueRequired\":true,\"valueName\":\"search_term_string\"}}],\"inLanguage\":\"es\"},{\"@type\":\"Organization\",\"@id\":\"https:\/\/alvaroordonezdds.com\/#organization\",\"name\":\"Alvaro Ordonez DDS\",\"url\":\"https:\/\/alvaroordonezdds.com\/\",\"logo\":{\"@type\":\"ImageObject\",\"inLanguage\":\"es\",\"@id\":\"https:\/\/alvaroordonezdds.com\/#\/schema\/logo\/image\/\",\"url\":\"https:\/\/alvaroordonezdds.com\/wp-content\/uploads\/2023\/08\/Alvaro-Ordonez.png\",\"contentUrl\":\"https:\/\/alvaroordonezdds.com\/wp-content\/uploads\/2023\/08\/Alvaro-Ordonez.png\",\"width\":400,\"height\":160,\"caption\":\"Alvaro Ordonez DDS\"},\"image\":{\"@id\":\"https:\/\/alvaroordonezdds.com\/#\/schema\/logo\/image\/\"},\"sameAs\":[\"https:\/\/www.facebook.com\/AlvaroOrdonezDds\/\",\"https:\/\/x.com\/DrOrdonezDDS\",\"https:\/\/www.instagram.com\/dralvaroordonezdds\/\",\"https:\/\/www.linkedin.com\/in\/alvaro-ordonez\/\"]}]}<\/script>\n<!-- \/ Yoast SEO plugin. -->","yoast_head_json":{"title":"Nuestra Oficina - Alvaro Ordonez, DDS","description":"Atenci\u00f3n dental en Miami. Tecnolog\u00eda avanzada, protocolos de esterilizaci\u00f3n rigurosos y enfoque c\u00f3modo. \u00a1Programe su cita hoy!","robots":{"index":"index","follow":"follow","max-snippet":"max-snippet:-1","max-image-preview":"max-image-preview:large","max-video-preview":"max-video-preview:-1"},"canonical":"https:\/\/alvaroordonezdds.com\/es\/nosotros\/nuestra-oficina\/","og_locale":"es_ES","og_type":"article","og_title":"Nuestra Oficina - Alvaro Ordonez, DDS","og_description":"Atenci\u00f3n dental en Miami. Tecnolog\u00eda avanzada, protocolos de esterilizaci\u00f3n rigurosos y enfoque c\u00f3modo. \u00a1Programe su cita hoy!","og_url":"https:\/\/alvaroordonezdds.com\/es\/nosotros\/nuestra-oficina\/","og_site_name":"Alvaro Ordonez, DDS","article_publisher":"https:\/\/www.facebook.com\/AlvaroOrdonezDds\/","article_modified_time":"2024-02-14T13:46:58+00:00","og_image":[{"width":400,"height":160,"url":"https:\/\/alvaroordonezdds.com\/wp-content\/uploads\/2023\/08\/Alvaro-Ordonez.png","type":"image\/png"}],"twitter_card":"summary_large_image","twitter_site":"@DrOrdonezDDS","twitter_misc":{"Tiempo de lectura":"2 minutos"},"schema":{"@context":"https:\/\/schema.org","@graph":[{"@type":"WebPage","@id":"https:\/\/alvaroordonezdds.com\/es\/nosotros\/nuestra-oficina\/","url":"https:\/\/alvaroordonezdds.com\/es\/nosotros\/nuestra-oficina\/","name":"Nuestra Oficina - Alvaro Ordonez, DDS","isPartOf":{"@id":"https:\/\/alvaroordonezdds.com\/#website"},"datePublished":"2023-08-14T13:30:02+00:00","dateModified":"2024-02-14T13:46:58+00:00","description":"Atenci\u00f3n dental en Miami. Tecnolog\u00eda avanzada, protocolos de esterilizaci\u00f3n rigurosos y enfoque c\u00f3modo. \u00a1Programe su cita hoy!","breadcrumb":{"@id":"https:\/\/alvaroordonezdds.com\/es\/nosotros\/nuestra-oficina\/#breadcrumb"},"inLanguage":"es","potentialAction":[{"@type":"ReadAction","target":["https:\/\/alvaroordonezdds.com\/es\/nosotros\/nuestra-oficina\/"]}]},{"@type":"BreadcrumbList","@id":"https:\/\/alvaroordonezdds.com\/es\/nosotros\/nuestra-oficina\/#breadcrumb","itemListElement":[{"@type":"ListItem","position":1,"name":"Home","item":"https:\/\/alvaroordonezdds.com\/"},{"@type":"ListItem","position":2,"name":"Nosotros","item":"https:\/\/alvaroordonezdds.com\/es\/nosotros\/"},{"@type":"ListItem","position":3,"name":"Nuestra Oficina"}]},{"@type":"WebSite","@id":"https:\/\/alvaroordonezdds.com\/#website","url":"https:\/\/alvaroordonezdds.com\/","name":"Alvaro Ordonez DDS","description":"Dental Office in Miami","publisher":{"@id":"https:\/\/alvaroordonezdds.com\/#organization"},"potentialAction":[{"@type":"SearchAction","target":{"@type":"EntryPoint","urlTemplate":"https:\/\/alvaroordonezdds.com\/?s={search_term_string}"},"query-input":{"@type":"PropertyValueSpecification","valueRequired":true,"valueName":"search_term_string"}}],"inLanguage":"es"},{"@type":"Organization","@id":"https:\/\/alvaroordonezdds.com\/#organization","name":"Alvaro Ordonez DDS","url":"https:\/\/alvaroordonezdds.com\/","logo":{"@type":"ImageObject","inLanguage":"es","@id":"https:\/\/alvaroordonezdds.com\/#\/schema\/logo\/image\/","url":"https:\/\/alvaroordonezdds.com\/wp-content\/uploads\/2023\/08\/Alvaro-Ordonez.png","contentUrl":"https:\/\/alvaroordonezdds.com\/wp-content\/uploads\/2023\/08\/Alvaro-Ordonez.png","width":400,"height":160,"caption":"Alvaro Ordonez DDS"},"image":{"@id":"https:\/\/alvaroordonezdds.com\/#\/schema\/logo\/image\/"},"sameAs":["https:\/\/www.facebook.com\/AlvaroOrdonezDds\/","https:\/\/x.com\/DrOrdonezDDS","https:\/\/www.instagram.com\/dralvaroordonezdds\/","https:\/\/www.linkedin.com\/in\/alvaro-ordonez\/"]}]}},"jetpack_sharing_enabled":true,"_links":{"self":[{"href":"https:\/\/alvaroordonezdds.com\/es\/wp-json\/wp\/v2\/pages\/2089","targetHints":{"allow":["GET"]}}],"collection":[{"href":"https:\/\/alvaroordonezdds.com\/es\/wp-json\/wp\/v2\/pages"}],"about":[{"href":"https:\/\/alvaroordonezdds.com\/es\/wp-json\/wp\/v2\/types\/page"}],"author":[{"embeddable":true,"href":"https:\/\/alvaroordonezdds.com\/es\/wp-json\/wp\/v2\/users\/1"}],"replies":[{"embeddable":true,"href":"https:\/\/alvaroordonezdds.com\/es\/wp-json\/wp\/v2\/comments?post=2089"}],"version-history":[{"count":20,"href":"https:\/\/alvaroordonezdds.com\/es\/wp-json\/wp\/v2\/pages\/2089\/revisions"}],"predecessor-version":[{"id":6083,"href":"https:\/\/alvaroordonezdds.com\/es\/wp-json\/wp\/v2\/pages\/2089\/revisions\/6083"}],"up":[{"embeddable":true,"href":"https:\/\/alvaroordonezdds.com\/es\/wp-json\/wp\/v2\/pages\/2085"}],"wp:attachment":[{"href":"https:\/\/alvaroordonezdds.com\/es\/wp-json\/wp\/v2\/media?parent=2089"}],"curies":[{"name":"wp","href":"https:\/\/api.w.org\/{rel}","templated":true}]}}