{"id":2109,"date":"2023-08-18T10:16:48","date_gmt":"2023-08-18T14:16:48","guid":{"rendered":"http:\/\/kkc.wig.mybluehost.me\/for-doctors\/refer-a-tmj-patient\/"},"modified":"2024-07-25T12:50:01","modified_gmt":"2024-07-25T16:50:01","slug":"referir-a-un-paciente-de-tmj","status":"publish","type":"page","link":"https:\/\/alvaroordonezdds.com\/es\/para-doctores\/referir-a-un-paciente-de-tmj\/","title":{"rendered":"Referir a un Paciente de TMJ"},"content":{"rendered":"\t\t<div data-elementor-type=\"wp-page\" data-elementor-id=\"2109\" class=\"elementor elementor-2109 elementor-1942\">\n\t\t\t\t\t\t<section class=\"elementor-section elementor-top-section elementor-element elementor-element-97912f7 elementor-section-full_width elementor-section-stretched elementor-section-height-default elementor-section-height-default\" data-id=\"97912f7\" data-element_type=\"section\" data-settings=\"{&quot;stretch_section&quot;:&quot;section-stretched&quot;}\">\r\n\t\t\r\n\t\t\t\t\t\t\t<div class=\"elementor-container elementor-column-gap-no porto-ibanner\">\r\n\t\t\t\t<img fetchpriority=\"high\" decoding=\"async\" src=\"https:\/\/alvaroordonezdds.com\/wp-content\/uploads\/2023\/08\/Refer-a-TMJ-Patient-Alvaro-Ordonez.jpg\" alt=\"Refer a TMJ Patient - Alvaro Ordonez\" width=\"1900\" height=\"500\" class=\"porto-ibanner-img\" srcset=\"https:\/\/alvaroordonezdds.com\/wp-content\/uploads\/2023\/08\/Refer-a-TMJ-Patient-Alvaro-Ordonez.jpg 1900w, https:\/\/alvaroordonezdds.com\/wp-content\/uploads\/2023\/08\/Refer-a-TMJ-Patient-Alvaro-Ordonez-1024x269.jpg 1024w, https:\/\/alvaroordonezdds.com\/wp-content\/uploads\/2023\/08\/Refer-a-TMJ-Patient-Alvaro-Ordonez-768x202.jpg 768w, https:\/\/alvaroordonezdds.com\/wp-content\/uploads\/2023\/08\/Refer-a-TMJ-Patient-Alvaro-Ordonez-1536x404.jpg 1536w, https:\/\/alvaroordonezdds.com\/wp-content\/uploads\/2023\/08\/Refer-a-TMJ-Patient-Alvaro-Ordonez-640x168.jpg 640w, https:\/\/alvaroordonezdds.com\/wp-content\/uploads\/2023\/08\/Refer-a-TMJ-Patient-Alvaro-Ordonez-400x105.jpg 400w\" sizes=\"(max-width: 1900px) 100vw, 1900px\">\t\t\t\t\t\t\t<div class=\"elementor-column elementor-col-100 elementor-top-column elementor-element elementor-element-42d571b0\" data-id=\"42d571b0\" data-element_type=\"column\">\r\n\t\t\t\t\t<div class=\"elementor-widget-wrap\">\r\n\t\t\t\t\t\t\t\t\t<\/div>\r\n\t\t\t\t<\/div>\r\n\t\t\t\t\t<\/div>\r\n\t\t\t\t<\/section>\r\n\t\t\t\t<section class=\"elementor-section elementor-top-section elementor-element elementor-element-50f2f42d elementor-section-boxed elementor-section-height-default elementor-section-height-default\" data-id=\"50f2f42d\" data-element_type=\"section\">\r\n\t\t\r\n\t\t\t\t\t\t\t<div class=\"elementor-container elementor-column-gap-default\">\r\n\t\t\t\t\t\t\t\t\t\t\t<div class=\"elementor-column elementor-col-100 elementor-top-column elementor-element elementor-element-6f71d5fb\" data-id=\"6f71d5fb\" data-element_type=\"column\">\r\n\t\t\t\t\t<div class=\"elementor-widget-wrap elementor-element-populated\">\r\n\t\t\t\t\t\t\t\t<div class=\"elementor-element elementor-element-29da3e4b elementor-widget elementor-widget-spacer\" data-id=\"29da3e4b\" data-element_type=\"widget\" data-widget_type=\"spacer.default\">\n\t\t\t\t<div class=\"elementor-widget-container\">\n\t\t\t\t\t\t\t<div class=\"elementor-spacer\">\n\t\t\t<div class=\"elementor-spacer-inner\"><\/div>\n\t\t<\/div>\n\t\t\t\t\t\t<\/div>\n\t\t\t\t<\/div>\n\t\t\t\t\t<\/div>\r\n\t\t\t\t<\/div>\r\n\t\t\t\t\t<\/div>\r\n\t\t\t\t<\/section>\r\n\t\t\t\t<section class=\"elementor-section elementor-top-section elementor-element elementor-element-596a2c74 elementor-section-boxed elementor-section-height-default elementor-section-height-default\" data-id=\"596a2c74\" data-element_type=\"section\">\r\n\t\t\r\n\t\t\t\t\t\t\t<div class=\"elementor-container elementor-column-gap-default\">\r\n\t\t\t\t\t\t\t\t\t\t\t<div class=\"elementor-column elementor-col-100 elementor-top-column elementor-element elementor-element-475f6a1b\" data-id=\"475f6a1b\" data-element_type=\"column\">\r\n\t\t\t\t\t<div class=\"elementor-widget-wrap elementor-element-populated\">\r\n\t\t\t\t\t\t\t\t<div class=\"elementor-element elementor-element-325410d9 elementor-widget elementor-widget-porto_ultimate_heading\" data-id=\"325410d9\" data-element_type=\"widget\" data-widget_type=\"porto_ultimate_heading.default\">\n\t\t\t\t<div class=\"elementor-widget-container\">\n\t\t\t\t\t<div class=\"porto-u-heading  porto-u-55ca8359258f9a412be7e73af65d2aac\"><div class=\"porto-u-main-heading\"><h1 data-plugin-animated-letters data-plugin-options=\"{&quot;startDelay&quot;:0,&quot;minWindowWidth&quot;:0,&quot;animationName&quot;:&quot;fadeIn&quot;}\"  >Paciente con dolor orofacial<\/h1><\/div><style>.porto-u-55ca8359258f9a412be7e73af65d2aac.porto-u-heading{text-align:center}<\/style><\/div>\t\t\t\t<\/div>\n\t\t\t\t<\/div>\n\t\t\t\t<section class=\"elementor-section elementor-inner-section elementor-element elementor-element-7795fc39 elementor-section-boxed elementor-section-height-default elementor-section-height-default\" data-id=\"7795fc39\" data-element_type=\"section\">\r\n\t\t\r\n\t\t\t\t\t\t\t<div class=\"elementor-container elementor-column-gap-default\">\r\n\t\t\t\t\t\t\t\t\t\t\t<div class=\"elementor-column elementor-col-50 elementor-inner-column elementor-element elementor-element-b79789c\" data-id=\"b79789c\" data-element_type=\"column\">\r\n\t\t\t\t\t<div class=\"elementor-widget-wrap elementor-element-populated\">\r\n\t\t\t\t\t\t\t\t<div class=\"elementor-element elementor-element-21ea7619 animated-slow elementor-invisible elementor-widget elementor-widget-text-editor\" data-id=\"21ea7619\" data-element_type=\"widget\" data-settings=\"{&quot;_animation&quot;:&quot;fadeIn&quot;}\" data-widget_type=\"text-editor.default\">\n\t\t\t\t<div class=\"elementor-widget-container\">\n\t\t\t\t\t\t\t\t\t<ul><li><a href=\"https:\/\/alvaroordonezdds.com\/wp-content\/uploads\/2023\/08\/TMJ-Referral-Form.pdf\" target=\"_blank\" rel=\"noopener\">Formulario de Referencia de TMJ\/Dolor Orofacial<\/a><\/li><li><a href=\"https:\/\/alvaroordonezdds.com\/\/wp-content\/uploads\/2023\/08\/Discomfort-Scale.pdf\" target=\"_blank\" rel=\"noopener\">Escala de Incomodidad<\/a><\/li><li><a href=\"https:\/\/alvaroordonezdds.com\/wp-content\/uploads\/2023\/08\/Discomfort-Scale-Spanish.pdf\" target=\"_blank\" rel=\"noopener\">Escala de Incomodidad (en espa\u00f1ol)<\/a><\/li><\/ul><p>Somos un centro integral de ATM, dolor local orofacial y trastornos dentales del sue\u00f1o.<\/p><p>Muchos de los pacientes que se tratan pueden presentar este tipo de trastornos debido a diferentes factores que incluyen el estr\u00e9s (ansiedad y\/o depresi\u00f3n), la maloclusi\u00f3n, los traumas y los h\u00e1bitos parafuncionales como el apretamiento y el bruxismo. Otros factores son la mala mec\u00e1nica corporal y los problemas neurol\u00f3gicos. Pueden quejarse de alguno o todos los siguientes s\u00edntomas: chasquidos\/chirridos, ruidos en las articulaciones de la mand\u00edbula, dolor facial y de cuello, dolores de cabeza, zumbidos en los o\u00eddos y tinnitus, entre otros. Estos s\u00edntomas afectar\u00e1n profundamente la calidad de vida de los pacientes. Pueden imitar otras aflicciones y pueden ser dif\u00edciles de diagnosticar y manejar.<\/p><p>Disfrutamos especialmente trabajar con pacientes que han sido diagnosticados con neuralgia del trig\u00e9mino y, si bien nos esforzamos por trabajar en asociaci\u00f3n con su neur\u00f3logo, implementamos estrategias de tratamiento que limpian signos y s\u00edntomas adicionales que no son de naturaleza neurop\u00e1tica, disminuyendo muy a menudo la intensidad y la frecuencia del dolor general, mejorando el tratamiento espec\u00edfico relacionado con la neuralgia.<\/p><p>Nuestro tratamiento suele consistir en f\u00e9rulas y placas de mordida que fabricamos a medida para adaptarnos a las necesidades biomec\u00e1nicas individuales de cada paciente. El objetivo del uso de la f\u00e9rula es restablecer el equilibrio de la mordida, la posici\u00f3n mandibular tridimensional adecuada que se desplaza con frecuencia en este tipo de pacientes. Tambi\u00e9n est\u00e1 destinado a mejorar y restaurar la mec\u00e1nica y el vector de fuerzas que generalmente se ven afectadas cuando los dientes est\u00e1n en contacto durante los episodios funcionales. Las f\u00e9rulas tambi\u00e9n evitar\u00e1n da\u00f1os en los dientes y las estructuras asociadas.<\/p><p>Realmente creemos que el tratamiento conservador personalizado para los trastornos temporomandibulares puede mejorar la mayor\u00eda de los s\u00edntomas que afectan a muchos de sus pacientes cotidianos. Un gran n\u00famero de la poblaci\u00f3n que es tratada diariamente con fines m\u00e9dicos presenta h\u00e1bitos no diagnosticados de origen dental que pueden afectar el cuello, la cabeza, las orejas y los diferentes m\u00fasculos (incluidos los m\u00fasculos de la parte baja de la espalda), debido a un efecto domin\u00f3 relacionado principalmente con las conexiones craneocervicales suprahioideos e infrahioideas de la mand\u00edbula.<\/p><p>El cribado de estos pacientes es sencillo y no lleva mucho tiempo. Arriba est\u00e1 el formulario de escala de malestar que puede agregar al paquete que le da a su paciente en su primera visita. Tardar\u00e1n dos minutos en completarse. Si los valores en el formulario son altos, entonces hay posibilidades de que su paciente est\u00e9 sufriendo una complicaci\u00f3n relacionada con la ATM. Podr\u00e1 detectar signos y s\u00edntomas sutiles y ayudar a su paciente con su problema espec\u00edfico, mejorando el alcance de su terapia.<\/p><p>Nuestro centro tambi\u00e9n trata a pacientes que sufren de apnea obstructiva del sue\u00f1o y ronquidos. Nuestra f\u00e9rula de avance mandibular deposita la mand\u00edbula para mejorar las v\u00edas respiratorias evitando la obstrucci\u00f3n mientras duerme. Tambi\u00e9n evita que los tejidos de las v\u00edas respiratorias superiores vibren a medida que el aire pasa sobre ellos, que es la principal causa de los ronquidos.<\/p><p>Nos gustar\u00eda poder trabajar con usted. \u00a1Trabajar juntos aumentar\u00e1 las posibilidades de que estos pacientes mejoren! Cuando remita a un paciente a nuestra oficina, recibir\u00e1 un informe completo con nuestros hallazgos y sugerencias. Puede estar seguro de que su paciente ser\u00e1 tratado en un entorno especialmente dise\u00f1ado y dedicado a este campo de la odontolog\u00eda.<\/p>\t\t\t\t\t\t\t\t<\/div>\n\t\t\t\t<\/div>\n\t\t\t\t\t<\/div>\r\n\t\t\t\t<\/div>\r\n\t\t\t\t<div class=\"elementor-column elementor-col-50 elementor-inner-column elementor-element elementor-element-a7d1dd2\" data-id=\"a7d1dd2\" data-element_type=\"column\">\r\n\t\t\t\t\t<div class=\"elementor-widget-wrap elementor-element-populated\">\r\n\t\t\t\t\t\t\t\t<div class=\"elementor-element elementor-element-55d05c3 elementor-widget elementor-widget-porto_ultimate_heading\" data-id=\"55d05c3\" data-element_type=\"widget\" data-widget_type=\"porto_ultimate_heading.default\">\n\t\t\t\t<div class=\"elementor-widget-container\">\n\t\t\t\t\t<div class=\"porto-u-heading  porto-u-55ca8359258f9a412be7e73af65d2aac\"><div class=\"porto-u-main-heading\"><h4   >Informaci\u00f3n Adicional<\/h4><\/div><style>.porto-u-55ca8359258f9a412be7e73af65d2aac.porto-u-heading{text-align:center}<\/style><\/div>\t\t\t\t<\/div>\n\t\t\t\t<\/div>\n\t\t\t\t<div class=\"elementor-element elementor-element-fc8a624 eael_simple_menu_hamburger_disable_selected_menu_no eael-simple-menu-hamburger-align-right eael-hamburger--tablet elementor-widget elementor-widget-eael-simple-menu\" data-id=\"fc8a624\" data-element_type=\"widget\" data-widget_type=\"eael-simple-menu.default\">\n\t\t\t\t<div class=\"elementor-widget-container\">\n\t\t\t\t\t<style>\n                        @media screen and (max-width: 991px) {\n                            .eael-hamburger--tablet {\n                                .eael-simple-menu-horizontal,\n                                .eael-simple-menu-vertical {\n                                    display: none;\n                                }\n                            }\n                            .eael-hamburger--tablet {\n                                .eael-simple-menu-container .eael-simple-menu-toggle {\n                                    display: block;\n                                }\n                            }\n                        }\n                    <\/style>            <div data-hamburger-icon=\"&lt;i aria-hidden=&quot;true&quot; class=&quot;fas fa-bars&quot;&gt;&lt;\/i&gt;\" data-indicator-icon=\"&lt;i aria-hidden=&quot;true&quot; class=&quot;fas fa-angle-down&quot;&gt;&lt;\/i&gt;\" data-dropdown-indicator-icon=\"&lt;i class=&quot;fas fa-angle-down&quot;&gt;&lt;\/i&gt;\" class=\"eael-simple-menu-container eael-simple-menu-align-left eael-simple-menu-dropdown-align-left preset-2\" data-hamburger-breakpoints=\"{&quot;mobile&quot;:&quot;M\\u00f3vil vertical (&gt; 767px)&quot;,&quot;tablet&quot;:&quot;Tableta vertical (&gt; 991px)&quot;,&quot;desktop&quot;:&quot;Escritorio (&gt; 2400px)&quot;,&quot;none&quot;:&quot;Ninguno&quot;}\" data-hamburger-device=\"tablet\">\n                <ul id=\"menu-informacion-adicional\" class=\"eael-simple-menu eael-simple-menu-dropdown-animate-to-top eael-simple-menu-indicator eael-simple-menu-vertical\"><li id=\"menu-item-4785\" class=\"menu-item menu-item-type-post_type menu-item-object-page menu-item-4785\"><a href=\"https:\/\/alvaroordonezdds.com\/es\/para-doctores\/referir-a-un-paciente-de-tmj\/\">Referir a un Paciente de TMJ<\/a><\/li>\n<li id=\"menu-item-4784\" class=\"menu-item menu-item-type-post_type menu-item-object-page menu-item-4784\"><a href=\"https:\/\/alvaroordonezdds.com\/es\/para-doctores\/cursos-de-implantes-dentales\/\">Cursos de Implantes Dentales<\/a><\/li>\n<\/ul>                <button class=\"eael-simple-menu-toggle\">\n                    <span class=\"sr-only \">Men\u00fa conmutador hamburguesa<\/span>\n                    <i aria-hidden=\"true\" class=\"fas fa-bars\"><\/i>                <\/button>\n            <\/div>\n            \t\t\t\t<\/div>\n\t\t\t\t<\/div>\n\t\t\t\t<div class=\"elementor-element elementor-element-aad397d elementor-widget elementor-widget-text-editor\" data-id=\"aad397d\" data-element_type=\"widget\" data-widget_type=\"text-editor.default\">\n\t\t\t\t<div class=\"elementor-widget-container\">\n\t\t\t\t\t\t\t\t\t<h4 align=\"center\">Nuestra Ubicaci\u00f3n<\/h4>\n<p>\t<span>7741 SW 62nd Ave<\/span><br>\n\t<span>South Miami<\/span><span>,<\/span> <span>FL<\/span> <span>33143<\/span><br>\t<span><a aria-label=\"Click to Call\" href=\"tel:+1 (305) 666-3824\">(305) 666-3824<\/a><\/span><br><\/p>\t\t\t\t\t\t\t\t<\/div>\n\t\t\t\t<\/div>\n\t\t\t\t<div class=\"elementor-element elementor-element-e79085d elementor-widget elementor-widget-text-editor\" data-id=\"e79085d\" data-element_type=\"widget\" data-widget_type=\"text-editor.default\">\n\t\t\t\t<div class=\"elementor-widget-container\">\n\t\t\t\t\t\t\t\t\t<h4 align=\"center\">S\u00edguenos<\/h4>\n\t\t\t\t\t\t\t\t<\/div>\n\t\t\t\t<\/div>\n\t\t\t\t<div class=\"elementor-element elementor-element-6ac5ec4 elementor-shape-rounded elementor-grid-0 e-grid-align-center elementor-widget elementor-widget-social-icons\" data-id=\"6ac5ec4\" data-element_type=\"widget\" data-widget_type=\"social-icons.default\">\n\t\t\t\t<div class=\"elementor-widget-container\">\n\t\t\t\t\t\t\t<div class=\"elementor-social-icons-wrapper elementor-grid\" role=\"list\">\n\t\t\t\t\t\t\t<span class=\"elementor-grid-item\" role=\"listitem\">\n\t\t\t\t\t<a class=\"elementor-icon elementor-social-icon elementor-social-icon-facebook elementor-animation-shrink elementor-repeater-item-d3aeeb9\" href=\"https:\/\/www.facebook.com\/AlvaroOrdonezDds\/\" target=\"_blank\">\n\t\t\t\t\t\t<span class=\"elementor-screen-only\">Facebook<\/span>\n\t\t\t\t\t\t<i aria-hidden=\"true\" class=\"fab fa-facebook\"><\/i>\t\t\t\t\t<\/a>\n\t\t\t\t<\/span>\n\t\t\t\t\t\t\t<span class=\"elementor-grid-item\" role=\"listitem\">\n\t\t\t\t\t<a class=\"elementor-icon elementor-social-icon elementor-social-icon-twitter elementor-animation-shrink elementor-repeater-item-0345674\" href=\"https:\/\/twitter.com\/DrOrdonezDDS\" target=\"_blank\">\n\t\t\t\t\t\t<span class=\"elementor-screen-only\">Twitter<\/span>\n\t\t\t\t\t\t<i aria-hidden=\"true\" class=\"fab fa-twitter\"><\/i>\t\t\t\t\t<\/a>\n\t\t\t\t<\/span>\n\t\t\t\t\t\t\t<span class=\"elementor-grid-item\" role=\"listitem\">\n\t\t\t\t\t<a class=\"elementor-icon elementor-social-icon elementor-social-icon-instagram elementor-animation-shrink elementor-repeater-item-5d29ac9\" href=\"https:\/\/www.instagram.com\/dralvaroordonezdds\/\" target=\"_blank\">\n\t\t\t\t\t\t<span class=\"elementor-screen-only\">Instagram<\/span>\n\t\t\t\t\t\t<i aria-hidden=\"true\" class=\"fab fa-instagram\"><\/i>\t\t\t\t\t<\/a>\n\t\t\t\t<\/span>\n\t\t\t\t\t\t\t<span class=\"elementor-grid-item\" role=\"listitem\">\n\t\t\t\t\t<a class=\"elementor-icon elementor-social-icon elementor-social-icon-linkedin elementor-animation-shrink elementor-repeater-item-51eda4a\" href=\"https:\/\/www.linkedin.com\/in\/alvaro-ordonez\/\" target=\"_blank\">\n\t\t\t\t\t\t<span class=\"elementor-screen-only\">Linkedin<\/span>\n\t\t\t\t\t\t<i aria-hidden=\"true\" class=\"fab fa-linkedin\"><\/i>\t\t\t\t\t<\/a>\n\t\t\t\t<\/span>\n\t\t\t\t\t<\/div>\n\t\t\t\t\t\t<\/div>\n\t\t\t\t<\/div>\n\t\t\t\t\t<\/div>\r\n\t\t\t\t<\/div>\r\n\t\t\t\t\t<\/div>\r\n\t\t\t\t<\/section>\r\n\t\t\t\t\t<\/div>\r\n\t\t\t\t<\/div>\r\n\t\t\t\t\t<\/div>\r\n\t\t\t\t<\/section>\r\n\t\t\t\t<\/div>\n\t\t","protected":false},"excerpt":{"rendered":"<p>Paciente con dolor orofacial Formulario de Referencia de TMJ\/Dolor Orofacial Escala de Incomodidad Escala de Incomodidad (en espa\u00f1ol) Somos un centro integral de ATM, dolor local orofacial y trastornos dentales del sue\u00f1o. Muchos de los pacientes que se tratan pueden presentar este tipo de trastornos debido a diferentes factores que incluyen el estr\u00e9s (ansiedad y\/o [&hellip;]<\/p>\n","protected":false},"author":1,"featured_media":0,"parent":2107,"menu_order":0,"comment_status":"closed","ping_status":"closed","template":"","meta":{"footnotes":""},"class_list":["post-2109","page","type-page","status-publish","hentry"],"yoast_head":"<!-- This site is optimized with the Yoast SEO plugin v27.2 - https:\/\/yoast.com\/product\/yoast-seo-wordpress\/ -->\n<title>Referir a un Paciente de TMJ - Alvaro Ordonez, DDS<\/title>\n<meta name=\"description\" content=\"Refiere tu paciente de TMJ\/Dolor Orofacial. Tratamientos personalizados. \u00a1Trabajemos juntos por el bienestar de sus pacientes!\" \/>\n<meta name=\"robots\" content=\"index, follow, max-snippet:-1, max-image-preview:large, max-video-preview:-1\" \/>\n<link rel=\"canonical\" href=\"https:\/\/alvaroordonezdds.com\/for-doctors\/refer-tmj-patient\/\" \/>\n<meta property=\"og:locale\" content=\"es_ES\" \/>\n<meta property=\"og:type\" content=\"article\" \/>\n<meta property=\"og:title\" content=\"Referir a un Paciente de TMJ - Alvaro Ordonez, DDS\" \/>\n<meta property=\"og:description\" content=\"Refiere tu paciente de TMJ\/Dolor Orofacial. Tratamientos personalizados. \u00a1Trabajemos juntos por el bienestar de sus pacientes!\" \/>\n<meta property=\"og:url\" content=\"https:\/\/alvaroordonezdds.com\/for-doctors\/refer-tmj-patient\/\" \/>\n<meta property=\"og:site_name\" content=\"Alvaro Ordonez, DDS\" \/>\n<meta property=\"article:publisher\" content=\"https:\/\/www.facebook.com\/AlvaroOrdonezDds\/\" \/>\n<meta property=\"article:modified_time\" content=\"2024-07-25T16:50:01+00:00\" \/>\n<meta property=\"og:image\" content=\"https:\/\/alvaroordonezdds.com\/wp-content\/uploads\/2023\/08\/Alvaro-Ordonez.png\" \/>\n\t<meta property=\"og:image:width\" content=\"400\" \/>\n\t<meta property=\"og:image:height\" content=\"160\" \/>\n\t<meta property=\"og:image:type\" content=\"image\/png\" \/>\n<meta name=\"twitter:card\" content=\"summary_large_image\" \/>\n<meta name=\"twitter:site\" content=\"@DrOrdonezDDS\" \/>\n<meta name=\"twitter:label1\" content=\"Tiempo de lectura\" \/>\n\t<meta name=\"twitter:data1\" content=\"3 minutos\" \/>\n<script type=\"application\/ld+json\" class=\"yoast-schema-graph\">{\"@context\":\"https:\/\/schema.org\",\"@graph\":[{\"@type\":\"WebPage\",\"@id\":\"https:\/\/alvaroordonezdds.com\/for-doctors\/refer-tmj-patient\/\",\"url\":\"https:\/\/alvaroordonezdds.com\/for-doctors\/refer-tmj-patient\/\",\"name\":\"Referir a un Paciente de TMJ - Alvaro Ordonez, DDS\",\"isPartOf\":{\"@id\":\"https:\/\/alvaroordonezdds.com\/#website\"},\"datePublished\":\"2023-08-18T14:16:48+00:00\",\"dateModified\":\"2024-07-25T16:50:01+00:00\",\"description\":\"Refiere tu paciente de TMJ\/Dolor Orofacial. Tratamientos personalizados. \u00a1Trabajemos juntos por el bienestar de sus pacientes!\",\"breadcrumb\":{\"@id\":\"https:\/\/alvaroordonezdds.com\/for-doctors\/refer-tmj-patient\/#breadcrumb\"},\"inLanguage\":\"es\",\"potentialAction\":[{\"@type\":\"ReadAction\",\"target\":[\"https:\/\/alvaroordonezdds.com\/for-doctors\/refer-tmj-patient\/\"]}]},{\"@type\":\"BreadcrumbList\",\"@id\":\"https:\/\/alvaroordonezdds.com\/for-doctors\/refer-tmj-patient\/#breadcrumb\",\"itemListElement\":[{\"@type\":\"ListItem\",\"position\":1,\"name\":\"Home\",\"item\":\"https:\/\/alvaroordonezdds.com\/\"},{\"@type\":\"ListItem\",\"position\":2,\"name\":\"Para Doctores\",\"item\":\"https:\/\/alvaroordonezdds.com\/es\/para-doctores\/\"},{\"@type\":\"ListItem\",\"position\":3,\"name\":\"Referir a un Paciente de TMJ\"}]},{\"@type\":\"WebSite\",\"@id\":\"https:\/\/alvaroordonezdds.com\/#website\",\"url\":\"https:\/\/alvaroordonezdds.com\/\",\"name\":\"Alvaro Ordonez DDS\",\"description\":\"Dental Office in Miami\",\"publisher\":{\"@id\":\"https:\/\/alvaroordonezdds.com\/#organization\"},\"potentialAction\":[{\"@type\":\"SearchAction\",\"target\":{\"@type\":\"EntryPoint\",\"urlTemplate\":\"https:\/\/alvaroordonezdds.com\/?s={search_term_string}\"},\"query-input\":{\"@type\":\"PropertyValueSpecification\",\"valueRequired\":true,\"valueName\":\"search_term_string\"}}],\"inLanguage\":\"es\"},{\"@type\":\"Organization\",\"@id\":\"https:\/\/alvaroordonezdds.com\/#organization\",\"name\":\"Alvaro Ordonez DDS\",\"url\":\"https:\/\/alvaroordonezdds.com\/\",\"logo\":{\"@type\":\"ImageObject\",\"inLanguage\":\"es\",\"@id\":\"https:\/\/alvaroordonezdds.com\/#\/schema\/logo\/image\/\",\"url\":\"https:\/\/alvaroordonezdds.com\/wp-content\/uploads\/2023\/08\/Alvaro-Ordonez.png\",\"contentUrl\":\"https:\/\/alvaroordonezdds.com\/wp-content\/uploads\/2023\/08\/Alvaro-Ordonez.png\",\"width\":400,\"height\":160,\"caption\":\"Alvaro Ordonez DDS\"},\"image\":{\"@id\":\"https:\/\/alvaroordonezdds.com\/#\/schema\/logo\/image\/\"},\"sameAs\":[\"https:\/\/www.facebook.com\/AlvaroOrdonezDds\/\",\"https:\/\/x.com\/DrOrdonezDDS\",\"https:\/\/www.instagram.com\/dralvaroordonezdds\/\",\"https:\/\/www.linkedin.com\/in\/alvaro-ordonez\/\"]}]}<\/script>\n<!-- \/ Yoast SEO plugin. -->","yoast_head_json":{"title":"Referir a un Paciente de TMJ - Alvaro Ordonez, DDS","description":"Refiere tu paciente de TMJ\/Dolor Orofacial. Tratamientos personalizados. \u00a1Trabajemos juntos por el bienestar de sus pacientes!","robots":{"index":"index","follow":"follow","max-snippet":"max-snippet:-1","max-image-preview":"max-image-preview:large","max-video-preview":"max-video-preview:-1"},"canonical":"https:\/\/alvaroordonezdds.com\/for-doctors\/refer-tmj-patient\/","og_locale":"es_ES","og_type":"article","og_title":"Referir a un Paciente de TMJ - Alvaro Ordonez, DDS","og_description":"Refiere tu paciente de TMJ\/Dolor Orofacial. Tratamientos personalizados. \u00a1Trabajemos juntos por el bienestar de sus pacientes!","og_url":"https:\/\/alvaroordonezdds.com\/for-doctors\/refer-tmj-patient\/","og_site_name":"Alvaro Ordonez, DDS","article_publisher":"https:\/\/www.facebook.com\/AlvaroOrdonezDds\/","article_modified_time":"2024-07-25T16:50:01+00:00","og_image":[{"width":400,"height":160,"url":"https:\/\/alvaroordonezdds.com\/wp-content\/uploads\/2023\/08\/Alvaro-Ordonez.png","type":"image\/png"}],"twitter_card":"summary_large_image","twitter_site":"@DrOrdonezDDS","twitter_misc":{"Tiempo de lectura":"3 minutos"},"schema":{"@context":"https:\/\/schema.org","@graph":[{"@type":"WebPage","@id":"https:\/\/alvaroordonezdds.com\/for-doctors\/refer-tmj-patient\/","url":"https:\/\/alvaroordonezdds.com\/for-doctors\/refer-tmj-patient\/","name":"Referir a un Paciente de TMJ - Alvaro Ordonez, DDS","isPartOf":{"@id":"https:\/\/alvaroordonezdds.com\/#website"},"datePublished":"2023-08-18T14:16:48+00:00","dateModified":"2024-07-25T16:50:01+00:00","description":"Refiere tu paciente de TMJ\/Dolor Orofacial. Tratamientos personalizados. \u00a1Trabajemos juntos por el bienestar de sus pacientes!","breadcrumb":{"@id":"https:\/\/alvaroordonezdds.com\/for-doctors\/refer-tmj-patient\/#breadcrumb"},"inLanguage":"es","potentialAction":[{"@type":"ReadAction","target":["https:\/\/alvaroordonezdds.com\/for-doctors\/refer-tmj-patient\/"]}]},{"@type":"BreadcrumbList","@id":"https:\/\/alvaroordonezdds.com\/for-doctors\/refer-tmj-patient\/#breadcrumb","itemListElement":[{"@type":"ListItem","position":1,"name":"Home","item":"https:\/\/alvaroordonezdds.com\/"},{"@type":"ListItem","position":2,"name":"Para Doctores","item":"https:\/\/alvaroordonezdds.com\/es\/para-doctores\/"},{"@type":"ListItem","position":3,"name":"Referir a un Paciente de TMJ"}]},{"@type":"WebSite","@id":"https:\/\/alvaroordonezdds.com\/#website","url":"https:\/\/alvaroordonezdds.com\/","name":"Alvaro Ordonez DDS","description":"Dental Office in Miami","publisher":{"@id":"https:\/\/alvaroordonezdds.com\/#organization"},"potentialAction":[{"@type":"SearchAction","target":{"@type":"EntryPoint","urlTemplate":"https:\/\/alvaroordonezdds.com\/?s={search_term_string}"},"query-input":{"@type":"PropertyValueSpecification","valueRequired":true,"valueName":"search_term_string"}}],"inLanguage":"es"},{"@type":"Organization","@id":"https:\/\/alvaroordonezdds.com\/#organization","name":"Alvaro Ordonez DDS","url":"https:\/\/alvaroordonezdds.com\/","logo":{"@type":"ImageObject","inLanguage":"es","@id":"https:\/\/alvaroordonezdds.com\/#\/schema\/logo\/image\/","url":"https:\/\/alvaroordonezdds.com\/wp-content\/uploads\/2023\/08\/Alvaro-Ordonez.png","contentUrl":"https:\/\/alvaroordonezdds.com\/wp-content\/uploads\/2023\/08\/Alvaro-Ordonez.png","width":400,"height":160,"caption":"Alvaro Ordonez DDS"},"image":{"@id":"https:\/\/alvaroordonezdds.com\/#\/schema\/logo\/image\/"},"sameAs":["https:\/\/www.facebook.com\/AlvaroOrdonezDds\/","https:\/\/x.com\/DrOrdonezDDS","https:\/\/www.instagram.com\/dralvaroordonezdds\/","https:\/\/www.linkedin.com\/in\/alvaro-ordonez\/"]}]}},"jetpack_sharing_enabled":true,"_links":{"self":[{"href":"https:\/\/alvaroordonezdds.com\/es\/wp-json\/wp\/v2\/pages\/2109","targetHints":{"allow":["GET"]}}],"collection":[{"href":"https:\/\/alvaroordonezdds.com\/es\/wp-json\/wp\/v2\/pages"}],"about":[{"href":"https:\/\/alvaroordonezdds.com\/es\/wp-json\/wp\/v2\/types\/page"}],"author":[{"embeddable":true,"href":"https:\/\/alvaroordonezdds.com\/es\/wp-json\/wp\/v2\/users\/1"}],"replies":[{"embeddable":true,"href":"https:\/\/alvaroordonezdds.com\/es\/wp-json\/wp\/v2\/comments?post=2109"}],"version-history":[{"count":20,"href":"https:\/\/alvaroordonezdds.com\/es\/wp-json\/wp\/v2\/pages\/2109\/revisions"}],"predecessor-version":[{"id":6271,"href":"https:\/\/alvaroordonezdds.com\/es\/wp-json\/wp\/v2\/pages\/2109\/revisions\/6271"}],"up":[{"embeddable":true,"href":"https:\/\/alvaroordonezdds.com\/es\/wp-json\/wp\/v2\/pages\/2107"}],"wp:attachment":[{"href":"https:\/\/alvaroordonezdds.com\/es\/wp-json\/wp\/v2\/media?parent=2109"}],"curies":[{"name":"wp","href":"https:\/\/api.w.org\/{rel}","templated":true}]}}