{"id":2115,"date":"2023-08-15T10:37:09","date_gmt":"2023-08-15T14:37:09","guid":{"rendered":"http:\/\/kkc.wig.mybluehost.me\/services\/bone-regeneration\/"},"modified":"2024-02-18T15:51:14","modified_gmt":"2024-02-18T19:51:14","slug":"regeneracion-osea","status":"publish","type":"page","link":"https:\/\/alvaroordonezdds.com\/es\/servicios\/regeneracion-osea\/","title":{"rendered":"Regeneraci\u00f3n \u00d3sea"},"content":{"rendered":"\t\t<div data-elementor-type=\"wp-page\" data-elementor-id=\"2115\" class=\"elementor elementor-2115 elementor-1670\">\n\t\t\t\t\t\t<section class=\"elementor-section elementor-top-section elementor-element elementor-element-d06a486 elementor-section-full_width elementor-section-stretched elementor-section-height-default elementor-section-height-default\" data-id=\"d06a486\" data-element_type=\"section\" data-settings=\"{&quot;stretch_section&quot;:&quot;section-stretched&quot;}\">\r\n\t\t\r\n\t\t\t\t\t\t\t<div class=\"elementor-container elementor-column-gap-no porto-ibanner\">\r\n\t\t\t\t<img fetchpriority=\"high\" decoding=\"async\" src=\"https:\/\/alvaroordonezdds.com\/wp-content\/uploads\/2023\/08\/Bone-regeneration-Alvaro-Ordonez.jpg\" alt=\"Bone regeneration - Alvaro Ordonez\" width=\"1900\" height=\"500\" class=\"porto-ibanner-img\" srcset=\"https:\/\/alvaroordonezdds.com\/wp-content\/uploads\/2023\/08\/Bone-regeneration-Alvaro-Ordonez.jpg 1900w, https:\/\/alvaroordonezdds.com\/wp-content\/uploads\/2023\/08\/Bone-regeneration-Alvaro-Ordonez-1024x269.jpg 1024w, https:\/\/alvaroordonezdds.com\/wp-content\/uploads\/2023\/08\/Bone-regeneration-Alvaro-Ordonez-768x202.jpg 768w, https:\/\/alvaroordonezdds.com\/wp-content\/uploads\/2023\/08\/Bone-regeneration-Alvaro-Ordonez-1536x404.jpg 1536w, https:\/\/alvaroordonezdds.com\/wp-content\/uploads\/2023\/08\/Bone-regeneration-Alvaro-Ordonez-640x168.jpg 640w, https:\/\/alvaroordonezdds.com\/wp-content\/uploads\/2023\/08\/Bone-regeneration-Alvaro-Ordonez-400x105.jpg 400w\" sizes=\"(max-width: 1900px) 100vw, 1900px\">\t\t\t\t\t\t\t<div class=\"elementor-column elementor-col-100 elementor-top-column elementor-element elementor-element-388d7f24\" data-id=\"388d7f24\" data-element_type=\"column\">\r\n\t\t\t\t\t<div class=\"elementor-widget-wrap\">\r\n\t\t\t\t\t\t\t\t\t<\/div>\r\n\t\t\t\t<\/div>\r\n\t\t\t\t\t<\/div>\r\n\t\t\t\t<\/section>\r\n\t\t\t\t<section class=\"elementor-section elementor-top-section elementor-element elementor-element-47e74b23 elementor-section-boxed elementor-section-height-default elementor-section-height-default\" data-id=\"47e74b23\" data-element_type=\"section\">\r\n\t\t\r\n\t\t\t\t\t\t\t<div class=\"elementor-container elementor-column-gap-default\">\r\n\t\t\t\t\t\t\t\t\t\t\t<div class=\"elementor-column elementor-col-100 elementor-top-column elementor-element elementor-element-1c87ff8b\" data-id=\"1c87ff8b\" data-element_type=\"column\">\r\n\t\t\t\t\t<div class=\"elementor-widget-wrap elementor-element-populated\">\r\n\t\t\t\t\t\t\t\t<div class=\"elementor-element elementor-element-71acdf78 elementor-widget elementor-widget-spacer\" data-id=\"71acdf78\" data-element_type=\"widget\" data-widget_type=\"spacer.default\">\n\t\t\t\t<div class=\"elementor-widget-container\">\n\t\t\t\t\t\t\t<div class=\"elementor-spacer\">\n\t\t\t<div class=\"elementor-spacer-inner\"><\/div>\n\t\t<\/div>\n\t\t\t\t\t\t<\/div>\n\t\t\t\t<\/div>\n\t\t\t\t\t<\/div>\r\n\t\t\t\t<\/div>\r\n\t\t\t\t\t<\/div>\r\n\t\t\t\t<\/section>\r\n\t\t\t\t<section class=\"elementor-section elementor-top-section elementor-element elementor-element-336d9125 elementor-section-boxed elementor-section-height-default elementor-section-height-default\" data-id=\"336d9125\" data-element_type=\"section\">\r\n\t\t\r\n\t\t\t\t\t\t\t<div class=\"elementor-container elementor-column-gap-default\">\r\n\t\t\t\t\t\t\t\t\t\t\t<div class=\"elementor-column elementor-col-100 elementor-top-column elementor-element elementor-element-6732720\" data-id=\"6732720\" data-element_type=\"column\">\r\n\t\t\t\t\t<div class=\"elementor-widget-wrap elementor-element-populated\">\r\n\t\t\t\t\t\t\t\t<div class=\"elementor-element elementor-element-52ab74b elementor-widget elementor-widget-porto_ultimate_heading\" data-id=\"52ab74b\" data-element_type=\"widget\" data-widget_type=\"porto_ultimate_heading.default\">\n\t\t\t\t<div class=\"elementor-widget-container\">\n\t\t\t\t\t<div class=\"porto-u-heading  porto-u-55ca8359258f9a412be7e73af65d2aac\"><div class=\"porto-u-main-heading\"><h1 data-plugin-animated-letters data-plugin-options=\"{&quot;startDelay&quot;:0,&quot;minWindowWidth&quot;:0,&quot;animationName&quot;:&quot;fadeIn&quot;}\"  >Regeneraci\u00f3n \u00d3sea<\/h1><\/div><style>.porto-u-55ca8359258f9a412be7e73af65d2aac.porto-u-heading{text-align:center}<\/style><\/div>\t\t\t\t<\/div>\n\t\t\t\t<\/div>\n\t\t\t\t<section class=\"elementor-section elementor-inner-section elementor-element elementor-element-2f74eee0 elementor-section-boxed elementor-section-height-default elementor-section-height-default\" data-id=\"2f74eee0\" data-element_type=\"section\">\r\n\t\t\r\n\t\t\t\t\t\t\t<div class=\"elementor-container elementor-column-gap-default\">\r\n\t\t\t\t\t\t\t\t\t\t\t<div class=\"elementor-column elementor-col-50 elementor-inner-column elementor-element elementor-element-50823572\" data-id=\"50823572\" data-element_type=\"column\">\r\n\t\t\t\t\t<div class=\"elementor-widget-wrap elementor-element-populated\">\r\n\t\t\t\t\t\t\t\t<div class=\"elementor-element elementor-element-75fe4bf8 animated-slow elementor-invisible elementor-widget elementor-widget-text-editor\" data-id=\"75fe4bf8\" data-element_type=\"widget\" data-settings=\"{&quot;_animation&quot;:&quot;fadeIn&quot;}\" data-widget_type=\"text-editor.default\">\n\t\t\t\t<div class=\"elementor-widget-container\">\n\t\t\t\t\t\t\t\t\t<p>Varios procedimientos dentro del campo de la implantolog\u00eda dental sirven para la regeneraci\u00f3n o preservaci\u00f3n \u00f3sea. Para lograr este objetivo, se ha desarrollado una serie de biomateriales para su colocaci\u00f3n en el sitio quir\u00fargico, que finalmente se transforman en tejido \u00f3seo nativo.<\/p><p><strong>Injerto de part\u00edculas<\/strong><\/p><p>Los materiales de injerto en part\u00edculas, disponibles en recipientes peque\u00f1os, vienen en diversas composiciones y formas. Estos biomateriales pueden provenir de diferentes fuentes, incluidos bancos de tejidos humanos, animales (generalmente vacas y cerdos) y or\u00edgenes sint\u00e9ticos.<\/p><p>Seleccionamos meticulosamente el biomaterial que se alinea con sus necesidades espec\u00edficas, lo que garantiza resultados predecibles y seguros. Para que estos materiales evolucionen hacia su propio hueso, es necesaria una fuente de c\u00e9lulas y suministro de sangre.<\/p><p><strong>Injerto en bloque<\/strong><\/p><p>La t\u00e9cnica de injerto en bloque se emplea para reparar o mejorar sitios con una deficiencia sustancial de volumen \u00f3seo. Considerado uno de los procedimientos m\u00e1s complejos y exigentes en la t\u00e9cnica de la implantolog\u00eda, requiere un alto nivel de experiencia.<\/p><p>El procedimiento consiste en extraer un segmento de hueso (bloque \u00f3seo) de \u00e1reas como el ment\u00f3n o la rama. A continuaci\u00f3n, este bloque se trasplanta a la zona que requiere un mayor volumen \u00f3seo y se fija con dos tornillos de fijaci\u00f3n.<\/p><p>Existen m\u00faltiples t\u00e9cnicas para la recolecci\u00f3n y colocaci\u00f3n de injertos en bloque. El Dr. Ordonez ha dominado cada enfoque, logrando una notable tasa de \u00e9xito en la reconstrucci\u00f3n de mand\u00edbulas y maxilares severamente atrofiados.<\/p><p><strong>Injerto BMP<\/strong><\/p><p>Un avance fundamental en la implantolog\u00eda dental es la aplicaci\u00f3n de la prote\u00edna morfogen\u00e9tica \u00f3sea (BMP) para la regeneraci\u00f3n y reconstrucci\u00f3n \u00f3sea. La utilizaci\u00f3n de BMP nos ha permitido lograr un crecimiento \u00f3seo m\u00e1s all\u00e1 de las aspiraciones pasadas.<\/p><p>Este notable biomaterial se utiliza junto con injertos de part\u00edculas o bloques, sirviendo como catalizador para mejorar la formaci\u00f3n \u00f3sea. Bajo examen microsc\u00f3pico, este tipo de hueso se asemeja al \u00abhueso Nu\u00bb o un hueso excepcionalmente joven. La incorporaci\u00f3n de BMP ha mejorado notablemente la predictibilidad en la cirug\u00eda \u00f3sea regenerativa para implantes dentales, revolucionando r\u00e1pidamente nuestros abordajes quir\u00fargicos.<\/p><p>El arte de la preservaci\u00f3n y el crecimiento \u00f3seo implica t\u00e9cnicas complejas y exige una experiencia experimentada.<\/p><p>Bas\u00e1ndose en a\u00f1os de experiencia, el Dr. Ordonez ha realizado h\u00e1bilmente estos procedimientos y ha brindado capacitaci\u00f3n personalizada a sus colegas practicantes en estas intrincadas metodolog\u00edas.<\/p>\t\t\t\t\t\t\t\t<\/div>\n\t\t\t\t<\/div>\n\t\t\t\t\t<\/div>\r\n\t\t\t\t<\/div>\r\n\t\t\t\t<div class=\"elementor-column elementor-col-50 elementor-inner-column elementor-element elementor-element-94c3d34\" data-id=\"94c3d34\" data-element_type=\"column\">\r\n\t\t\t\t\t<div class=\"elementor-widget-wrap elementor-element-populated\">\r\n\t\t\t\t\t\t\t\t<div class=\"elementor-element elementor-element-2227962 elementor-widget elementor-widget-text-editor\" data-id=\"2227962\" data-element_type=\"widget\" data-widget_type=\"text-editor.default\">\n\t\t\t\t<div class=\"elementor-widget-container\">\n\t\t\t\t\t\t\t\t\t<h4 align=\"center\">Nuestra Ubicaci\u00f3n<\/h4>\n<p>\t<span>7741 SW 62nd Ave<\/span><br>\n\t<span>South Miami<\/span><span>,<\/span> <span>FL<\/span> <span>33143<\/span><br>\t<span><a aria-label=\"Click to Call\" href=\"tel:+1 (305) 666-3824\">(305) 666-3824<\/a><\/span><br><\/p>\t\t\t\t\t\t\t\t<\/div>\n\t\t\t\t<\/div>\n\t\t\t\t<div class=\"elementor-element elementor-element-9d25ec5 elementor-widget elementor-widget-text-editor\" data-id=\"9d25ec5\" data-element_type=\"widget\" data-widget_type=\"text-editor.default\">\n\t\t\t\t<div class=\"elementor-widget-container\">\n\t\t\t\t\t\t\t\t\t<h4 align=\"center\">S\u00edguenos<\/h4>\n\t\t\t\t\t\t\t\t<\/div>\n\t\t\t\t<\/div>\n\t\t\t\t<div class=\"elementor-element elementor-element-a253143 elementor-shape-rounded elementor-grid-0 e-grid-align-center elementor-widget elementor-widget-social-icons\" data-id=\"a253143\" data-element_type=\"widget\" data-widget_type=\"social-icons.default\">\n\t\t\t\t<div class=\"elementor-widget-container\">\n\t\t\t\t\t\t\t<div class=\"elementor-social-icons-wrapper elementor-grid\" role=\"list\">\n\t\t\t\t\t\t\t<span class=\"elementor-grid-item\" role=\"listitem\">\n\t\t\t\t\t<a class=\"elementor-icon elementor-social-icon elementor-social-icon-facebook elementor-animation-shrink elementor-repeater-item-d3aeeb9\" href=\"https:\/\/www.facebook.com\/AlvaroOrdonezDds\/\" target=\"_blank\">\n\t\t\t\t\t\t<span class=\"elementor-screen-only\">Facebook<\/span>\n\t\t\t\t\t\t<i aria-hidden=\"true\" class=\"fab fa-facebook\"><\/i>\t\t\t\t\t<\/a>\n\t\t\t\t<\/span>\n\t\t\t\t\t\t\t<span class=\"elementor-grid-item\" role=\"listitem\">\n\t\t\t\t\t<a class=\"elementor-icon elementor-social-icon elementor-social-icon-twitter elementor-animation-shrink elementor-repeater-item-0345674\" href=\"https:\/\/twitter.com\/DrOrdonezDDS\" target=\"_blank\">\n\t\t\t\t\t\t<span class=\"elementor-screen-only\">Twitter<\/span>\n\t\t\t\t\t\t<i aria-hidden=\"true\" class=\"fab fa-twitter\"><\/i>\t\t\t\t\t<\/a>\n\t\t\t\t<\/span>\n\t\t\t\t\t\t\t<span class=\"elementor-grid-item\" role=\"listitem\">\n\t\t\t\t\t<a class=\"elementor-icon elementor-social-icon elementor-social-icon-instagram elementor-animation-shrink elementor-repeater-item-5d29ac9\" href=\"https:\/\/www.instagram.com\/dralvaroordonezdds\/\" target=\"_blank\">\n\t\t\t\t\t\t<span class=\"elementor-screen-only\">Instagram<\/span>\n\t\t\t\t\t\t<i aria-hidden=\"true\" class=\"fab fa-instagram\"><\/i>\t\t\t\t\t<\/a>\n\t\t\t\t<\/span>\n\t\t\t\t\t\t\t<span class=\"elementor-grid-item\" role=\"listitem\">\n\t\t\t\t\t<a class=\"elementor-icon elementor-social-icon elementor-social-icon-linkedin elementor-animation-shrink elementor-repeater-item-51eda4a\" href=\"https:\/\/www.linkedin.com\/in\/alvaro-ordonez\/\" target=\"_blank\">\n\t\t\t\t\t\t<span class=\"elementor-screen-only\">Linkedin<\/span>\n\t\t\t\t\t\t<i aria-hidden=\"true\" class=\"fab fa-linkedin\"><\/i>\t\t\t\t\t<\/a>\n\t\t\t\t<\/span>\n\t\t\t\t\t<\/div>\n\t\t\t\t\t\t<\/div>\n\t\t\t\t<\/div>\n\t\t\t\t\t<\/div>\r\n\t\t\t\t<\/div>\r\n\t\t\t\t\t<\/div>\r\n\t\t\t\t<\/section>\r\n\t\t\t\t\t<\/div>\r\n\t\t\t\t<\/div>\r\n\t\t\t\t\t<\/div>\r\n\t\t\t\t<\/section>\r\n\t\t\t\t<\/div>\n\t\t","protected":false},"excerpt":{"rendered":"<p>Regeneraci\u00f3n \u00d3sea Varios procedimientos dentro del campo de la implantolog\u00eda dental sirven para la regeneraci\u00f3n o preservaci\u00f3n \u00f3sea. Para lograr este objetivo, se ha desarrollado una serie de biomateriales para su colocaci\u00f3n en el sitio quir\u00fargico, que finalmente se transforman en tejido \u00f3seo nativo. Injerto de part\u00edculas Los materiales de injerto en part\u00edculas, disponibles en [&hellip;]<\/p>\n","protected":false},"author":1,"featured_media":0,"parent":2112,"menu_order":0,"comment_status":"closed","ping_status":"closed","template":"","meta":{"footnotes":""},"class_list":["post-2115","page","type-page","status-publish","hentry"],"yoast_head":"<!-- This site is optimized with the Yoast SEO plugin v27.2 - https:\/\/yoast.com\/product\/yoast-seo-wordpress\/ -->\n<title>Regeneraci\u00f3n \u00d3sea - Alvaro Ordonez, DDS<\/title>\n<meta name=\"description\" content=\"Regeneraci\u00f3n \u00f3sea en implantolog\u00eda dental: Injerto particulado, injerto en bloque y prote\u00edna morfogen\u00e9tica \u00f3sea (BMP) para resultados predictivos y avanzados.\" \/>\n<meta name=\"robots\" content=\"index, follow, max-snippet:-1, max-image-preview:large, max-video-preview:-1\" \/>\n<link rel=\"canonical\" href=\"https:\/\/alvaroordonezdds.com\/es\/servicios\/regeneracion-osea\/\" \/>\n<meta property=\"og:locale\" content=\"es_ES\" \/>\n<meta property=\"og:type\" content=\"article\" \/>\n<meta property=\"og:title\" content=\"Regeneraci\u00f3n \u00d3sea - Alvaro Ordonez, DDS\" \/>\n<meta property=\"og:description\" content=\"Regeneraci\u00f3n \u00f3sea en implantolog\u00eda dental: Injerto particulado, injerto en bloque y prote\u00edna morfogen\u00e9tica \u00f3sea (BMP) para resultados predictivos y avanzados.\" \/>\n<meta property=\"og:url\" content=\"https:\/\/alvaroordonezdds.com\/es\/servicios\/regeneracion-osea\/\" \/>\n<meta property=\"og:site_name\" content=\"Alvaro Ordonez, DDS\" \/>\n<meta property=\"article:publisher\" content=\"https:\/\/www.facebook.com\/AlvaroOrdonezDds\/\" \/>\n<meta property=\"article:modified_time\" content=\"2024-02-18T19:51:14+00:00\" \/>\n<meta property=\"og:image\" content=\"https:\/\/alvaroordonezdds.com\/wp-content\/uploads\/2023\/08\/Alvaro-Ordonez.png\" \/>\n\t<meta property=\"og:image:width\" content=\"400\" \/>\n\t<meta property=\"og:image:height\" content=\"160\" \/>\n\t<meta property=\"og:image:type\" content=\"image\/png\" \/>\n<meta name=\"twitter:card\" content=\"summary_large_image\" \/>\n<meta name=\"twitter:site\" content=\"@DrOrdonezDDS\" \/>\n<meta name=\"twitter:label1\" content=\"Tiempo de lectura\" \/>\n\t<meta name=\"twitter:data1\" content=\"2 minutos\" \/>\n<script type=\"application\/ld+json\" class=\"yoast-schema-graph\">{\"@context\":\"https:\/\/schema.org\",\"@graph\":[{\"@type\":\"WebPage\",\"@id\":\"https:\/\/alvaroordonezdds.com\/es\/servicios\/regeneracion-osea\/\",\"url\":\"https:\/\/alvaroordonezdds.com\/es\/servicios\/regeneracion-osea\/\",\"name\":\"Regeneraci\u00f3n \u00d3sea - Alvaro Ordonez, DDS\",\"isPartOf\":{\"@id\":\"https:\/\/alvaroordonezdds.com\/#website\"},\"datePublished\":\"2023-08-15T14:37:09+00:00\",\"dateModified\":\"2024-02-18T19:51:14+00:00\",\"description\":\"Regeneraci\u00f3n \u00f3sea en implantolog\u00eda dental: Injerto particulado, injerto en bloque y prote\u00edna morfogen\u00e9tica \u00f3sea (BMP) para resultados predictivos y avanzados.\",\"breadcrumb\":{\"@id\":\"https:\/\/alvaroordonezdds.com\/es\/servicios\/regeneracion-osea\/#breadcrumb\"},\"inLanguage\":\"es\",\"potentialAction\":[{\"@type\":\"ReadAction\",\"target\":[\"https:\/\/alvaroordonezdds.com\/es\/servicios\/regeneracion-osea\/\"]}]},{\"@type\":\"BreadcrumbList\",\"@id\":\"https:\/\/alvaroordonezdds.com\/es\/servicios\/regeneracion-osea\/#breadcrumb\",\"itemListElement\":[{\"@type\":\"ListItem\",\"position\":1,\"name\":\"Home\",\"item\":\"https:\/\/alvaroordonezdds.com\/\"},{\"@type\":\"ListItem\",\"position\":2,\"name\":\"Servicios\",\"item\":\"https:\/\/alvaroordonezdds.com\/es\/servicios\/\"},{\"@type\":\"ListItem\",\"position\":3,\"name\":\"Regeneraci\u00f3n \u00d3sea\"}]},{\"@type\":\"WebSite\",\"@id\":\"https:\/\/alvaroordonezdds.com\/#website\",\"url\":\"https:\/\/alvaroordonezdds.com\/\",\"name\":\"Alvaro Ordonez DDS\",\"description\":\"Dental Office in Miami\",\"publisher\":{\"@id\":\"https:\/\/alvaroordonezdds.com\/#organization\"},\"potentialAction\":[{\"@type\":\"SearchAction\",\"target\":{\"@type\":\"EntryPoint\",\"urlTemplate\":\"https:\/\/alvaroordonezdds.com\/?s={search_term_string}\"},\"query-input\":{\"@type\":\"PropertyValueSpecification\",\"valueRequired\":true,\"valueName\":\"search_term_string\"}}],\"inLanguage\":\"es\"},{\"@type\":\"Organization\",\"@id\":\"https:\/\/alvaroordonezdds.com\/#organization\",\"name\":\"Alvaro Ordonez DDS\",\"url\":\"https:\/\/alvaroordonezdds.com\/\",\"logo\":{\"@type\":\"ImageObject\",\"inLanguage\":\"es\",\"@id\":\"https:\/\/alvaroordonezdds.com\/#\/schema\/logo\/image\/\",\"url\":\"https:\/\/alvaroordonezdds.com\/wp-content\/uploads\/2023\/08\/Alvaro-Ordonez.png\",\"contentUrl\":\"https:\/\/alvaroordonezdds.com\/wp-content\/uploads\/2023\/08\/Alvaro-Ordonez.png\",\"width\":400,\"height\":160,\"caption\":\"Alvaro Ordonez DDS\"},\"image\":{\"@id\":\"https:\/\/alvaroordonezdds.com\/#\/schema\/logo\/image\/\"},\"sameAs\":[\"https:\/\/www.facebook.com\/AlvaroOrdonezDds\/\",\"https:\/\/x.com\/DrOrdonezDDS\",\"https:\/\/www.instagram.com\/dralvaroordonezdds\/\",\"https:\/\/www.linkedin.com\/in\/alvaro-ordonez\/\"]}]}<\/script>\n<!-- \/ Yoast SEO plugin. -->","yoast_head_json":{"title":"Regeneraci\u00f3n \u00d3sea - Alvaro Ordonez, DDS","description":"Regeneraci\u00f3n \u00f3sea en implantolog\u00eda dental: Injerto particulado, injerto en bloque y prote\u00edna morfogen\u00e9tica \u00f3sea (BMP) para resultados predictivos y avanzados.","robots":{"index":"index","follow":"follow","max-snippet":"max-snippet:-1","max-image-preview":"max-image-preview:large","max-video-preview":"max-video-preview:-1"},"canonical":"https:\/\/alvaroordonezdds.com\/es\/servicios\/regeneracion-osea\/","og_locale":"es_ES","og_type":"article","og_title":"Regeneraci\u00f3n \u00d3sea - Alvaro Ordonez, DDS","og_description":"Regeneraci\u00f3n \u00f3sea en implantolog\u00eda dental: Injerto particulado, injerto en bloque y prote\u00edna morfogen\u00e9tica \u00f3sea (BMP) para resultados predictivos y avanzados.","og_url":"https:\/\/alvaroordonezdds.com\/es\/servicios\/regeneracion-osea\/","og_site_name":"Alvaro Ordonez, DDS","article_publisher":"https:\/\/www.facebook.com\/AlvaroOrdonezDds\/","article_modified_time":"2024-02-18T19:51:14+00:00","og_image":[{"width":400,"height":160,"url":"https:\/\/alvaroordonezdds.com\/wp-content\/uploads\/2023\/08\/Alvaro-Ordonez.png","type":"image\/png"}],"twitter_card":"summary_large_image","twitter_site":"@DrOrdonezDDS","twitter_misc":{"Tiempo de lectura":"2 minutos"},"schema":{"@context":"https:\/\/schema.org","@graph":[{"@type":"WebPage","@id":"https:\/\/alvaroordonezdds.com\/es\/servicios\/regeneracion-osea\/","url":"https:\/\/alvaroordonezdds.com\/es\/servicios\/regeneracion-osea\/","name":"Regeneraci\u00f3n \u00d3sea - Alvaro Ordonez, DDS","isPartOf":{"@id":"https:\/\/alvaroordonezdds.com\/#website"},"datePublished":"2023-08-15T14:37:09+00:00","dateModified":"2024-02-18T19:51:14+00:00","description":"Regeneraci\u00f3n \u00f3sea en implantolog\u00eda dental: Injerto particulado, injerto en bloque y prote\u00edna morfogen\u00e9tica \u00f3sea (BMP) para resultados predictivos y avanzados.","breadcrumb":{"@id":"https:\/\/alvaroordonezdds.com\/es\/servicios\/regeneracion-osea\/#breadcrumb"},"inLanguage":"es","potentialAction":[{"@type":"ReadAction","target":["https:\/\/alvaroordonezdds.com\/es\/servicios\/regeneracion-osea\/"]}]},{"@type":"BreadcrumbList","@id":"https:\/\/alvaroordonezdds.com\/es\/servicios\/regeneracion-osea\/#breadcrumb","itemListElement":[{"@type":"ListItem","position":1,"name":"Home","item":"https:\/\/alvaroordonezdds.com\/"},{"@type":"ListItem","position":2,"name":"Servicios","item":"https:\/\/alvaroordonezdds.com\/es\/servicios\/"},{"@type":"ListItem","position":3,"name":"Regeneraci\u00f3n \u00d3sea"}]},{"@type":"WebSite","@id":"https:\/\/alvaroordonezdds.com\/#website","url":"https:\/\/alvaroordonezdds.com\/","name":"Alvaro Ordonez DDS","description":"Dental Office in Miami","publisher":{"@id":"https:\/\/alvaroordonezdds.com\/#organization"},"potentialAction":[{"@type":"SearchAction","target":{"@type":"EntryPoint","urlTemplate":"https:\/\/alvaroordonezdds.com\/?s={search_term_string}"},"query-input":{"@type":"PropertyValueSpecification","valueRequired":true,"valueName":"search_term_string"}}],"inLanguage":"es"},{"@type":"Organization","@id":"https:\/\/alvaroordonezdds.com\/#organization","name":"Alvaro Ordonez DDS","url":"https:\/\/alvaroordonezdds.com\/","logo":{"@type":"ImageObject","inLanguage":"es","@id":"https:\/\/alvaroordonezdds.com\/#\/schema\/logo\/image\/","url":"https:\/\/alvaroordonezdds.com\/wp-content\/uploads\/2023\/08\/Alvaro-Ordonez.png","contentUrl":"https:\/\/alvaroordonezdds.com\/wp-content\/uploads\/2023\/08\/Alvaro-Ordonez.png","width":400,"height":160,"caption":"Alvaro Ordonez DDS"},"image":{"@id":"https:\/\/alvaroordonezdds.com\/#\/schema\/logo\/image\/"},"sameAs":["https:\/\/www.facebook.com\/AlvaroOrdonezDds\/","https:\/\/x.com\/DrOrdonezDDS","https:\/\/www.instagram.com\/dralvaroordonezdds\/","https:\/\/www.linkedin.com\/in\/alvaro-ordonez\/"]}]}},"jetpack_sharing_enabled":true,"_links":{"self":[{"href":"https:\/\/alvaroordonezdds.com\/es\/wp-json\/wp\/v2\/pages\/2115","targetHints":{"allow":["GET"]}}],"collection":[{"href":"https:\/\/alvaroordonezdds.com\/es\/wp-json\/wp\/v2\/pages"}],"about":[{"href":"https:\/\/alvaroordonezdds.com\/es\/wp-json\/wp\/v2\/types\/page"}],"author":[{"embeddable":true,"href":"https:\/\/alvaroordonezdds.com\/es\/wp-json\/wp\/v2\/users\/1"}],"replies":[{"embeddable":true,"href":"https:\/\/alvaroordonezdds.com\/es\/wp-json\/wp\/v2\/comments?post=2115"}],"version-history":[{"count":16,"href":"https:\/\/alvaroordonezdds.com\/es\/wp-json\/wp\/v2\/pages\/2115\/revisions"}],"predecessor-version":[{"id":6257,"href":"https:\/\/alvaroordonezdds.com\/es\/wp-json\/wp\/v2\/pages\/2115\/revisions\/6257"}],"up":[{"embeddable":true,"href":"https:\/\/alvaroordonezdds.com\/es\/wp-json\/wp\/v2\/pages\/2112"}],"wp:attachment":[{"href":"https:\/\/alvaroordonezdds.com\/es\/wp-json\/wp\/v2\/media?parent=2115"}],"curies":[{"name":"wp","href":"https:\/\/api.w.org\/{rel}","templated":true}]}}