{"id":2124,"date":"2023-08-12T20:36:43","date_gmt":"2023-08-13T00:36:43","guid":{"rendered":"http:\/\/kkc.wig.mybluehost.me\/staff\/alvaro-ordonez-dds\/"},"modified":"2024-02-18T14:14:12","modified_gmt":"2024-02-18T18:14:12","slug":"alvaro-ordonez-dds","status":"publish","type":"page","link":"https:\/\/alvaroordonezdds.com\/es\/staff\/alvaro-ordonez-dds\/","title":{"rendered":"Alvaro Ordonez, DDS"},"content":{"rendered":"\t\t<div data-elementor-type=\"wp-page\" data-elementor-id=\"2124\" class=\"elementor elementor-2124 elementor-1129\">\n\t\t\t\t\t\t<section class=\"elementor-section elementor-top-section elementor-element elementor-element-7cf5e74 elementor-section-full_width elementor-section-stretched elementor-section-height-default elementor-section-height-default\" data-id=\"7cf5e74\" data-element_type=\"section\" data-settings=\"{&quot;stretch_section&quot;:&quot;section-stretched&quot;}\">\r\n\t\t\r\n\t\t\t\t\t\t\t<div class=\"elementor-container elementor-column-gap-no porto-ibanner\">\r\n\t\t\t\t<img fetchpriority=\"high\" decoding=\"async\" src=\"https:\/\/alvaroordonezdds.com\/wp-content\/uploads\/2023\/08\/South-Miami-Family-Dental-18.jpg\" alt=\"Alvaro Ordonez\" width=\"1900\" height=\"500\" class=\"porto-ibanner-img\" srcset=\"https:\/\/alvaroordonezdds.com\/wp-content\/uploads\/2023\/08\/South-Miami-Family-Dental-18.jpg 1900w, https:\/\/alvaroordonezdds.com\/wp-content\/uploads\/2023\/08\/South-Miami-Family-Dental-18-1024x269.jpg 1024w, https:\/\/alvaroordonezdds.com\/wp-content\/uploads\/2023\/08\/South-Miami-Family-Dental-18-768x202.jpg 768w, https:\/\/alvaroordonezdds.com\/wp-content\/uploads\/2023\/08\/South-Miami-Family-Dental-18-1536x404.jpg 1536w, https:\/\/alvaroordonezdds.com\/wp-content\/uploads\/2023\/08\/South-Miami-Family-Dental-18-640x168.jpg 640w, https:\/\/alvaroordonezdds.com\/wp-content\/uploads\/2023\/08\/South-Miami-Family-Dental-18-400x105.jpg 400w\" sizes=\"(max-width: 1900px) 100vw, 1900px\">\t\t\t\t\t\t\t<div class=\"elementor-column elementor-col-100 elementor-top-column elementor-element elementor-element-f43d219\" data-id=\"f43d219\" data-element_type=\"column\">\r\n\t\t\t\t\t<div class=\"elementor-widget-wrap\">\r\n\t\t\t\t\t\t\t\t\t<\/div>\r\n\t\t\t\t<\/div>\r\n\t\t\t\t\t<\/div>\r\n\t\t\t\t<\/section>\r\n\t\t\t\t<section class=\"elementor-section elementor-top-section elementor-element elementor-element-a24c850 elementor-section-boxed elementor-section-height-default elementor-section-height-default\" data-id=\"a24c850\" data-element_type=\"section\">\r\n\t\t\r\n\t\t\t\t\t\t\t<div class=\"elementor-container elementor-column-gap-default\">\r\n\t\t\t\t\t\t\t\t\t\t\t<div class=\"elementor-column elementor-col-100 elementor-top-column elementor-element elementor-element-30e7250\" data-id=\"30e7250\" data-element_type=\"column\">\r\n\t\t\t\t\t<div class=\"elementor-widget-wrap elementor-element-populated\">\r\n\t\t\t\t\t\t\t\t<div class=\"elementor-element elementor-element-c4a2241 elementor-widget elementor-widget-spacer\" data-id=\"c4a2241\" data-element_type=\"widget\" data-widget_type=\"spacer.default\">\n\t\t\t\t<div class=\"elementor-widget-container\">\n\t\t\t\t\t\t\t<div class=\"elementor-spacer\">\n\t\t\t<div class=\"elementor-spacer-inner\"><\/div>\n\t\t<\/div>\n\t\t\t\t\t\t<\/div>\n\t\t\t\t<\/div>\n\t\t\t\t\t<\/div>\r\n\t\t\t\t<\/div>\r\n\t\t\t\t\t<\/div>\r\n\t\t\t\t<\/section>\r\n\t\t\t\t<section class=\"elementor-section elementor-top-section elementor-element elementor-element-9e5d610 elementor-section-boxed elementor-section-height-default elementor-section-height-default\" data-id=\"9e5d610\" data-element_type=\"section\">\r\n\t\t\r\n\t\t\t\t\t\t\t<div class=\"elementor-container elementor-column-gap-default\">\r\n\t\t\t\t\t\t\t\t\t\t\t<div class=\"elementor-column elementor-col-50 elementor-top-column elementor-element elementor-element-b0e1578\" data-id=\"b0e1578\" data-element_type=\"column\">\r\n\t\t\t\t\t<div class=\"elementor-widget-wrap elementor-element-populated\">\r\n\t\t\t\t\t\t\t\t<div class=\"elementor-element elementor-element-36ef675 elementor-widget elementor-widget-porto_ultimate_heading\" data-id=\"36ef675\" data-element_type=\"widget\" data-widget_type=\"porto_ultimate_heading.default\">\n\t\t\t\t<div class=\"elementor-widget-container\">\n\t\t\t\t\t<div class=\"porto-u-heading  porto-u-ad87e2eaf3f9c495180fe0156ddf3eb0\"><div class=\"porto-u-main-heading\"><h1 data-plugin-animated-letters data-plugin-options=\"{&quot;startDelay&quot;:0,&quot;minWindowWidth&quot;:0,&quot;animationName&quot;:&quot;fadeIn&quot;}\"  >Alvaro Ordonez, DDS<\/h1><\/div><style>.porto-u-ad87e2eaf3f9c495180fe0156ddf3eb0.porto-u-heading{text-align:left}<\/style><\/div>\t\t\t\t<\/div>\n\t\t\t\t<\/div>\n\t\t\t\t<div class=\"elementor-element elementor-element-406c373 elementor-invisible elementor-widget elementor-widget-text-editor\" data-id=\"406c373\" data-element_type=\"widget\" data-settings=\"{&quot;_animation&quot;:&quot;fadeIn&quot;}\" data-widget_type=\"text-editor.default\">\n\t\t\t\t<div class=\"elementor-widget-container\">\n\t\t\t\t\t\t\t\t\t<p>Encontrar a una persona aut\u00e9ntica y entusiasta que progrese en su vocaci\u00f3n es de suma curiosidad.<\/p><p>El Dr. Alvaro Ordonez se destaca notablemente por brindar una atenci\u00f3n dental integral, mientras representa los valores de la empat\u00eda, atenci\u00f3n y conducta basada en los principios. A lo largo de m\u00e1s de tres d\u00e9cadas, el Dr. Ordonez, no solo ha acumulado m\u00e1s de 31 a\u00f1os de experiencia en su campo, sino que tambi\u00e9n ha dedicado diligentemente m\u00e1s de 8,000 horas de aprendizaje, estableciendo un precedente inspirador para sus compa\u00f1eros.<\/p><p>El Dr. Ordonez, que ha sido aclamado a escala mundial, ha realizado m\u00e1s de 12,000 procedimientos de implantes exitosos, consolidado como un distinguido cirujano reconstructivo de implantes dentales y \u00f3seos de talla internacional. Su investigaci\u00f3n e innovaci\u00f3n lo ha posicionado como un destacado exponente principal en conferencias internacionales en m\u00e1s de 60 pa\u00edses, as\u00ed como profesor, consultor y asesor de universidades y empresas biom\u00e9dicas<\/p><p>Una serie de marcas comerciales y certificaciones significativas sirven como marcadores tangibles del compromiso y la determinaci\u00f3n firme del Dr. Ordonez dentro de la industria del cuidado dental. Con licencias para ejercer la odontolog\u00eda en Florida, Colombia (Am\u00e9rica del Sur) y Barbados (CARICOM), se ha definido como un dentista de alta complejidad ELITE que se especializa en una amplia gama de \u00e1reas, incluidos los trastornos de la ATM, la oclusi\u00f3n dental, el dolor orofacial, la odontolog\u00eda dental del sue\u00f1o, la odontolog\u00eda restauradora, los implantes dentales, la sedaci\u00f3n y los cosm\u00e9ticos dentales.<\/p><p>El renombrado curr\u00edculo del Dr. Ordonez cuenta con reconocimientos que incluyen Fellow, Master y Diplomado del Congreso Internacional de Implant\u00f3logos Orales. Como Vicepresidente para Am\u00e9rica Latina de la misma prestigiosa instituci\u00f3n, ha asumido la tarea fundamental de reorganizar los cap\u00edtulos de ICOI en varios pa\u00edses de Am\u00e9rica Latina. En particular, es el ex presidente del Subcomit\u00e9 de Innovaciones Cl\u00ednicas de la Academia de Osteointegraci\u00f3n, encargado de dirigir el comit\u00e9 y la meticulosa evaluaci\u00f3n, selecci\u00f3n y calificaci\u00f3n de las innovaciones cl\u00ednicas presentadas para su presentaci\u00f3n en la reuni\u00f3n anual.<\/p><p>Su impacto se extiende a puestos de liderazgo dentro de asociaciones dentales de renombre, incluyendo haber servido en el Consejo Ejecutivo de la Asociaci\u00f3n Dental del Sur de la Florida, actuando como Dentista de Contacto Legislativo para la Asociaci\u00f3n Dental de la Florida (Flad-Pac) y presidiendo el comit\u00e9 de Nuevos Dentistas de la Asociaci\u00f3n Dental del Distrito del Sur de la Florida. Las contribuciones del Dr. Ordonez tambi\u00e9n llegan a esferas internacionales, como ex presidente de la Sociedad Dental de West Dade y desempe\u00f1\u00f3 un papel organizativo clave en el comit\u00e9 de la Reuni\u00f3n de Invierno de Miami.<\/p><p>Su participaci\u00f3n en los Comit\u00e9s Cient\u00edficos de CEOLA-HELO (Centro de Educaci\u00f3n Avanzada en Cirug\u00eda Oral y Maxilofacial) y LAODI (Academia Latinoamericana de Implantes Dentales Osteointegrados) subraya a\u00fan m\u00e1s su presencia influyente en la comunidad odontol\u00f3gica, con responsabilidades que van desde la selecci\u00f3n de oradores para reuniones y congresos hasta la configuraci\u00f3n del futuro de la educaci\u00f3n dental. La experiencia multifac\u00e9tica y la profunda dedicaci\u00f3n del Dr. Ordonez contin\u00faan reverberando en todos los \u00e1mbitos de la odontolog\u00eda y m\u00e1s all\u00e1.<\/p><p>El Dr. Ordonez se siente muy orgulloso de su legado y logros como ex profesor cl\u00ednico asociado de la Universidad TUFTS, la Universidad NOVA Southeastern, la Universidad de Miami, Lindsey Hopkins, su presidencia del departamento craneofacial de la Universidad de Florida Hialeah y su trabajo como profesor visitante del hospital de veteranos de Miami adem\u00e1s, ha sido profesor invitado de varias universidades en todo el mundo<\/p>\t\t\t\t\t\t\t\t<\/div>\n\t\t\t\t<\/div>\n\t\t\t\t\t<\/div>\r\n\t\t\t\t<\/div>\r\n\t\t\t\t<div class=\"elementor-column elementor-col-50 elementor-top-column elementor-element elementor-element-7944708\" data-id=\"7944708\" data-element_type=\"column\">\r\n\t\t\t\t\t<div class=\"elementor-widget-wrap elementor-element-populated\">\r\n\t\t\t\t\t\t\t\t<div class=\"elementor-element elementor-element-a45b5cf elementor-invisible elementor-widget elementor-widget-image\" data-id=\"a45b5cf\" data-element_type=\"widget\" data-settings=\"{&quot;_animation&quot;:&quot;fadeIn&quot;}\" data-widget_type=\"image.default\">\n\t\t\t\t<div class=\"elementor-widget-container\">\n\t\t\t\t\t\t\t\t\t\t\t\t\t\t\t<img decoding=\"async\" width=\"275\" height=\"275\" src=\"https:\/\/alvaroordonezdds.com\/wp-content\/uploads\/2023\/08\/Alvaro-Ordonez-1.jpg\" class=\"attachment-large size-large wp-image-2010\" alt=\"\" \/>\t\t\t\t\t\t\t\t\t\t\t\t\t\t\t<\/div>\n\t\t\t\t<\/div>\n\t\t\t\t<div class=\"elementor-element elementor-element-7313d04 elementor-shape-rounded elementor-grid-0 e-grid-align-center elementor-widget elementor-widget-social-icons\" data-id=\"7313d04\" data-element_type=\"widget\" data-widget_type=\"social-icons.default\">\n\t\t\t\t<div class=\"elementor-widget-container\">\n\t\t\t\t\t\t\t<div class=\"elementor-social-icons-wrapper elementor-grid\" role=\"list\">\n\t\t\t\t\t\t\t<span class=\"elementor-grid-item\" role=\"listitem\">\n\t\t\t\t\t<a class=\"elementor-icon elementor-social-icon elementor-social-icon-facebook elementor-animation-shrink elementor-repeater-item-d3aeeb9\" href=\"https:\/\/www.facebook.com\/AlvaroOrdonezDds\/\" target=\"_blank\">\n\t\t\t\t\t\t<span class=\"elementor-screen-only\">Facebook<\/span>\n\t\t\t\t\t\t<i aria-hidden=\"true\" class=\"fab fa-facebook\"><\/i>\t\t\t\t\t<\/a>\n\t\t\t\t<\/span>\n\t\t\t\t\t\t\t<span class=\"elementor-grid-item\" role=\"listitem\">\n\t\t\t\t\t<a class=\"elementor-icon elementor-social-icon elementor-social-icon-twitter elementor-animation-shrink elementor-repeater-item-0345674\" href=\"https:\/\/twitter.com\/DrOrdonezDDS\" target=\"_blank\">\n\t\t\t\t\t\t<span class=\"elementor-screen-only\">Twitter<\/span>\n\t\t\t\t\t\t<i aria-hidden=\"true\" class=\"fab fa-twitter\"><\/i>\t\t\t\t\t<\/a>\n\t\t\t\t<\/span>\n\t\t\t\t\t\t\t<span class=\"elementor-grid-item\" role=\"listitem\">\n\t\t\t\t\t<a class=\"elementor-icon elementor-social-icon elementor-social-icon-instagram elementor-animation-shrink elementor-repeater-item-5d29ac9\" href=\"https:\/\/www.instagram.com\/dralvaroordonezdds\/\" target=\"_blank\">\n\t\t\t\t\t\t<span class=\"elementor-screen-only\">Instagram<\/span>\n\t\t\t\t\t\t<i aria-hidden=\"true\" class=\"fab fa-instagram\"><\/i>\t\t\t\t\t<\/a>\n\t\t\t\t<\/span>\n\t\t\t\t\t\t\t<span class=\"elementor-grid-item\" role=\"listitem\">\n\t\t\t\t\t<a class=\"elementor-icon elementor-social-icon elementor-social-icon-linkedin elementor-animation-shrink elementor-repeater-item-51eda4a\" href=\"https:\/\/www.linkedin.com\/in\/alvaro-ordonez\/\" target=\"_blank\">\n\t\t\t\t\t\t<span class=\"elementor-screen-only\">Linkedin<\/span>\n\t\t\t\t\t\t<i aria-hidden=\"true\" class=\"fab fa-linkedin\"><\/i>\t\t\t\t\t<\/a>\n\t\t\t\t<\/span>\n\t\t\t\t\t<\/div>\n\t\t\t\t\t\t<\/div>\n\t\t\t\t<\/div>\n\t\t\t\t<div class=\"elementor-element elementor-element-77c1a92 elementor-invisible elementor-widget elementor-widget-porto_stat_counter\" data-id=\"77c1a92\" data-element_type=\"widget\" data-settings=\"{&quot;_animation&quot;:&quot;fadeIn&quot;,&quot;_animation_delay&quot;:&quot;200&quot;}\" data-widget_type=\"porto_stat_counter.default\">\n\t\t\t\t<div class=\"elementor-widget-container\">\n\t\t\t\t\t<div class=\"stats-block stats-top\"><div class=\"stats-desc\"><div id=\"counter_7928226076a0415ef93a16\" data-id=\"counter_7928226076a0415ef93a16\" class=\"stats-number\" style=\" \" data-speed=\"3\" data-counter-value=\"32\" data-separator=\",\" data-decimal=\".\">0<\/div><div class=\"stats-text\" style=\"\">A\u00f1os en pr\u00e1ctica<\/div><\/div><\/div><script>\r\n\t( function() {\r\n\t\tvar porto_inc_counter_js = function() {\r\n\t\t\t( function( $ ) {\r\n\t\t\t\tif (typeof countUp == \"undefined\") {\r\n\t\t\t\t\tvar c = document.createElement(\"script\");\r\n\t\t\t\t\tc.src = \"https:\/\/alvaroordonezdds.com\/wp-content\/plugins\/porto-functionality\/shortcodes\/assets\/js\/countup.min.js\";\r\n\t\t\t\t\tif (!$('script[src=\"' + c.src + '\"]').length) {\r\n\t\t\t\t\t\tdocument.getElementsByTagName(\"body\")[0].appendChild(c);\r\n\t\t\t\t\t}\r\n\t\t\t\t\tc = document.createElement(\"script\");\r\n\t\t\t\t\tc.src = \"https:\/\/alvaroordonezdds.com\/wp-content\/plugins\/porto-functionality\/shortcodes\/assets\/js\/countup-loader.min.js\";\r\n\t\t\t\t\tif (!$('script[src=\"' + c.src + '\"]').length) {\r\n\t\t\t\t\t\tdocument.getElementsByTagName(\"body\")[0].appendChild(c);\r\n\t\t\t\t\t}\r\n\t\t\t\t}\r\n\t\t\t} )( jQuery );\r\n\t\t};\r\n\r\n\t\tif ( window.theme && theme.isLoaded ) {\r\n\t\t\tporto_inc_counter_js();\r\n\t\t} else {\r\n\t\t\twindow.addEventListener( 'load', porto_inc_counter_js );\r\n\t\t}\r\n\t} )();\r\n<\/script>\r\n\t\t\t\t<\/div>\n\t\t\t\t<\/div>\n\t\t\t\t<div class=\"elementor-element elementor-element-2cfe094 elementor-invisible elementor-widget elementor-widget-porto_stat_counter\" data-id=\"2cfe094\" data-element_type=\"widget\" data-settings=\"{&quot;_animation&quot;:&quot;fadeIn&quot;,&quot;_animation_delay&quot;:&quot;200&quot;}\" data-widget_type=\"porto_stat_counter.default\">\n\t\t\t\t<div class=\"elementor-widget-container\">\n\t\t\t\t\t<div class=\"stats-block stats-top\"><div class=\"stats-desc\"><div id=\"counter_21327422616a0415ef93dd1\" data-id=\"counter_21327422616a0415ef93dd1\" class=\"stats-number\" style=\" \" data-speed=\"3\" data-counter-value=\"8000\" data-separator=\",\" data-decimal=\".\">0<\/div><div class=\"stats-text\" style=\"\">Horas de aprendizaje adiciona<\/div><\/div><\/div>\t\t\t\t<\/div>\n\t\t\t\t<\/div>\n\t\t\t\t<div class=\"elementor-element elementor-element-f79b996 elementor-invisible elementor-widget elementor-widget-porto_stat_counter\" data-id=\"f79b996\" data-element_type=\"widget\" data-settings=\"{&quot;_animation&quot;:&quot;fadeIn&quot;,&quot;_animation_delay&quot;:&quot;200&quot;}\" data-widget_type=\"porto_stat_counter.default\">\n\t\t\t\t<div class=\"elementor-widget-container\">\n\t\t\t\t\t<div class=\"stats-block stats-top\"><div class=\"stats-desc\"><div id=\"counter_7203137526a0415ef9415d\" data-id=\"counter_7203137526a0415ef9415d\" class=\"stats-number\" style=\" \" data-speed=\"3\" data-counter-value=\"12000\" data-separator=\",\" data-decimal=\".\">0<\/div><div class=\"stats-text\" style=\"\">Procedimientos exitosos de implantes<\/div><\/div><\/div>\t\t\t\t<\/div>\n\t\t\t\t<\/div>\n\t\t\t\t<div class=\"elementor-element elementor-element-8b3ca7c elementor-widget elementor-widget-text-editor\" data-id=\"8b3ca7c\" data-element_type=\"widget\" data-widget_type=\"text-editor.default\">\n\t\t\t\t<div class=\"elementor-widget-container\">\n\t\t\t\t\t\t\t\t\t<h4 align=\"center\">Nuestra Ubicaci\u00f3n<\/h4>\n<p>\t<span>7741 SW 62nd Ave<\/span><br>\n\t<span>South Miami<\/span><span>,<\/span> <span>FL<\/span> <span>33143<\/span><br>\t<span><a aria-label=\"Click to Call\" href=\"tel:+1 (305) 666-3824\">(305) 666-3824<\/a><\/span><br><\/p>\t\t\t\t\t\t\t\t<\/div>\n\t\t\t\t<\/div>\n\t\t\t\t\t<\/div>\r\n\t\t\t\t<\/div>\r\n\t\t\t\t\t<\/div>\r\n\t\t\t\t<\/section>\r\n\t\t\t\t<\/div>\n\t\t","protected":false},"excerpt":{"rendered":"<p>Alvaro Ordonez, DDS Encontrar a una persona aut\u00e9ntica y entusiasta que progrese en su vocaci\u00f3n es de suma curiosidad. El Dr. Alvaro Ordonez se destaca notablemente por brindar una atenci\u00f3n dental integral, mientras representa los valores de la empat\u00eda, atenci\u00f3n y conducta basada en los principios. A lo largo de m\u00e1s de tres d\u00e9cadas, el [&hellip;]<\/p>\n","protected":false},"author":1,"featured_media":0,"parent":2123,"menu_order":0,"comment_status":"closed","ping_status":"closed","template":"","meta":{"footnotes":""},"class_list":["post-2124","page","type-page","status-publish","hentry"],"yoast_head":"<!-- This site is optimized with the Yoast SEO plugin v27.2 - https:\/\/yoast.com\/product\/yoast-seo-wordpress\/ -->\n<title>Alvaro Ordonez, DDS - Alvaro Ordonez, DDS<\/title>\n<meta name=\"robots\" content=\"index, follow, max-snippet:-1, max-image-preview:large, max-video-preview:-1\" \/>\n<link rel=\"canonical\" href=\"https:\/\/alvaroordonezdds.com\/es\/staff\/alvaro-ordonez-dds\/\" \/>\n<meta property=\"og:locale\" content=\"es_ES\" \/>\n<meta property=\"og:type\" content=\"article\" \/>\n<meta property=\"og:title\" content=\"Alvaro Ordonez, DDS - Alvaro Ordonez, DDS\" \/>\n<meta property=\"og:description\" content=\"Alvaro Ordonez, DDS Encontrar a una persona aut\u00e9ntica y entusiasta que progrese en su vocaci\u00f3n es de suma curiosidad. El Dr. Alvaro Ordonez se destaca notablemente por brindar una atenci\u00f3n dental integral, mientras representa los valores de la empat\u00eda, atenci\u00f3n y conducta basada en los principios. A lo largo de m\u00e1s de tres d\u00e9cadas, el [&hellip;]\" \/>\n<meta property=\"og:url\" content=\"https:\/\/alvaroordonezdds.com\/es\/staff\/alvaro-ordonez-dds\/\" \/>\n<meta property=\"og:site_name\" content=\"Alvaro Ordonez, DDS\" \/>\n<meta property=\"article:publisher\" content=\"https:\/\/www.facebook.com\/AlvaroOrdonezDds\/\" \/>\n<meta property=\"article:modified_time\" content=\"2024-02-18T18:14:12+00:00\" \/>\n<meta property=\"og:image\" content=\"https:\/\/alvaroordonezdds.com\/wp-content\/uploads\/2023\/08\/Alvaro-Ordonez-1.jpg\" \/>\n<meta name=\"twitter:card\" content=\"summary_large_image\" \/>\n<meta name=\"twitter:site\" content=\"@DrOrdonezDDS\" \/>\n<meta name=\"twitter:label1\" content=\"Tiempo de lectura\" \/>\n\t<meta name=\"twitter:data1\" content=\"4 minutos\" \/>\n<script type=\"application\/ld+json\" class=\"yoast-schema-graph\">{\"@context\":\"https:\/\/schema.org\",\"@graph\":[{\"@type\":\"WebPage\",\"@id\":\"https:\/\/alvaroordonezdds.com\/es\/staff\/alvaro-ordonez-dds\/\",\"url\":\"https:\/\/alvaroordonezdds.com\/es\/staff\/alvaro-ordonez-dds\/\",\"name\":\"Alvaro Ordonez, DDS - Alvaro Ordonez, DDS\",\"isPartOf\":{\"@id\":\"https:\/\/alvaroordonezdds.com\/#website\"},\"primaryImageOfPage\":{\"@id\":\"https:\/\/alvaroordonezdds.com\/es\/staff\/alvaro-ordonez-dds\/#primaryimage\"},\"image\":{\"@id\":\"https:\/\/alvaroordonezdds.com\/es\/staff\/alvaro-ordonez-dds\/#primaryimage\"},\"thumbnailUrl\":\"https:\/\/alvaroordonezdds.com\/wp-content\/uploads\/2023\/08\/Alvaro-Ordonez-1.jpg\",\"datePublished\":\"2023-08-13T00:36:43+00:00\",\"dateModified\":\"2024-02-18T18:14:12+00:00\",\"breadcrumb\":{\"@id\":\"https:\/\/alvaroordonezdds.com\/es\/staff\/alvaro-ordonez-dds\/#breadcrumb\"},\"inLanguage\":\"es\",\"potentialAction\":[{\"@type\":\"ReadAction\",\"target\":[\"https:\/\/alvaroordonezdds.com\/es\/staff\/alvaro-ordonez-dds\/\"]}]},{\"@type\":\"ImageObject\",\"inLanguage\":\"es\",\"@id\":\"https:\/\/alvaroordonezdds.com\/es\/staff\/alvaro-ordonez-dds\/#primaryimage\",\"url\":\"https:\/\/alvaroordonezdds.com\/wp-content\/uploads\/2023\/08\/Alvaro-Ordonez-1.jpg\",\"contentUrl\":\"https:\/\/alvaroordonezdds.com\/wp-content\/uploads\/2023\/08\/Alvaro-Ordonez-1.jpg\"},{\"@type\":\"BreadcrumbList\",\"@id\":\"https:\/\/alvaroordonezdds.com\/es\/staff\/alvaro-ordonez-dds\/#breadcrumb\",\"itemListElement\":[{\"@type\":\"ListItem\",\"position\":1,\"name\":\"Home\",\"item\":\"https:\/\/alvaroordonezdds.com\/\"},{\"@type\":\"ListItem\",\"position\":2,\"name\":\"Staff\",\"item\":\"https:\/\/alvaroordonezdds.com\/es\/staff\/\"},{\"@type\":\"ListItem\",\"position\":3,\"name\":\"Alvaro Ordonez, DDS\"}]},{\"@type\":\"WebSite\",\"@id\":\"https:\/\/alvaroordonezdds.com\/#website\",\"url\":\"https:\/\/alvaroordonezdds.com\/\",\"name\":\"Alvaro Ordonez DDS\",\"description\":\"Dental Office in Miami\",\"publisher\":{\"@id\":\"https:\/\/alvaroordonezdds.com\/#organization\"},\"potentialAction\":[{\"@type\":\"SearchAction\",\"target\":{\"@type\":\"EntryPoint\",\"urlTemplate\":\"https:\/\/alvaroordonezdds.com\/?s={search_term_string}\"},\"query-input\":{\"@type\":\"PropertyValueSpecification\",\"valueRequired\":true,\"valueName\":\"search_term_string\"}}],\"inLanguage\":\"es\"},{\"@type\":\"Organization\",\"@id\":\"https:\/\/alvaroordonezdds.com\/#organization\",\"name\":\"Alvaro Ordonez DDS\",\"url\":\"https:\/\/alvaroordonezdds.com\/\",\"logo\":{\"@type\":\"ImageObject\",\"inLanguage\":\"es\",\"@id\":\"https:\/\/alvaroordonezdds.com\/#\/schema\/logo\/image\/\",\"url\":\"https:\/\/alvaroordonezdds.com\/wp-content\/uploads\/2023\/08\/Alvaro-Ordonez.png\",\"contentUrl\":\"https:\/\/alvaroordonezdds.com\/wp-content\/uploads\/2023\/08\/Alvaro-Ordonez.png\",\"width\":400,\"height\":160,\"caption\":\"Alvaro Ordonez DDS\"},\"image\":{\"@id\":\"https:\/\/alvaroordonezdds.com\/#\/schema\/logo\/image\/\"},\"sameAs\":[\"https:\/\/www.facebook.com\/AlvaroOrdonezDds\/\",\"https:\/\/x.com\/DrOrdonezDDS\",\"https:\/\/www.instagram.com\/dralvaroordonezdds\/\",\"https:\/\/www.linkedin.com\/in\/alvaro-ordonez\/\"]}]}<\/script>\n<!-- \/ Yoast SEO plugin. -->","yoast_head_json":{"title":"Alvaro Ordonez, DDS - Alvaro Ordonez, DDS","robots":{"index":"index","follow":"follow","max-snippet":"max-snippet:-1","max-image-preview":"max-image-preview:large","max-video-preview":"max-video-preview:-1"},"canonical":"https:\/\/alvaroordonezdds.com\/es\/staff\/alvaro-ordonez-dds\/","og_locale":"es_ES","og_type":"article","og_title":"Alvaro Ordonez, DDS - Alvaro Ordonez, DDS","og_description":"Alvaro Ordonez, DDS Encontrar a una persona aut\u00e9ntica y entusiasta que progrese en su vocaci\u00f3n es de suma curiosidad. El Dr. Alvaro Ordonez se destaca notablemente por brindar una atenci\u00f3n dental integral, mientras representa los valores de la empat\u00eda, atenci\u00f3n y conducta basada en los principios. A lo largo de m\u00e1s de tres d\u00e9cadas, el [&hellip;]","og_url":"https:\/\/alvaroordonezdds.com\/es\/staff\/alvaro-ordonez-dds\/","og_site_name":"Alvaro Ordonez, DDS","article_publisher":"https:\/\/www.facebook.com\/AlvaroOrdonezDds\/","article_modified_time":"2024-02-18T18:14:12+00:00","og_image":[{"url":"https:\/\/alvaroordonezdds.com\/wp-content\/uploads\/2023\/08\/Alvaro-Ordonez-1.jpg","type":"","width":"","height":""}],"twitter_card":"summary_large_image","twitter_site":"@DrOrdonezDDS","twitter_misc":{"Tiempo de lectura":"4 minutos"},"schema":{"@context":"https:\/\/schema.org","@graph":[{"@type":"WebPage","@id":"https:\/\/alvaroordonezdds.com\/es\/staff\/alvaro-ordonez-dds\/","url":"https:\/\/alvaroordonezdds.com\/es\/staff\/alvaro-ordonez-dds\/","name":"Alvaro Ordonez, DDS - Alvaro Ordonez, DDS","isPartOf":{"@id":"https:\/\/alvaroordonezdds.com\/#website"},"primaryImageOfPage":{"@id":"https:\/\/alvaroordonezdds.com\/es\/staff\/alvaro-ordonez-dds\/#primaryimage"},"image":{"@id":"https:\/\/alvaroordonezdds.com\/es\/staff\/alvaro-ordonez-dds\/#primaryimage"},"thumbnailUrl":"https:\/\/alvaroordonezdds.com\/wp-content\/uploads\/2023\/08\/Alvaro-Ordonez-1.jpg","datePublished":"2023-08-13T00:36:43+00:00","dateModified":"2024-02-18T18:14:12+00:00","breadcrumb":{"@id":"https:\/\/alvaroordonezdds.com\/es\/staff\/alvaro-ordonez-dds\/#breadcrumb"},"inLanguage":"es","potentialAction":[{"@type":"ReadAction","target":["https:\/\/alvaroordonezdds.com\/es\/staff\/alvaro-ordonez-dds\/"]}]},{"@type":"ImageObject","inLanguage":"es","@id":"https:\/\/alvaroordonezdds.com\/es\/staff\/alvaro-ordonez-dds\/#primaryimage","url":"https:\/\/alvaroordonezdds.com\/wp-content\/uploads\/2023\/08\/Alvaro-Ordonez-1.jpg","contentUrl":"https:\/\/alvaroordonezdds.com\/wp-content\/uploads\/2023\/08\/Alvaro-Ordonez-1.jpg"},{"@type":"BreadcrumbList","@id":"https:\/\/alvaroordonezdds.com\/es\/staff\/alvaro-ordonez-dds\/#breadcrumb","itemListElement":[{"@type":"ListItem","position":1,"name":"Home","item":"https:\/\/alvaroordonezdds.com\/"},{"@type":"ListItem","position":2,"name":"Staff","item":"https:\/\/alvaroordonezdds.com\/es\/staff\/"},{"@type":"ListItem","position":3,"name":"Alvaro Ordonez, DDS"}]},{"@type":"WebSite","@id":"https:\/\/alvaroordonezdds.com\/#website","url":"https:\/\/alvaroordonezdds.com\/","name":"Alvaro Ordonez DDS","description":"Dental Office in Miami","publisher":{"@id":"https:\/\/alvaroordonezdds.com\/#organization"},"potentialAction":[{"@type":"SearchAction","target":{"@type":"EntryPoint","urlTemplate":"https:\/\/alvaroordonezdds.com\/?s={search_term_string}"},"query-input":{"@type":"PropertyValueSpecification","valueRequired":true,"valueName":"search_term_string"}}],"inLanguage":"es"},{"@type":"Organization","@id":"https:\/\/alvaroordonezdds.com\/#organization","name":"Alvaro Ordonez DDS","url":"https:\/\/alvaroordonezdds.com\/","logo":{"@type":"ImageObject","inLanguage":"es","@id":"https:\/\/alvaroordonezdds.com\/#\/schema\/logo\/image\/","url":"https:\/\/alvaroordonezdds.com\/wp-content\/uploads\/2023\/08\/Alvaro-Ordonez.png","contentUrl":"https:\/\/alvaroordonezdds.com\/wp-content\/uploads\/2023\/08\/Alvaro-Ordonez.png","width":400,"height":160,"caption":"Alvaro Ordonez DDS"},"image":{"@id":"https:\/\/alvaroordonezdds.com\/#\/schema\/logo\/image\/"},"sameAs":["https:\/\/www.facebook.com\/AlvaroOrdonezDds\/","https:\/\/x.com\/DrOrdonezDDS","https:\/\/www.instagram.com\/dralvaroordonezdds\/","https:\/\/www.linkedin.com\/in\/alvaro-ordonez\/"]}]}},"jetpack_sharing_enabled":true,"_links":{"self":[{"href":"https:\/\/alvaroordonezdds.com\/es\/wp-json\/wp\/v2\/pages\/2124","targetHints":{"allow":["GET"]}}],"collection":[{"href":"https:\/\/alvaroordonezdds.com\/es\/wp-json\/wp\/v2\/pages"}],"about":[{"href":"https:\/\/alvaroordonezdds.com\/es\/wp-json\/wp\/v2\/types\/page"}],"author":[{"embeddable":true,"href":"https:\/\/alvaroordonezdds.com\/es\/wp-json\/wp\/v2\/users\/1"}],"replies":[{"embeddable":true,"href":"https:\/\/alvaroordonezdds.com\/es\/wp-json\/wp\/v2\/comments?post=2124"}],"version-history":[{"count":20,"href":"https:\/\/alvaroordonezdds.com\/es\/wp-json\/wp\/v2\/pages\/2124\/revisions"}],"predecessor-version":[{"id":6214,"href":"https:\/\/alvaroordonezdds.com\/es\/wp-json\/wp\/v2\/pages\/2124\/revisions\/6214"}],"up":[{"embeddable":true,"href":"https:\/\/alvaroordonezdds.com\/es\/wp-json\/wp\/v2\/pages\/2123"}],"wp:attachment":[{"href":"https:\/\/alvaroordonezdds.com\/es\/wp-json\/wp\/v2\/media?parent=2124"}],"curies":[{"name":"wp","href":"https:\/\/api.w.org\/{rel}","templated":true}]}}