{"id":2126,"date":"2023-08-15T12:21:30","date_gmt":"2023-08-15T16:21:30","guid":{"rendered":"http:\/\/kkc.wig.mybluehost.me\/services\/comprehensive-tmj-evaluation\/"},"modified":"2024-02-13T12:10:25","modified_gmt":"2024-02-13T16:10:25","slug":"evaluacion-integral-de-la-atm","status":"publish","type":"page","link":"https:\/\/alvaroordonezdds.com\/es\/servicios\/evaluacion-integral-de-la-atm\/","title":{"rendered":"Evaluaci\u00f3n Integral de la ATM"},"content":{"rendered":"\t\t<div data-elementor-type=\"wp-page\" data-elementor-id=\"2126\" class=\"elementor elementor-2126 elementor-1756\">\n\t\t\t\t\t\t<section class=\"elementor-section elementor-top-section elementor-element elementor-element-14a56eb2 elementor-section-full_width elementor-section-stretched elementor-section-height-default elementor-section-height-default\" data-id=\"14a56eb2\" data-element_type=\"section\" data-settings=\"{&quot;stretch_section&quot;:&quot;section-stretched&quot;}\">\r\n\t\t\r\n\t\t\t\t\t\t\t<div class=\"elementor-container elementor-column-gap-no porto-ibanner\">\r\n\t\t\t\t<img fetchpriority=\"high\" decoding=\"async\" src=\"https:\/\/alvaroordonezdds.com\/wp-content\/uploads\/2023\/08\/TMJ-Evaluation-Alvaro-Ordonez.jpg\" alt=\"TMJ Evaluation - Alvaro Ordonez\" width=\"1900\" height=\"500\" class=\"porto-ibanner-img\" srcset=\"https:\/\/alvaroordonezdds.com\/wp-content\/uploads\/2023\/08\/TMJ-Evaluation-Alvaro-Ordonez.jpg 1900w, https:\/\/alvaroordonezdds.com\/wp-content\/uploads\/2023\/08\/TMJ-Evaluation-Alvaro-Ordonez-1024x269.jpg 1024w, https:\/\/alvaroordonezdds.com\/wp-content\/uploads\/2023\/08\/TMJ-Evaluation-Alvaro-Ordonez-768x202.jpg 768w, https:\/\/alvaroordonezdds.com\/wp-content\/uploads\/2023\/08\/TMJ-Evaluation-Alvaro-Ordonez-1536x404.jpg 1536w, https:\/\/alvaroordonezdds.com\/wp-content\/uploads\/2023\/08\/TMJ-Evaluation-Alvaro-Ordonez-640x168.jpg 640w, https:\/\/alvaroordonezdds.com\/wp-content\/uploads\/2023\/08\/TMJ-Evaluation-Alvaro-Ordonez-400x105.jpg 400w\" sizes=\"(max-width: 1900px) 100vw, 1900px\">\t\t\t\t\t\t\t<div class=\"elementor-column elementor-col-100 elementor-top-column elementor-element elementor-element-3da06a8\" data-id=\"3da06a8\" data-element_type=\"column\">\r\n\t\t\t\t\t<div class=\"elementor-widget-wrap\">\r\n\t\t\t\t\t\t\t\t\t<\/div>\r\n\t\t\t\t<\/div>\r\n\t\t\t\t\t<\/div>\r\n\t\t\t\t<\/section>\r\n\t\t\t\t<section class=\"elementor-section elementor-top-section elementor-element elementor-element-3c784724 elementor-section-boxed elementor-section-height-default elementor-section-height-default\" data-id=\"3c784724\" data-element_type=\"section\">\r\n\t\t\r\n\t\t\t\t\t\t\t<div class=\"elementor-container elementor-column-gap-default\">\r\n\t\t\t\t\t\t\t\t\t\t\t<div class=\"elementor-column elementor-col-100 elementor-top-column elementor-element elementor-element-727dfba6\" data-id=\"727dfba6\" data-element_type=\"column\">\r\n\t\t\t\t\t<div class=\"elementor-widget-wrap elementor-element-populated\">\r\n\t\t\t\t\t\t\t\t<div class=\"elementor-element elementor-element-8570f7 elementor-widget elementor-widget-spacer\" data-id=\"8570f7\" data-element_type=\"widget\" data-widget_type=\"spacer.default\">\n\t\t\t\t<div class=\"elementor-widget-container\">\n\t\t\t\t\t\t\t<div class=\"elementor-spacer\">\n\t\t\t<div class=\"elementor-spacer-inner\"><\/div>\n\t\t<\/div>\n\t\t\t\t\t\t<\/div>\n\t\t\t\t<\/div>\n\t\t\t\t\t<\/div>\r\n\t\t\t\t<\/div>\r\n\t\t\t\t\t<\/div>\r\n\t\t\t\t<\/section>\r\n\t\t\t\t<section class=\"elementor-section elementor-top-section elementor-element elementor-element-61043caf elementor-section-boxed elementor-section-height-default elementor-section-height-default\" data-id=\"61043caf\" data-element_type=\"section\">\r\n\t\t\r\n\t\t\t\t\t\t\t<div class=\"elementor-container elementor-column-gap-default\">\r\n\t\t\t\t\t\t\t\t\t\t\t<div class=\"elementor-column elementor-col-100 elementor-top-column elementor-element elementor-element-476e7e80\" data-id=\"476e7e80\" data-element_type=\"column\">\r\n\t\t\t\t\t<div class=\"elementor-widget-wrap elementor-element-populated\">\r\n\t\t\t\t\t\t\t\t<div class=\"elementor-element elementor-element-1834611a elementor-widget elementor-widget-porto_ultimate_heading\" data-id=\"1834611a\" data-element_type=\"widget\" data-widget_type=\"porto_ultimate_heading.default\">\n\t\t\t\t<div class=\"elementor-widget-container\">\n\t\t\t\t\t<div class=\"porto-u-heading  porto-u-55ca8359258f9a412be7e73af65d2aac\"><div class=\"porto-u-main-heading\"><h1 data-plugin-animated-letters data-plugin-options=\"{&quot;startDelay&quot;:0,&quot;minWindowWidth&quot;:0,&quot;animationName&quot;:&quot;fadeIn&quot;}\"  >Evaluaci\u00f3n Integral de la ATM <\/h1><\/div><style>.porto-u-55ca8359258f9a412be7e73af65d2aac.porto-u-heading{text-align:center}<\/style><\/div>\t\t\t\t<\/div>\n\t\t\t\t<\/div>\n\t\t\t\t<section class=\"elementor-section elementor-inner-section elementor-element elementor-element-5e759f1e elementor-section-boxed elementor-section-height-default elementor-section-height-default\" data-id=\"5e759f1e\" data-element_type=\"section\">\r\n\t\t\r\n\t\t\t\t\t\t\t<div class=\"elementor-container elementor-column-gap-default\">\r\n\t\t\t\t\t\t\t\t\t\t\t<div class=\"elementor-column elementor-col-50 elementor-inner-column elementor-element elementor-element-2185571b\" data-id=\"2185571b\" data-element_type=\"column\">\r\n\t\t\t\t\t<div class=\"elementor-widget-wrap elementor-element-populated\">\r\n\t\t\t\t\t\t\t\t<div class=\"elementor-element elementor-element-42ff2f60 animated-slow elementor-invisible elementor-widget elementor-widget-text-editor\" data-id=\"42ff2f60\" data-element_type=\"widget\" data-settings=\"{&quot;_animation&quot;:&quot;fadeIn&quot;}\" data-widget_type=\"text-editor.default\">\n\t\t\t\t<div class=\"elementor-widget-container\">\n\t\t\t\t\t\t\t\t\t<p>La evaluaci\u00f3n de la ATM es un examen intrincado centrado en el an\u00e1lisis de su mordida. A lo largo de esta evaluaci\u00f3n, el m\u00e9dico observa meticulosamente el movimiento de su mand\u00edbula durante la apertura y el cierre, as\u00ed como la alineaci\u00f3n de sus dientes.<\/p><p>Numerosos factores pueden influir en su mordida, incluida la presencia de dientes faltantes o desalineados. Su postura tambi\u00e9n puede desempe\u00f1ar un papel, lo que hace que el m\u00e9dico eval\u00fae su postura al caminar y estar de pie.<\/p><p>Una faceta cr\u00edtica de este examen consiste en aplicar presi\u00f3n a los m\u00fasculos que controlan el movimiento de la mand\u00edbula, tanto externa como internamente. Adem\u00e1s, se eval\u00faan los m\u00fasculos del cuello, los hombros y la parte superior de la espalda. El m\u00e9dico puede emplear un estetoscopio para detectar los sonidos de la articulaci\u00f3n de la mand\u00edbula o colocar los dedos a lo largo de la mand\u00edbula para controlar sus movimientos.<\/p><p>La evaluaci\u00f3n incluye una revisi\u00f3n de los resultados de la imagen CBCT. La tomograf\u00eda computarizada de haz c\u00f3nico, una novedosa tecnolog\u00eda de im\u00e1genes, permite la reproducci\u00f3n de im\u00e1genes completas de sus estructuras dentales y faciales. A trav\u00e9s de las radiograf\u00edas CBCT, el m\u00e9dico puede examinar meticulosamente los componentes anat\u00f3micos de la articulaci\u00f3n de la mand\u00edbula. Las im\u00e1genes se comparten con usted, lo que permite al m\u00e9dico identificar las \u00e1reas que requieren atenci\u00f3n y facilita su comprensi\u00f3n de las razones subyacentes de sus s\u00edntomas.<\/p><p>Dentro de la evaluaci\u00f3n se incorpora un An\u00e1lisis Electromiogr\u00e1fico (EMG). Esta prueba no invasiva mide la actividad de los m\u00fasculos faciales, con lecturas registradas por un dispositivo especializado. El EMG proporciona informaci\u00f3n precisa sobre la funci\u00f3n muscular. Las lecturas se toman mientras la boca est\u00e1 abierta, cuando muerde e incluso en posiciones sentadas y de pie. Este enfoque integral ayuda a determinar los posibles impactos en otras partes de su cuerpo.<\/p><p>Despu\u00e9s de la evaluaci\u00f3n exhaustiva, el m\u00e9dico ofrecer\u00e1 una explicaci\u00f3n detallada del plan de tratamiento dise\u00f1ado para aliviar sus s\u00edntomas. El objetivo es proporcionar una comprensi\u00f3n clara del enfoque propuesto para mejorar su condici\u00f3n.<\/p>\t\t\t\t\t\t\t\t<\/div>\n\t\t\t\t<\/div>\n\t\t\t\t\t<\/div>\r\n\t\t\t\t<\/div>\r\n\t\t\t\t<div class=\"elementor-column elementor-col-50 elementor-inner-column elementor-element elementor-element-4a79ae7\" data-id=\"4a79ae7\" data-element_type=\"column\">\r\n\t\t\t\t\t<div class=\"elementor-widget-wrap elementor-element-populated\">\r\n\t\t\t\t\t\t\t\t<div class=\"elementor-element elementor-element-ff9e2a1 elementor-widget elementor-widget-text-editor\" data-id=\"ff9e2a1\" data-element_type=\"widget\" data-widget_type=\"text-editor.default\">\n\t\t\t\t<div class=\"elementor-widget-container\">\n\t\t\t\t\t\t\t\t\t<h4 align=\"center\">Nuestra Ubicaci\u00f3n<\/h4>\n<p>\t<span>7741 SW 62nd Ave<\/span><br>\n\t<span>South Miami<\/span><span>,<\/span> <span>FL<\/span> <span>33143<\/span><br>\t<span><a aria-label=\"Click to Call\" href=\"tel:+1 (305) 666-3824\">(305) 666-3824<\/a><\/span><br><\/p>\t\t\t\t\t\t\t\t<\/div>\n\t\t\t\t<\/div>\n\t\t\t\t<div class=\"elementor-element elementor-element-0efb657 elementor-widget elementor-widget-text-editor\" data-id=\"0efb657\" data-element_type=\"widget\" data-widget_type=\"text-editor.default\">\n\t\t\t\t<div class=\"elementor-widget-container\">\n\t\t\t\t\t\t\t\t\t<h4 align=\"center\">S\u00edguenos<\/h4>\n\t\t\t\t\t\t\t\t<\/div>\n\t\t\t\t<\/div>\n\t\t\t\t<div class=\"elementor-element elementor-element-9e1b96d elementor-shape-rounded elementor-grid-0 e-grid-align-center elementor-widget elementor-widget-social-icons\" data-id=\"9e1b96d\" data-element_type=\"widget\" data-widget_type=\"social-icons.default\">\n\t\t\t\t<div class=\"elementor-widget-container\">\n\t\t\t\t\t\t\t<div class=\"elementor-social-icons-wrapper elementor-grid\" role=\"list\">\n\t\t\t\t\t\t\t<span class=\"elementor-grid-item\" role=\"listitem\">\n\t\t\t\t\t<a class=\"elementor-icon elementor-social-icon elementor-social-icon-facebook elementor-animation-shrink elementor-repeater-item-d3aeeb9\" href=\"https:\/\/www.facebook.com\/AlvaroOrdonezDds\/\" target=\"_blank\">\n\t\t\t\t\t\t<span class=\"elementor-screen-only\">Facebook<\/span>\n\t\t\t\t\t\t<i aria-hidden=\"true\" class=\"fab fa-facebook\"><\/i>\t\t\t\t\t<\/a>\n\t\t\t\t<\/span>\n\t\t\t\t\t\t\t<span class=\"elementor-grid-item\" role=\"listitem\">\n\t\t\t\t\t<a class=\"elementor-icon elementor-social-icon elementor-social-icon-twitter elementor-animation-shrink elementor-repeater-item-0345674\" href=\"https:\/\/twitter.com\/DrOrdonezDDS\" target=\"_blank\">\n\t\t\t\t\t\t<span class=\"elementor-screen-only\">Twitter<\/span>\n\t\t\t\t\t\t<i aria-hidden=\"true\" class=\"fab fa-twitter\"><\/i>\t\t\t\t\t<\/a>\n\t\t\t\t<\/span>\n\t\t\t\t\t\t\t<span class=\"elementor-grid-item\" role=\"listitem\">\n\t\t\t\t\t<a class=\"elementor-icon elementor-social-icon elementor-social-icon-instagram elementor-animation-shrink elementor-repeater-item-5d29ac9\" href=\"https:\/\/www.instagram.com\/dralvaroordonezdds\/\" target=\"_blank\">\n\t\t\t\t\t\t<span class=\"elementor-screen-only\">Instagram<\/span>\n\t\t\t\t\t\t<i aria-hidden=\"true\" class=\"fab fa-instagram\"><\/i>\t\t\t\t\t<\/a>\n\t\t\t\t<\/span>\n\t\t\t\t\t\t\t<span class=\"elementor-grid-item\" role=\"listitem\">\n\t\t\t\t\t<a class=\"elementor-icon elementor-social-icon elementor-social-icon-linkedin elementor-animation-shrink elementor-repeater-item-51eda4a\" href=\"https:\/\/www.linkedin.com\/in\/alvaro-ordonez\/\" target=\"_blank\">\n\t\t\t\t\t\t<span class=\"elementor-screen-only\">Linkedin<\/span>\n\t\t\t\t\t\t<i aria-hidden=\"true\" class=\"fab fa-linkedin\"><\/i>\t\t\t\t\t<\/a>\n\t\t\t\t<\/span>\n\t\t\t\t\t<\/div>\n\t\t\t\t\t\t<\/div>\n\t\t\t\t<\/div>\n\t\t\t\t\t<\/div>\r\n\t\t\t\t<\/div>\r\n\t\t\t\t\t<\/div>\r\n\t\t\t\t<\/section>\r\n\t\t\t\t\t<\/div>\r\n\t\t\t\t<\/div>\r\n\t\t\t\t\t<\/div>\r\n\t\t\t\t<\/section>\r\n\t\t\t\t<\/div>\n\t\t","protected":false},"excerpt":{"rendered":"<p>Evaluaci\u00f3n Integral de la ATM La evaluaci\u00f3n de la ATM es un examen intrincado centrado en el an\u00e1lisis de su mordida. A lo largo de esta evaluaci\u00f3n, el m\u00e9dico observa meticulosamente el movimiento de su mand\u00edbula durante la apertura y el cierre, as\u00ed como la alineaci\u00f3n de sus dientes. Numerosos factores pueden influir en su [&hellip;]<\/p>\n","protected":false},"author":1,"featured_media":0,"parent":2112,"menu_order":0,"comment_status":"closed","ping_status":"closed","template":"","meta":{"footnotes":""},"class_list":["post-2126","page","type-page","status-publish","hentry"],"yoast_head":"<!-- This site is optimized with the Yoast SEO plugin v27.2 - https:\/\/yoast.com\/product\/yoast-seo-wordpress\/ -->\n<title>Evaluaci\u00f3n Integral de la ATM - Alvaro Ordonez, DDS<\/title>\n<meta name=\"description\" content=\"Evaluaci\u00f3n completa de la ATM: an\u00e1lisis detallado de mordida, postura y m\u00fasculos. Im\u00e1genes CBCT y EMG para diagn\u00f3stico preciso.\" \/>\n<meta name=\"robots\" content=\"index, follow, max-snippet:-1, max-image-preview:large, max-video-preview:-1\" \/>\n<link rel=\"canonical\" href=\"https:\/\/alvaroordonezdds.com\/es\/servicios\/evaluacion-integral-de-la-atm\/\" \/>\n<meta property=\"og:locale\" content=\"es_ES\" \/>\n<meta property=\"og:type\" content=\"article\" \/>\n<meta property=\"og:title\" content=\"Evaluaci\u00f3n Integral de la ATM - Alvaro Ordonez, DDS\" \/>\n<meta property=\"og:description\" content=\"Evaluaci\u00f3n completa de la ATM: an\u00e1lisis detallado de mordida, postura y m\u00fasculos. Im\u00e1genes CBCT y EMG para diagn\u00f3stico preciso.\" \/>\n<meta property=\"og:url\" content=\"https:\/\/alvaroordonezdds.com\/es\/servicios\/evaluacion-integral-de-la-atm\/\" \/>\n<meta property=\"og:site_name\" content=\"Alvaro Ordonez, DDS\" \/>\n<meta property=\"article:publisher\" content=\"https:\/\/www.facebook.com\/AlvaroOrdonezDds\/\" \/>\n<meta property=\"article:modified_time\" content=\"2024-02-13T16:10:25+00:00\" \/>\n<meta property=\"og:image\" content=\"https:\/\/alvaroordonezdds.com\/wp-content\/uploads\/2023\/08\/Alvaro-Ordonez.png\" \/>\n\t<meta property=\"og:image:width\" content=\"400\" \/>\n\t<meta property=\"og:image:height\" content=\"160\" \/>\n\t<meta property=\"og:image:type\" content=\"image\/png\" \/>\n<meta name=\"twitter:card\" content=\"summary_large_image\" \/>\n<meta name=\"twitter:site\" content=\"@DrOrdonezDDS\" \/>\n<meta name=\"twitter:label1\" content=\"Tiempo de lectura\" \/>\n\t<meta name=\"twitter:data1\" content=\"2 minutos\" \/>\n<script type=\"application\/ld+json\" class=\"yoast-schema-graph\">{\"@context\":\"https:\/\/schema.org\",\"@graph\":[{\"@type\":\"WebPage\",\"@id\":\"https:\/\/alvaroordonezdds.com\/es\/servicios\/evaluacion-integral-de-la-atm\/\",\"url\":\"https:\/\/alvaroordonezdds.com\/es\/servicios\/evaluacion-integral-de-la-atm\/\",\"name\":\"Evaluaci\u00f3n Integral de la ATM - Alvaro Ordonez, DDS\",\"isPartOf\":{\"@id\":\"https:\/\/alvaroordonezdds.com\/#website\"},\"datePublished\":\"2023-08-15T16:21:30+00:00\",\"dateModified\":\"2024-02-13T16:10:25+00:00\",\"description\":\"Evaluaci\u00f3n completa de la ATM: an\u00e1lisis detallado de mordida, postura y m\u00fasculos. Im\u00e1genes CBCT y EMG para diagn\u00f3stico preciso.\",\"breadcrumb\":{\"@id\":\"https:\/\/alvaroordonezdds.com\/es\/servicios\/evaluacion-integral-de-la-atm\/#breadcrumb\"},\"inLanguage\":\"es\",\"potentialAction\":[{\"@type\":\"ReadAction\",\"target\":[\"https:\/\/alvaroordonezdds.com\/es\/servicios\/evaluacion-integral-de-la-atm\/\"]}]},{\"@type\":\"BreadcrumbList\",\"@id\":\"https:\/\/alvaroordonezdds.com\/es\/servicios\/evaluacion-integral-de-la-atm\/#breadcrumb\",\"itemListElement\":[{\"@type\":\"ListItem\",\"position\":1,\"name\":\"Home\",\"item\":\"https:\/\/alvaroordonezdds.com\/\"},{\"@type\":\"ListItem\",\"position\":2,\"name\":\"Servicios\",\"item\":\"https:\/\/alvaroordonezdds.com\/es\/servicios\/\"},{\"@type\":\"ListItem\",\"position\":3,\"name\":\"Evaluaci\u00f3n Integral de la ATM\"}]},{\"@type\":\"WebSite\",\"@id\":\"https:\/\/alvaroordonezdds.com\/#website\",\"url\":\"https:\/\/alvaroordonezdds.com\/\",\"name\":\"Alvaro Ordonez DDS\",\"description\":\"Dental Office in Miami\",\"publisher\":{\"@id\":\"https:\/\/alvaroordonezdds.com\/#organization\"},\"potentialAction\":[{\"@type\":\"SearchAction\",\"target\":{\"@type\":\"EntryPoint\",\"urlTemplate\":\"https:\/\/alvaroordonezdds.com\/?s={search_term_string}\"},\"query-input\":{\"@type\":\"PropertyValueSpecification\",\"valueRequired\":true,\"valueName\":\"search_term_string\"}}],\"inLanguage\":\"es\"},{\"@type\":\"Organization\",\"@id\":\"https:\/\/alvaroordonezdds.com\/#organization\",\"name\":\"Alvaro Ordonez DDS\",\"url\":\"https:\/\/alvaroordonezdds.com\/\",\"logo\":{\"@type\":\"ImageObject\",\"inLanguage\":\"es\",\"@id\":\"https:\/\/alvaroordonezdds.com\/#\/schema\/logo\/image\/\",\"url\":\"https:\/\/alvaroordonezdds.com\/wp-content\/uploads\/2023\/08\/Alvaro-Ordonez.png\",\"contentUrl\":\"https:\/\/alvaroordonezdds.com\/wp-content\/uploads\/2023\/08\/Alvaro-Ordonez.png\",\"width\":400,\"height\":160,\"caption\":\"Alvaro Ordonez DDS\"},\"image\":{\"@id\":\"https:\/\/alvaroordonezdds.com\/#\/schema\/logo\/image\/\"},\"sameAs\":[\"https:\/\/www.facebook.com\/AlvaroOrdonezDds\/\",\"https:\/\/x.com\/DrOrdonezDDS\",\"https:\/\/www.instagram.com\/dralvaroordonezdds\/\",\"https:\/\/www.linkedin.com\/in\/alvaro-ordonez\/\"]}]}<\/script>\n<!-- \/ Yoast SEO plugin. -->","yoast_head_json":{"title":"Evaluaci\u00f3n Integral de la ATM - Alvaro Ordonez, DDS","description":"Evaluaci\u00f3n completa de la ATM: an\u00e1lisis detallado de mordida, postura y m\u00fasculos. Im\u00e1genes CBCT y EMG para diagn\u00f3stico preciso.","robots":{"index":"index","follow":"follow","max-snippet":"max-snippet:-1","max-image-preview":"max-image-preview:large","max-video-preview":"max-video-preview:-1"},"canonical":"https:\/\/alvaroordonezdds.com\/es\/servicios\/evaluacion-integral-de-la-atm\/","og_locale":"es_ES","og_type":"article","og_title":"Evaluaci\u00f3n Integral de la ATM - Alvaro Ordonez, DDS","og_description":"Evaluaci\u00f3n completa de la ATM: an\u00e1lisis detallado de mordida, postura y m\u00fasculos. Im\u00e1genes CBCT y EMG para diagn\u00f3stico preciso.","og_url":"https:\/\/alvaroordonezdds.com\/es\/servicios\/evaluacion-integral-de-la-atm\/","og_site_name":"Alvaro Ordonez, DDS","article_publisher":"https:\/\/www.facebook.com\/AlvaroOrdonezDds\/","article_modified_time":"2024-02-13T16:10:25+00:00","og_image":[{"width":400,"height":160,"url":"https:\/\/alvaroordonezdds.com\/wp-content\/uploads\/2023\/08\/Alvaro-Ordonez.png","type":"image\/png"}],"twitter_card":"summary_large_image","twitter_site":"@DrOrdonezDDS","twitter_misc":{"Tiempo de lectura":"2 minutos"},"schema":{"@context":"https:\/\/schema.org","@graph":[{"@type":"WebPage","@id":"https:\/\/alvaroordonezdds.com\/es\/servicios\/evaluacion-integral-de-la-atm\/","url":"https:\/\/alvaroordonezdds.com\/es\/servicios\/evaluacion-integral-de-la-atm\/","name":"Evaluaci\u00f3n Integral de la ATM - Alvaro Ordonez, DDS","isPartOf":{"@id":"https:\/\/alvaroordonezdds.com\/#website"},"datePublished":"2023-08-15T16:21:30+00:00","dateModified":"2024-02-13T16:10:25+00:00","description":"Evaluaci\u00f3n completa de la ATM: an\u00e1lisis detallado de mordida, postura y m\u00fasculos. Im\u00e1genes CBCT y EMG para diagn\u00f3stico preciso.","breadcrumb":{"@id":"https:\/\/alvaroordonezdds.com\/es\/servicios\/evaluacion-integral-de-la-atm\/#breadcrumb"},"inLanguage":"es","potentialAction":[{"@type":"ReadAction","target":["https:\/\/alvaroordonezdds.com\/es\/servicios\/evaluacion-integral-de-la-atm\/"]}]},{"@type":"BreadcrumbList","@id":"https:\/\/alvaroordonezdds.com\/es\/servicios\/evaluacion-integral-de-la-atm\/#breadcrumb","itemListElement":[{"@type":"ListItem","position":1,"name":"Home","item":"https:\/\/alvaroordonezdds.com\/"},{"@type":"ListItem","position":2,"name":"Servicios","item":"https:\/\/alvaroordonezdds.com\/es\/servicios\/"},{"@type":"ListItem","position":3,"name":"Evaluaci\u00f3n Integral de la ATM"}]},{"@type":"WebSite","@id":"https:\/\/alvaroordonezdds.com\/#website","url":"https:\/\/alvaroordonezdds.com\/","name":"Alvaro Ordonez DDS","description":"Dental Office in Miami","publisher":{"@id":"https:\/\/alvaroordonezdds.com\/#organization"},"potentialAction":[{"@type":"SearchAction","target":{"@type":"EntryPoint","urlTemplate":"https:\/\/alvaroordonezdds.com\/?s={search_term_string}"},"query-input":{"@type":"PropertyValueSpecification","valueRequired":true,"valueName":"search_term_string"}}],"inLanguage":"es"},{"@type":"Organization","@id":"https:\/\/alvaroordonezdds.com\/#organization","name":"Alvaro Ordonez DDS","url":"https:\/\/alvaroordonezdds.com\/","logo":{"@type":"ImageObject","inLanguage":"es","@id":"https:\/\/alvaroordonezdds.com\/#\/schema\/logo\/image\/","url":"https:\/\/alvaroordonezdds.com\/wp-content\/uploads\/2023\/08\/Alvaro-Ordonez.png","contentUrl":"https:\/\/alvaroordonezdds.com\/wp-content\/uploads\/2023\/08\/Alvaro-Ordonez.png","width":400,"height":160,"caption":"Alvaro Ordonez DDS"},"image":{"@id":"https:\/\/alvaroordonezdds.com\/#\/schema\/logo\/image\/"},"sameAs":["https:\/\/www.facebook.com\/AlvaroOrdonezDds\/","https:\/\/x.com\/DrOrdonezDDS","https:\/\/www.instagram.com\/dralvaroordonezdds\/","https:\/\/www.linkedin.com\/in\/alvaro-ordonez\/"]}]}},"jetpack_sharing_enabled":true,"_links":{"self":[{"href":"https:\/\/alvaroordonezdds.com\/es\/wp-json\/wp\/v2\/pages\/2126","targetHints":{"allow":["GET"]}}],"collection":[{"href":"https:\/\/alvaroordonezdds.com\/es\/wp-json\/wp\/v2\/pages"}],"about":[{"href":"https:\/\/alvaroordonezdds.com\/es\/wp-json\/wp\/v2\/types\/page"}],"author":[{"embeddable":true,"href":"https:\/\/alvaroordonezdds.com\/es\/wp-json\/wp\/v2\/users\/1"}],"replies":[{"embeddable":true,"href":"https:\/\/alvaroordonezdds.com\/es\/wp-json\/wp\/v2\/comments?post=2126"}],"version-history":[{"count":16,"href":"https:\/\/alvaroordonezdds.com\/es\/wp-json\/wp\/v2\/pages\/2126\/revisions"}],"predecessor-version":[{"id":6056,"href":"https:\/\/alvaroordonezdds.com\/es\/wp-json\/wp\/v2\/pages\/2126\/revisions\/6056"}],"up":[{"embeddable":true,"href":"https:\/\/alvaroordonezdds.com\/es\/wp-json\/wp\/v2\/pages\/2112"}],"wp:attachment":[{"href":"https:\/\/alvaroordonezdds.com\/es\/wp-json\/wp\/v2\/media?parent=2126"}],"curies":[{"name":"wp","href":"https:\/\/api.w.org\/{rel}","templated":true}]}}