{"id":2131,"date":"2023-08-15T17:30:44","date_gmt":"2023-08-15T21:30:44","guid":{"rendered":"http:\/\/kkc.wig.mybluehost.me\/services\/emergency-treatment\/"},"modified":"2024-02-12T17:09:41","modified_gmt":"2024-02-12T21:09:41","slug":"tratamiento-de-emergencia","status":"publish","type":"page","link":"https:\/\/alvaroordonezdds.com\/es\/servicios\/tratamiento-de-emergencia\/","title":{"rendered":"Tratamiento de Emergencia"},"content":{"rendered":"\t\t<div data-elementor-type=\"wp-page\" data-elementor-id=\"2131\" class=\"elementor elementor-2131 elementor-1892\">\n\t\t\t\t\t\t<section class=\"elementor-section elementor-top-section elementor-element elementor-element-4d4bd92d elementor-section-full_width elementor-section-stretched elementor-section-height-default elementor-section-height-default\" data-id=\"4d4bd92d\" data-element_type=\"section\" data-settings=\"{&quot;stretch_section&quot;:&quot;section-stretched&quot;}\">\r\n\t\t\r\n\t\t\t\t\t\t\t<div class=\"elementor-container elementor-column-gap-no porto-ibanner\">\r\n\t\t\t\t<img fetchpriority=\"high\" decoding=\"async\" src=\"https:\/\/alvaroordonezdds.com\/wp-content\/uploads\/2023\/08\/Emergency-Treatment-Alvaro-Ordonez.jpg\" alt=\"Emergency Treatment - Alvaro Ordonez\" width=\"1900\" height=\"500\" class=\"porto-ibanner-img\" srcset=\"https:\/\/alvaroordonezdds.com\/wp-content\/uploads\/2023\/08\/Emergency-Treatment-Alvaro-Ordonez.jpg 1900w, https:\/\/alvaroordonezdds.com\/wp-content\/uploads\/2023\/08\/Emergency-Treatment-Alvaro-Ordonez-1024x269.jpg 1024w, https:\/\/alvaroordonezdds.com\/wp-content\/uploads\/2023\/08\/Emergency-Treatment-Alvaro-Ordonez-768x202.jpg 768w, https:\/\/alvaroordonezdds.com\/wp-content\/uploads\/2023\/08\/Emergency-Treatment-Alvaro-Ordonez-1536x404.jpg 1536w, https:\/\/alvaroordonezdds.com\/wp-content\/uploads\/2023\/08\/Emergency-Treatment-Alvaro-Ordonez-640x168.jpg 640w, https:\/\/alvaroordonezdds.com\/wp-content\/uploads\/2023\/08\/Emergency-Treatment-Alvaro-Ordonez-400x105.jpg 400w\" sizes=\"(max-width: 1900px) 100vw, 1900px\">\t\t\t\t\t\t\t<div class=\"elementor-column elementor-col-100 elementor-top-column elementor-element elementor-element-1379c291\" data-id=\"1379c291\" data-element_type=\"column\">\r\n\t\t\t\t\t<div class=\"elementor-widget-wrap\">\r\n\t\t\t\t\t\t\t\t\t<\/div>\r\n\t\t\t\t<\/div>\r\n\t\t\t\t\t<\/div>\r\n\t\t\t\t<\/section>\r\n\t\t\t\t<section class=\"elementor-section elementor-top-section elementor-element elementor-element-51f20d95 elementor-section-boxed elementor-section-height-default elementor-section-height-default\" data-id=\"51f20d95\" data-element_type=\"section\">\r\n\t\t\r\n\t\t\t\t\t\t\t<div class=\"elementor-container elementor-column-gap-default\">\r\n\t\t\t\t\t\t\t\t\t\t\t<div class=\"elementor-column elementor-col-100 elementor-top-column elementor-element elementor-element-1d5309a1\" data-id=\"1d5309a1\" data-element_type=\"column\">\r\n\t\t\t\t\t<div class=\"elementor-widget-wrap elementor-element-populated\">\r\n\t\t\t\t\t\t\t\t<div class=\"elementor-element elementor-element-7774d3d3 elementor-widget elementor-widget-spacer\" data-id=\"7774d3d3\" data-element_type=\"widget\" data-widget_type=\"spacer.default\">\n\t\t\t\t<div class=\"elementor-widget-container\">\n\t\t\t\t\t\t\t<div class=\"elementor-spacer\">\n\t\t\t<div class=\"elementor-spacer-inner\"><\/div>\n\t\t<\/div>\n\t\t\t\t\t\t<\/div>\n\t\t\t\t<\/div>\n\t\t\t\t\t<\/div>\r\n\t\t\t\t<\/div>\r\n\t\t\t\t\t<\/div>\r\n\t\t\t\t<\/section>\r\n\t\t\t\t<section class=\"elementor-section elementor-top-section elementor-element elementor-element-260e0b47 elementor-section-boxed elementor-section-height-default elementor-section-height-default\" data-id=\"260e0b47\" data-element_type=\"section\">\r\n\t\t\r\n\t\t\t\t\t\t\t<div class=\"elementor-container elementor-column-gap-default\">\r\n\t\t\t\t\t\t\t\t\t\t\t<div class=\"elementor-column elementor-col-100 elementor-top-column elementor-element elementor-element-7cc59e6c\" data-id=\"7cc59e6c\" data-element_type=\"column\">\r\n\t\t\t\t\t<div class=\"elementor-widget-wrap elementor-element-populated\">\r\n\t\t\t\t\t\t\t\t<div class=\"elementor-element elementor-element-1f047824 elementor-widget elementor-widget-porto_ultimate_heading\" data-id=\"1f047824\" data-element_type=\"widget\" data-widget_type=\"porto_ultimate_heading.default\">\n\t\t\t\t<div class=\"elementor-widget-container\">\n\t\t\t\t\t<div class=\"porto-u-heading  porto-u-55ca8359258f9a412be7e73af65d2aac\"><div class=\"porto-u-main-heading\"><h1 data-plugin-animated-letters data-plugin-options=\"{&quot;startDelay&quot;:0,&quot;minWindowWidth&quot;:0,&quot;animationName&quot;:&quot;fadeIn&quot;}\"  >Tratamiento de Emergencia<\/h1><\/div><style>.porto-u-55ca8359258f9a412be7e73af65d2aac.porto-u-heading{text-align:center}<\/style><\/div>\t\t\t\t<\/div>\n\t\t\t\t<\/div>\n\t\t\t\t<section class=\"elementor-section elementor-inner-section elementor-element elementor-element-7c44fef5 elementor-section-boxed elementor-section-height-default elementor-section-height-default\" data-id=\"7c44fef5\" data-element_type=\"section\">\r\n\t\t\r\n\t\t\t\t\t\t\t<div class=\"elementor-container elementor-column-gap-default\">\r\n\t\t\t\t\t\t\t\t\t\t\t<div class=\"elementor-column elementor-col-50 elementor-inner-column elementor-element elementor-element-569fa5a8\" data-id=\"569fa5a8\" data-element_type=\"column\">\r\n\t\t\t\t\t<div class=\"elementor-widget-wrap elementor-element-populated\">\r\n\t\t\t\t\t\t\t\t<div class=\"elementor-element elementor-element-752534d2 animated-slow elementor-invisible elementor-widget elementor-widget-text-editor\" data-id=\"752534d2\" data-element_type=\"widget\" data-settings=\"{&quot;_animation&quot;:&quot;fadeIn&quot;}\" data-widget_type=\"text-editor.default\">\n\t\t\t\t<div class=\"elementor-widget-container\">\n\t\t\t\t\t\t\t\t\t<p>Entendemos que sus emergencias son nuestra m\u00e1xima prioridad. Nuestro equipo se compromete a brindar atenci\u00f3n inmediata para todas las emergencias, incluso los fines de semana y d\u00edas festivos. Ya sea un paciente existente o nuevo en nuestra pr\u00e1ctica, estamos para ayudarle durante las emergencias dentales.<\/p><p>Las emergencias dentales pueden manifestarse de varias maneras. Las molestias pueden surgir de lesiones orales faciales, la celeridad repentina de un problema continuo o un dolor intenso e imprevisto. Independientemente de la situaci\u00f3n, la atenci\u00f3n dental urgente es crucial para ofrecer alivio y prevenir cualquier posible repercusi\u00f3n en su salud bucal, funcionalidad y bienestar general.<\/p><p>Numerosos factores pueden provocar la necesidad de atenci\u00f3n dental de emergencia, como dolores de muelas intensos, dientes fracturados o astillados, abscesos dentales, dientes impactados, empastes comprometidos, coronas desplazadas o p\u00e9rdidas y dentaduras postizas rotas, entre otras preocupaciones. Si bien el dolor de muelas es una raz\u00f3n frecuente para buscar atenci\u00f3n inmediata, tambi\u00e9n abordamos emergencias que pueden no ser dolorosas, como coronas desprendidas o dentaduras postizas rotas que afectan la est\u00e9tica de su sonrisa.<\/p><p>Ya sea que su emergencia dental implique dolor, afecte la apariencia de su sonrisa o genere inquietudes sobre una posible infecci\u00f3n, no dude en comunicarse con nuestra oficina de inmediato. Nos dedicamos a programar su cita lo antes posible para atender sus necesidades de manera r\u00e1pida y efectiva. Si necesita asistencia dental de emergencia, ll\u00e1menos ahora al <a href=\"tel:+13056663824\">(305) 666-3824<\/a><\/p>\t\t\t\t\t\t\t\t<\/div>\n\t\t\t\t<\/div>\n\t\t\t\t\t<\/div>\r\n\t\t\t\t<\/div>\r\n\t\t\t\t<div class=\"elementor-column elementor-col-50 elementor-inner-column elementor-element elementor-element-956ed44\" data-id=\"956ed44\" data-element_type=\"column\">\r\n\t\t\t\t\t<div class=\"elementor-widget-wrap elementor-element-populated\">\r\n\t\t\t\t\t\t\t\t<div class=\"elementor-element elementor-element-1bf8cef elementor-widget elementor-widget-text-editor\" data-id=\"1bf8cef\" data-element_type=\"widget\" data-widget_type=\"text-editor.default\">\n\t\t\t\t<div class=\"elementor-widget-container\">\n\t\t\t\t\t\t\t\t\t<h4 align=\"center\">Nuestra Ubicaci\u00f3n<\/h4>\n<p>\t<span>7741 SW 62nd Ave<\/span><br>\n\t<span>South Miami<\/span><span>,<\/span> <span>FL<\/span> <span>33143<\/span><br>\t<span><a aria-label=\"Click to Call\" href=\"tel:+1 (305) 666-3824\">(305) 666-3824<\/a><\/span><br><\/p>\t\t\t\t\t\t\t\t<\/div>\n\t\t\t\t<\/div>\n\t\t\t\t<div class=\"elementor-element elementor-element-6120ddd elementor-widget elementor-widget-text-editor\" data-id=\"6120ddd\" data-element_type=\"widget\" data-widget_type=\"text-editor.default\">\n\t\t\t\t<div class=\"elementor-widget-container\">\n\t\t\t\t\t\t\t\t\t<h4 align=\"center\">S\u00edguenos<\/h4>\n\t\t\t\t\t\t\t\t<\/div>\n\t\t\t\t<\/div>\n\t\t\t\t<div class=\"elementor-element elementor-element-9caec7c elementor-shape-rounded elementor-grid-0 e-grid-align-center elementor-widget elementor-widget-social-icons\" data-id=\"9caec7c\" data-element_type=\"widget\" data-widget_type=\"social-icons.default\">\n\t\t\t\t<div class=\"elementor-widget-container\">\n\t\t\t\t\t\t\t<div class=\"elementor-social-icons-wrapper elementor-grid\" role=\"list\">\n\t\t\t\t\t\t\t<span class=\"elementor-grid-item\" role=\"listitem\">\n\t\t\t\t\t<a class=\"elementor-icon elementor-social-icon elementor-social-icon-facebook elementor-animation-shrink elementor-repeater-item-d3aeeb9\" href=\"https:\/\/www.facebook.com\/AlvaroOrdonezDds\/\" target=\"_blank\">\n\t\t\t\t\t\t<span class=\"elementor-screen-only\">Facebook<\/span>\n\t\t\t\t\t\t<i aria-hidden=\"true\" class=\"fab fa-facebook\"><\/i>\t\t\t\t\t<\/a>\n\t\t\t\t<\/span>\n\t\t\t\t\t\t\t<span class=\"elementor-grid-item\" role=\"listitem\">\n\t\t\t\t\t<a class=\"elementor-icon elementor-social-icon elementor-social-icon-twitter elementor-animation-shrink elementor-repeater-item-0345674\" href=\"https:\/\/twitter.com\/DrOrdonezDDS\" target=\"_blank\">\n\t\t\t\t\t\t<span class=\"elementor-screen-only\">Twitter<\/span>\n\t\t\t\t\t\t<i aria-hidden=\"true\" class=\"fab fa-twitter\"><\/i>\t\t\t\t\t<\/a>\n\t\t\t\t<\/span>\n\t\t\t\t\t\t\t<span class=\"elementor-grid-item\" role=\"listitem\">\n\t\t\t\t\t<a class=\"elementor-icon elementor-social-icon elementor-social-icon-instagram elementor-animation-shrink elementor-repeater-item-5d29ac9\" href=\"https:\/\/www.instagram.com\/dralvaroordonezdds\/\" target=\"_blank\">\n\t\t\t\t\t\t<span class=\"elementor-screen-only\">Instagram<\/span>\n\t\t\t\t\t\t<i aria-hidden=\"true\" class=\"fab fa-instagram\"><\/i>\t\t\t\t\t<\/a>\n\t\t\t\t<\/span>\n\t\t\t\t\t\t\t<span class=\"elementor-grid-item\" role=\"listitem\">\n\t\t\t\t\t<a class=\"elementor-icon elementor-social-icon elementor-social-icon-linkedin elementor-animation-shrink elementor-repeater-item-51eda4a\" href=\"https:\/\/www.linkedin.com\/in\/alvaro-ordonez\/\" target=\"_blank\">\n\t\t\t\t\t\t<span class=\"elementor-screen-only\">Linkedin<\/span>\n\t\t\t\t\t\t<i aria-hidden=\"true\" class=\"fab fa-linkedin\"><\/i>\t\t\t\t\t<\/a>\n\t\t\t\t<\/span>\n\t\t\t\t\t<\/div>\n\t\t\t\t\t\t<\/div>\n\t\t\t\t<\/div>\n\t\t\t\t\t<\/div>\r\n\t\t\t\t<\/div>\r\n\t\t\t\t\t<\/div>\r\n\t\t\t\t<\/section>\r\n\t\t\t\t\t<\/div>\r\n\t\t\t\t<\/div>\r\n\t\t\t\t\t<\/div>\r\n\t\t\t\t<\/section>\r\n\t\t\t\t<\/div>\n\t\t","protected":false},"excerpt":{"rendered":"<p>Tratamiento de Emergencia Entendemos que sus emergencias son nuestra m\u00e1xima prioridad. Nuestro equipo se compromete a brindar atenci\u00f3n inmediata para todas las emergencias, incluso los fines de semana y d\u00edas festivos. Ya sea un paciente existente o nuevo en nuestra pr\u00e1ctica, estamos para ayudarle durante las emergencias dentales. Las emergencias dentales pueden manifestarse de varias [&hellip;]<\/p>\n","protected":false},"author":1,"featured_media":0,"parent":2112,"menu_order":0,"comment_status":"closed","ping_status":"closed","template":"","meta":{"footnotes":""},"class_list":["post-2131","page","type-page","status-publish","hentry"],"yoast_head":"<!-- This site is optimized with the Yoast SEO plugin v27.2 - https:\/\/yoast.com\/product\/yoast-seo-wordpress\/ -->\n<title>Tratamiento de Emergencia - Alvaro Ordonez, DDS<\/title>\n<meta name=\"description\" content=\"Atenci\u00f3n dental de emergencia disponible los 7 d\u00edas de la semana. Experimente alivio inmediato para dolores, fracturas y otras situaciones urgentes. Ll\u00e1menos ahora.\" \/>\n<meta name=\"robots\" content=\"index, follow, max-snippet:-1, max-image-preview:large, max-video-preview:-1\" \/>\n<link rel=\"canonical\" href=\"https:\/\/alvaroordonezdds.com\/es\/servicios\/tratamiento-de-emergencia\/\" \/>\n<meta property=\"og:locale\" content=\"es_ES\" \/>\n<meta property=\"og:type\" content=\"article\" \/>\n<meta property=\"og:title\" content=\"Tratamiento de Emergencia - Alvaro Ordonez, DDS\" \/>\n<meta property=\"og:description\" content=\"Atenci\u00f3n dental de emergencia disponible los 7 d\u00edas de la semana. Experimente alivio inmediato para dolores, fracturas y otras situaciones urgentes. Ll\u00e1menos ahora.\" \/>\n<meta property=\"og:url\" content=\"https:\/\/alvaroordonezdds.com\/es\/servicios\/tratamiento-de-emergencia\/\" \/>\n<meta property=\"og:site_name\" content=\"Alvaro Ordonez, DDS\" \/>\n<meta property=\"article:publisher\" content=\"https:\/\/www.facebook.com\/AlvaroOrdonezDds\/\" \/>\n<meta property=\"article:modified_time\" content=\"2024-02-12T21:09:41+00:00\" \/>\n<meta property=\"og:image\" content=\"https:\/\/alvaroordonezdds.com\/wp-content\/uploads\/2023\/08\/Alvaro-Ordonez.png\" \/>\n\t<meta property=\"og:image:width\" content=\"400\" \/>\n\t<meta property=\"og:image:height\" content=\"160\" \/>\n\t<meta property=\"og:image:type\" content=\"image\/png\" \/>\n<meta name=\"twitter:card\" content=\"summary_large_image\" \/>\n<meta name=\"twitter:site\" content=\"@DrOrdonezDDS\" \/>\n<meta name=\"twitter:label1\" content=\"Tiempo de lectura\" \/>\n\t<meta name=\"twitter:data1\" content=\"2 minutos\" \/>\n<script type=\"application\/ld+json\" class=\"yoast-schema-graph\">{\"@context\":\"https:\/\/schema.org\",\"@graph\":[{\"@type\":\"WebPage\",\"@id\":\"https:\/\/alvaroordonezdds.com\/es\/servicios\/tratamiento-de-emergencia\/\",\"url\":\"https:\/\/alvaroordonezdds.com\/es\/servicios\/tratamiento-de-emergencia\/\",\"name\":\"Tratamiento de Emergencia - Alvaro Ordonez, DDS\",\"isPartOf\":{\"@id\":\"https:\/\/alvaroordonezdds.com\/#website\"},\"datePublished\":\"2023-08-15T21:30:44+00:00\",\"dateModified\":\"2024-02-12T21:09:41+00:00\",\"description\":\"Atenci\u00f3n dental de emergencia disponible los 7 d\u00edas de la semana. Experimente alivio inmediato para dolores, fracturas y otras situaciones urgentes. Ll\u00e1menos ahora.\",\"breadcrumb\":{\"@id\":\"https:\/\/alvaroordonezdds.com\/es\/servicios\/tratamiento-de-emergencia\/#breadcrumb\"},\"inLanguage\":\"es\",\"potentialAction\":[{\"@type\":\"ReadAction\",\"target\":[\"https:\/\/alvaroordonezdds.com\/es\/servicios\/tratamiento-de-emergencia\/\"]}]},{\"@type\":\"BreadcrumbList\",\"@id\":\"https:\/\/alvaroordonezdds.com\/es\/servicios\/tratamiento-de-emergencia\/#breadcrumb\",\"itemListElement\":[{\"@type\":\"ListItem\",\"position\":1,\"name\":\"Home\",\"item\":\"https:\/\/alvaroordonezdds.com\/\"},{\"@type\":\"ListItem\",\"position\":2,\"name\":\"Servicios\",\"item\":\"https:\/\/alvaroordonezdds.com\/es\/servicios\/\"},{\"@type\":\"ListItem\",\"position\":3,\"name\":\"Tratamiento de Emergencia\"}]},{\"@type\":\"WebSite\",\"@id\":\"https:\/\/alvaroordonezdds.com\/#website\",\"url\":\"https:\/\/alvaroordonezdds.com\/\",\"name\":\"Alvaro Ordonez DDS\",\"description\":\"Dental Office in Miami\",\"publisher\":{\"@id\":\"https:\/\/alvaroordonezdds.com\/#organization\"},\"potentialAction\":[{\"@type\":\"SearchAction\",\"target\":{\"@type\":\"EntryPoint\",\"urlTemplate\":\"https:\/\/alvaroordonezdds.com\/?s={search_term_string}\"},\"query-input\":{\"@type\":\"PropertyValueSpecification\",\"valueRequired\":true,\"valueName\":\"search_term_string\"}}],\"inLanguage\":\"es\"},{\"@type\":\"Organization\",\"@id\":\"https:\/\/alvaroordonezdds.com\/#organization\",\"name\":\"Alvaro Ordonez DDS\",\"url\":\"https:\/\/alvaroordonezdds.com\/\",\"logo\":{\"@type\":\"ImageObject\",\"inLanguage\":\"es\",\"@id\":\"https:\/\/alvaroordonezdds.com\/#\/schema\/logo\/image\/\",\"url\":\"https:\/\/alvaroordonezdds.com\/wp-content\/uploads\/2023\/08\/Alvaro-Ordonez.png\",\"contentUrl\":\"https:\/\/alvaroordonezdds.com\/wp-content\/uploads\/2023\/08\/Alvaro-Ordonez.png\",\"width\":400,\"height\":160,\"caption\":\"Alvaro Ordonez DDS\"},\"image\":{\"@id\":\"https:\/\/alvaroordonezdds.com\/#\/schema\/logo\/image\/\"},\"sameAs\":[\"https:\/\/www.facebook.com\/AlvaroOrdonezDds\/\",\"https:\/\/x.com\/DrOrdonezDDS\",\"https:\/\/www.instagram.com\/dralvaroordonezdds\/\",\"https:\/\/www.linkedin.com\/in\/alvaro-ordonez\/\"]}]}<\/script>\n<!-- \/ Yoast SEO plugin. -->","yoast_head_json":{"title":"Tratamiento de Emergencia - Alvaro Ordonez, DDS","description":"Atenci\u00f3n dental de emergencia disponible los 7 d\u00edas de la semana. Experimente alivio inmediato para dolores, fracturas y otras situaciones urgentes. Ll\u00e1menos ahora.","robots":{"index":"index","follow":"follow","max-snippet":"max-snippet:-1","max-image-preview":"max-image-preview:large","max-video-preview":"max-video-preview:-1"},"canonical":"https:\/\/alvaroordonezdds.com\/es\/servicios\/tratamiento-de-emergencia\/","og_locale":"es_ES","og_type":"article","og_title":"Tratamiento de Emergencia - Alvaro Ordonez, DDS","og_description":"Atenci\u00f3n dental de emergencia disponible los 7 d\u00edas de la semana. Experimente alivio inmediato para dolores, fracturas y otras situaciones urgentes. Ll\u00e1menos ahora.","og_url":"https:\/\/alvaroordonezdds.com\/es\/servicios\/tratamiento-de-emergencia\/","og_site_name":"Alvaro Ordonez, DDS","article_publisher":"https:\/\/www.facebook.com\/AlvaroOrdonezDds\/","article_modified_time":"2024-02-12T21:09:41+00:00","og_image":[{"width":400,"height":160,"url":"https:\/\/alvaroordonezdds.com\/wp-content\/uploads\/2023\/08\/Alvaro-Ordonez.png","type":"image\/png"}],"twitter_card":"summary_large_image","twitter_site":"@DrOrdonezDDS","twitter_misc":{"Tiempo de lectura":"2 minutos"},"schema":{"@context":"https:\/\/schema.org","@graph":[{"@type":"WebPage","@id":"https:\/\/alvaroordonezdds.com\/es\/servicios\/tratamiento-de-emergencia\/","url":"https:\/\/alvaroordonezdds.com\/es\/servicios\/tratamiento-de-emergencia\/","name":"Tratamiento de Emergencia - Alvaro Ordonez, DDS","isPartOf":{"@id":"https:\/\/alvaroordonezdds.com\/#website"},"datePublished":"2023-08-15T21:30:44+00:00","dateModified":"2024-02-12T21:09:41+00:00","description":"Atenci\u00f3n dental de emergencia disponible los 7 d\u00edas de la semana. Experimente alivio inmediato para dolores, fracturas y otras situaciones urgentes. Ll\u00e1menos ahora.","breadcrumb":{"@id":"https:\/\/alvaroordonezdds.com\/es\/servicios\/tratamiento-de-emergencia\/#breadcrumb"},"inLanguage":"es","potentialAction":[{"@type":"ReadAction","target":["https:\/\/alvaroordonezdds.com\/es\/servicios\/tratamiento-de-emergencia\/"]}]},{"@type":"BreadcrumbList","@id":"https:\/\/alvaroordonezdds.com\/es\/servicios\/tratamiento-de-emergencia\/#breadcrumb","itemListElement":[{"@type":"ListItem","position":1,"name":"Home","item":"https:\/\/alvaroordonezdds.com\/"},{"@type":"ListItem","position":2,"name":"Servicios","item":"https:\/\/alvaroordonezdds.com\/es\/servicios\/"},{"@type":"ListItem","position":3,"name":"Tratamiento de Emergencia"}]},{"@type":"WebSite","@id":"https:\/\/alvaroordonezdds.com\/#website","url":"https:\/\/alvaroordonezdds.com\/","name":"Alvaro Ordonez DDS","description":"Dental Office in Miami","publisher":{"@id":"https:\/\/alvaroordonezdds.com\/#organization"},"potentialAction":[{"@type":"SearchAction","target":{"@type":"EntryPoint","urlTemplate":"https:\/\/alvaroordonezdds.com\/?s={search_term_string}"},"query-input":{"@type":"PropertyValueSpecification","valueRequired":true,"valueName":"search_term_string"}}],"inLanguage":"es"},{"@type":"Organization","@id":"https:\/\/alvaroordonezdds.com\/#organization","name":"Alvaro Ordonez DDS","url":"https:\/\/alvaroordonezdds.com\/","logo":{"@type":"ImageObject","inLanguage":"es","@id":"https:\/\/alvaroordonezdds.com\/#\/schema\/logo\/image\/","url":"https:\/\/alvaroordonezdds.com\/wp-content\/uploads\/2023\/08\/Alvaro-Ordonez.png","contentUrl":"https:\/\/alvaroordonezdds.com\/wp-content\/uploads\/2023\/08\/Alvaro-Ordonez.png","width":400,"height":160,"caption":"Alvaro Ordonez DDS"},"image":{"@id":"https:\/\/alvaroordonezdds.com\/#\/schema\/logo\/image\/"},"sameAs":["https:\/\/www.facebook.com\/AlvaroOrdonezDds\/","https:\/\/x.com\/DrOrdonezDDS","https:\/\/www.instagram.com\/dralvaroordonezdds\/","https:\/\/www.linkedin.com\/in\/alvaro-ordonez\/"]}]}},"jetpack_sharing_enabled":true,"_links":{"self":[{"href":"https:\/\/alvaroordonezdds.com\/es\/wp-json\/wp\/v2\/pages\/2131","targetHints":{"allow":["GET"]}}],"collection":[{"href":"https:\/\/alvaroordonezdds.com\/es\/wp-json\/wp\/v2\/pages"}],"about":[{"href":"https:\/\/alvaroordonezdds.com\/es\/wp-json\/wp\/v2\/types\/page"}],"author":[{"embeddable":true,"href":"https:\/\/alvaroordonezdds.com\/es\/wp-json\/wp\/v2\/users\/1"}],"replies":[{"embeddable":true,"href":"https:\/\/alvaroordonezdds.com\/es\/wp-json\/wp\/v2\/comments?post=2131"}],"version-history":[{"count":16,"href":"https:\/\/alvaroordonezdds.com\/es\/wp-json\/wp\/v2\/pages\/2131\/revisions"}],"predecessor-version":[{"id":6031,"href":"https:\/\/alvaroordonezdds.com\/es\/wp-json\/wp\/v2\/pages\/2131\/revisions\/6031"}],"up":[{"embeddable":true,"href":"https:\/\/alvaroordonezdds.com\/es\/wp-json\/wp\/v2\/pages\/2112"}],"wp:attachment":[{"href":"https:\/\/alvaroordonezdds.com\/es\/wp-json\/wp\/v2\/media?parent=2131"}],"curies":[{"name":"wp","href":"https:\/\/api.w.org\/{rel}","templated":true}]}}