{"id":2133,"date":"2023-08-14T14:01:11","date_gmt":"2023-08-14T18:01:11","guid":{"rendered":"http:\/\/kkc.wig.mybluehost.me\/services\/other-extractions\/"},"modified":"2024-02-12T16:01:26","modified_gmt":"2024-02-12T20:01:26","slug":"extracciones","status":"publish","type":"page","link":"https:\/\/alvaroordonezdds.com\/es\/servicios\/extracciones\/","title":{"rendered":"Extracciones"},"content":{"rendered":"\t\t<div data-elementor-type=\"wp-page\" data-elementor-id=\"2133\" class=\"elementor elementor-2133 elementor-1383\">\n\t\t\t\t\t\t<section class=\"elementor-section elementor-top-section elementor-element elementor-element-47018478 elementor-section-full_width elementor-section-stretched elementor-section-height-default elementor-section-height-default\" data-id=\"47018478\" data-element_type=\"section\" data-settings=\"{&quot;stretch_section&quot;:&quot;section-stretched&quot;}\">\r\n\t\t\r\n\t\t\t\t\t\t\t<div class=\"elementor-container elementor-column-gap-no porto-ibanner\">\r\n\t\t\t\t<img fetchpriority=\"high\" decoding=\"async\" src=\"https:\/\/alvaroordonezdds.com\/wp-content\/uploads\/2023\/08\/Extractions-Alvaro-Ordonez.jpg\" alt=\"Extractions - Alvaro Ordonez\" width=\"1900\" height=\"500\" class=\"porto-ibanner-img\" srcset=\"https:\/\/alvaroordonezdds.com\/wp-content\/uploads\/2023\/08\/Extractions-Alvaro-Ordonez.jpg 1900w, https:\/\/alvaroordonezdds.com\/wp-content\/uploads\/2023\/08\/Extractions-Alvaro-Ordonez-1024x269.jpg 1024w, https:\/\/alvaroordonezdds.com\/wp-content\/uploads\/2023\/08\/Extractions-Alvaro-Ordonez-768x202.jpg 768w, https:\/\/alvaroordonezdds.com\/wp-content\/uploads\/2023\/08\/Extractions-Alvaro-Ordonez-1536x404.jpg 1536w, https:\/\/alvaroordonezdds.com\/wp-content\/uploads\/2023\/08\/Extractions-Alvaro-Ordonez-640x168.jpg 640w, https:\/\/alvaroordonezdds.com\/wp-content\/uploads\/2023\/08\/Extractions-Alvaro-Ordonez-400x105.jpg 400w\" sizes=\"(max-width: 1900px) 100vw, 1900px\">\t\t\t\t\t\t\t<div class=\"elementor-column elementor-col-100 elementor-top-column elementor-element elementor-element-40dc9df6\" data-id=\"40dc9df6\" data-element_type=\"column\">\r\n\t\t\t\t\t<div class=\"elementor-widget-wrap\">\r\n\t\t\t\t\t\t\t\t\t<\/div>\r\n\t\t\t\t<\/div>\r\n\t\t\t\t\t<\/div>\r\n\t\t\t\t<\/section>\r\n\t\t\t\t<section class=\"elementor-section elementor-top-section elementor-element elementor-element-21bacfbc elementor-section-boxed elementor-section-height-default elementor-section-height-default\" data-id=\"21bacfbc\" data-element_type=\"section\">\r\n\t\t\r\n\t\t\t\t\t\t\t<div class=\"elementor-container elementor-column-gap-default\">\r\n\t\t\t\t\t\t\t\t\t\t\t<div class=\"elementor-column elementor-col-100 elementor-top-column elementor-element elementor-element-e3c4d71\" data-id=\"e3c4d71\" data-element_type=\"column\">\r\n\t\t\t\t\t<div class=\"elementor-widget-wrap elementor-element-populated\">\r\n\t\t\t\t\t\t\t\t<div class=\"elementor-element elementor-element-78f8c7c5 elementor-widget elementor-widget-spacer\" data-id=\"78f8c7c5\" data-element_type=\"widget\" data-widget_type=\"spacer.default\">\n\t\t\t\t<div class=\"elementor-widget-container\">\n\t\t\t\t\t\t\t<div class=\"elementor-spacer\">\n\t\t\t<div class=\"elementor-spacer-inner\"><\/div>\n\t\t<\/div>\n\t\t\t\t\t\t<\/div>\n\t\t\t\t<\/div>\n\t\t\t\t\t<\/div>\r\n\t\t\t\t<\/div>\r\n\t\t\t\t\t<\/div>\r\n\t\t\t\t<\/section>\r\n\t\t\t\t<section class=\"elementor-section elementor-top-section elementor-element elementor-element-2c8810a elementor-section-boxed elementor-section-height-default elementor-section-height-default\" data-id=\"2c8810a\" data-element_type=\"section\">\r\n\t\t\r\n\t\t\t\t\t\t\t<div class=\"elementor-container elementor-column-gap-default\">\r\n\t\t\t\t\t\t\t\t\t\t\t<div class=\"elementor-column elementor-col-100 elementor-top-column elementor-element elementor-element-23ab419\" data-id=\"23ab419\" data-element_type=\"column\">\r\n\t\t\t\t\t<div class=\"elementor-widget-wrap elementor-element-populated\">\r\n\t\t\t\t\t\t\t\t<div class=\"elementor-element elementor-element-27d4900b elementor-widget elementor-widget-porto_ultimate_heading\" data-id=\"27d4900b\" data-element_type=\"widget\" data-widget_type=\"porto_ultimate_heading.default\">\n\t\t\t\t<div class=\"elementor-widget-container\">\n\t\t\t\t\t<div class=\"porto-u-heading  porto-u-55ca8359258f9a412be7e73af65d2aac\"><div class=\"porto-u-main-heading\"><h1 data-plugin-animated-letters data-plugin-options=\"{&quot;startDelay&quot;:0,&quot;minWindowWidth&quot;:0,&quot;animationName&quot;:&quot;fadeIn&quot;}\"  >Extracciones<\/h1><\/div><style>.porto-u-55ca8359258f9a412be7e73af65d2aac.porto-u-heading{text-align:center}<\/style><\/div>\t\t\t\t<\/div>\n\t\t\t\t<\/div>\n\t\t\t\t<section class=\"elementor-section elementor-inner-section elementor-element elementor-element-24795f49 elementor-section-boxed elementor-section-height-default elementor-section-height-default\" data-id=\"24795f49\" data-element_type=\"section\">\r\n\t\t\r\n\t\t\t\t\t\t\t<div class=\"elementor-container elementor-column-gap-default\">\r\n\t\t\t\t\t\t\t\t\t\t\t<div class=\"elementor-column elementor-col-50 elementor-inner-column elementor-element elementor-element-ea4450b\" data-id=\"ea4450b\" data-element_type=\"column\">\r\n\t\t\t\t\t<div class=\"elementor-widget-wrap elementor-element-populated\">\r\n\t\t\t\t\t\t\t\t<div class=\"elementor-element elementor-element-5aa3bbae animated-slow elementor-invisible elementor-widget elementor-widget-text-editor\" data-id=\"5aa3bbae\" data-element_type=\"widget\" data-settings=\"{&quot;_animation&quot;:&quot;fadeIn&quot;}\" data-widget_type=\"text-editor.default\">\n\t\t\t\t<div class=\"elementor-widget-container\">\n\t\t\t\t\t\t\t\t\t<p>Cuando un diente llega a un punto en el que la restauraci\u00f3n es inviable, su extracci\u00f3n se vuelve necesaria para evitar la aparici\u00f3n de la enfermedad periodontal.<\/p><p>Las extracciones dentales se completan, de manera eficiente, en una sola cita; y la duraci\u00f3n del procedimiento depende de la complejidad de la extracci\u00f3n. El empleo de t\u00e9cnicas atraum\u00e1ticas, durante las extracciones, es esencial, lo que disminuye el potencial de lesiones o traumatismos.<\/p><p>Despu\u00e9s de la extracci\u00f3n del diente, un curso de acci\u00f3n prudente implica la preservaci\u00f3n del alveolo, en el que el hueso se pone estrat\u00e9gicamente, para llenar el vac\u00edo dejado por el diente extra\u00eddo. Este enfoque fomenta la regeneraci\u00f3n \u00f3sea y prepara el \u00e1rea para la posible puesta de implantes dentales.<\/p><p>Para los pacientes que meditan la puesta de implantes dentales, la preservaci\u00f3n del alveolo sirve como un paso preparatorio cr\u00edtico. Al preservar y mejorar el sitio, este procedimiento establece una base estable, por lo que se asegura un soporte \u00f3ptimo para el pr\u00f3ximo implante.<\/p><p>En los casos en los que la extracci\u00f3n carece de t\u00e9cnicas atraum\u00e1ticas adecuadas, y se omite el injerto de alveolo, se puede perder una parte importante del hueso alveolar. Si se prev\u00e9 la puesta posterior de implantes, la ausencia de preservaci\u00f3n \u00f3sea requerir\u00eda medidas quir\u00fargicas m\u00e1s invasivas para aumentar el crecimiento \u00f3seo, que exige el uso de implantes m\u00e1s cortos y estrechos. Estos compromisos pueden afectar a la estabilidad, a la est\u00e9tica y a la funcionalidad (a largo plazo).<\/p><p>Como defensores de la atenci\u00f3n integral, priorizamos el empleo de t\u00e9cnicas rigurosas para garantizar que su viaje de salud dental se caracterice por la durabilidad, la est\u00e9tica y la funcionalidad.<\/p><p>Si necesita una extracci\u00f3n dental, o tiene preguntas sobre el procedimiento, nuestro equipo estar\u00e1 para ayudarlo. No dude en ponerse en contacto con nosotros, para programar una cita o para obtener m\u00e1s informaci\u00f3n sobre nuestro proceso de extracci\u00f3n. Su salud dental es importante para nosotros, y estamos dedicados a brindarle el m\u00e1s alto nivel de atenci\u00f3n. Tambi\u00e9n puede solicitar una cita, c\u00f3modamente, rellenando nuestro formulario de cita en l\u00ednea. Esperamos poder ayudarlo a lograr una salud dental \u00f3ptima.<\/p>\t\t\t\t\t\t\t\t<\/div>\n\t\t\t\t<\/div>\n\t\t\t\t\t<\/div>\r\n\t\t\t\t<\/div>\r\n\t\t\t\t<div class=\"elementor-column elementor-col-50 elementor-inner-column elementor-element elementor-element-0841b0b\" data-id=\"0841b0b\" data-element_type=\"column\">\r\n\t\t\t\t\t<div class=\"elementor-widget-wrap elementor-element-populated\">\r\n\t\t\t\t\t\t\t\t<div class=\"elementor-element elementor-element-8251fdc elementor-widget elementor-widget-text-editor\" data-id=\"8251fdc\" data-element_type=\"widget\" data-widget_type=\"text-editor.default\">\n\t\t\t\t<div class=\"elementor-widget-container\">\n\t\t\t\t\t\t\t\t\t<h4 align=\"center\">Nuestra Ubicaci\u00f3n<\/h4>\n<p>\t<span>7741 SW 62nd Ave<\/span><br>\n\t<span>South Miami<\/span><span>,<\/span> <span>FL<\/span> <span>33143<\/span><br>\t<span><a aria-label=\"Click to Call\" href=\"tel:+1 (305) 666-3824\">(305) 666-3824<\/a><\/span><br><\/p>\t\t\t\t\t\t\t\t<\/div>\n\t\t\t\t<\/div>\n\t\t\t\t<div class=\"elementor-element elementor-element-6e9e71c elementor-widget elementor-widget-text-editor\" data-id=\"6e9e71c\" data-element_type=\"widget\" data-widget_type=\"text-editor.default\">\n\t\t\t\t<div class=\"elementor-widget-container\">\n\t\t\t\t\t\t\t\t\t<h4 align=\"center\">S\u00edguenos<\/h4>\n\t\t\t\t\t\t\t\t<\/div>\n\t\t\t\t<\/div>\n\t\t\t\t<div class=\"elementor-element elementor-element-9daf18e elementor-shape-rounded elementor-grid-0 e-grid-align-center elementor-widget elementor-widget-social-icons\" data-id=\"9daf18e\" data-element_type=\"widget\" data-widget_type=\"social-icons.default\">\n\t\t\t\t<div class=\"elementor-widget-container\">\n\t\t\t\t\t\t\t<div class=\"elementor-social-icons-wrapper elementor-grid\" role=\"list\">\n\t\t\t\t\t\t\t<span class=\"elementor-grid-item\" role=\"listitem\">\n\t\t\t\t\t<a class=\"elementor-icon elementor-social-icon elementor-social-icon-facebook elementor-animation-shrink elementor-repeater-item-d3aeeb9\" href=\"https:\/\/www.facebook.com\/AlvaroOrdonezDds\/\" target=\"_blank\">\n\t\t\t\t\t\t<span class=\"elementor-screen-only\">Facebook<\/span>\n\t\t\t\t\t\t<i aria-hidden=\"true\" class=\"fab fa-facebook\"><\/i>\t\t\t\t\t<\/a>\n\t\t\t\t<\/span>\n\t\t\t\t\t\t\t<span class=\"elementor-grid-item\" role=\"listitem\">\n\t\t\t\t\t<a class=\"elementor-icon elementor-social-icon elementor-social-icon-twitter elementor-animation-shrink elementor-repeater-item-0345674\" href=\"https:\/\/twitter.com\/DrOrdonezDDS\" target=\"_blank\">\n\t\t\t\t\t\t<span class=\"elementor-screen-only\">Twitter<\/span>\n\t\t\t\t\t\t<i aria-hidden=\"true\" class=\"fab fa-twitter\"><\/i>\t\t\t\t\t<\/a>\n\t\t\t\t<\/span>\n\t\t\t\t\t\t\t<span class=\"elementor-grid-item\" role=\"listitem\">\n\t\t\t\t\t<a class=\"elementor-icon elementor-social-icon elementor-social-icon-instagram elementor-animation-shrink elementor-repeater-item-5d29ac9\" href=\"https:\/\/www.instagram.com\/dralvaroordonezdds\/\" target=\"_blank\">\n\t\t\t\t\t\t<span class=\"elementor-screen-only\">Instagram<\/span>\n\t\t\t\t\t\t<i aria-hidden=\"true\" class=\"fab fa-instagram\"><\/i>\t\t\t\t\t<\/a>\n\t\t\t\t<\/span>\n\t\t\t\t\t\t\t<span class=\"elementor-grid-item\" role=\"listitem\">\n\t\t\t\t\t<a class=\"elementor-icon elementor-social-icon elementor-social-icon-linkedin elementor-animation-shrink elementor-repeater-item-51eda4a\" href=\"https:\/\/www.linkedin.com\/in\/alvaro-ordonez\/\" target=\"_blank\">\n\t\t\t\t\t\t<span class=\"elementor-screen-only\">Linkedin<\/span>\n\t\t\t\t\t\t<i aria-hidden=\"true\" class=\"fab fa-linkedin\"><\/i>\t\t\t\t\t<\/a>\n\t\t\t\t<\/span>\n\t\t\t\t\t<\/div>\n\t\t\t\t\t\t<\/div>\n\t\t\t\t<\/div>\n\t\t\t\t\t<\/div>\r\n\t\t\t\t<\/div>\r\n\t\t\t\t\t<\/div>\r\n\t\t\t\t<\/section>\r\n\t\t\t\t\t<\/div>\r\n\t\t\t\t<\/div>\r\n\t\t\t\t\t<\/div>\r\n\t\t\t\t<\/section>\r\n\t\t\t\t<\/div>\n\t\t","protected":false},"excerpt":{"rendered":"<p>Extracciones Cuando un diente llega a un punto en el que la restauraci\u00f3n es inviable, su extracci\u00f3n se vuelve necesaria para evitar la aparici\u00f3n de la enfermedad periodontal. Las extracciones dentales se completan, de manera eficiente, en una sola cita; y la duraci\u00f3n del procedimiento depende de la complejidad de la extracci\u00f3n. El empleo de [&hellip;]<\/p>\n","protected":false},"author":1,"featured_media":0,"parent":2112,"menu_order":0,"comment_status":"closed","ping_status":"closed","template":"","meta":{"footnotes":""},"class_list":["post-2133","page","type-page","status-publish","hentry"],"yoast_head":"<!-- This site is optimized with the Yoast SEO plugin v27.2 - https:\/\/yoast.com\/product\/yoast-seo-wordpress\/ -->\n<title>Extracciones - Alvaro Ordonez, DDS<\/title>\n<meta name=\"description\" content=\"Extracciones dentales precisas y preservaci\u00f3n \u00f3sea para implantes. Cuidado dental avanzado para su salud bucal y bienestar\" \/>\n<meta name=\"robots\" content=\"index, follow, max-snippet:-1, max-image-preview:large, max-video-preview:-1\" \/>\n<link rel=\"canonical\" href=\"https:\/\/alvaroordonezdds.com\/es\/servicios\/extracciones\/\" \/>\n<meta property=\"og:locale\" content=\"es_ES\" \/>\n<meta property=\"og:type\" content=\"article\" \/>\n<meta property=\"og:title\" content=\"Extracciones - Alvaro Ordonez, DDS\" \/>\n<meta property=\"og:description\" content=\"Extracciones dentales precisas y preservaci\u00f3n \u00f3sea para implantes. Cuidado dental avanzado para su salud bucal y bienestar\" \/>\n<meta property=\"og:url\" content=\"https:\/\/alvaroordonezdds.com\/es\/servicios\/extracciones\/\" \/>\n<meta property=\"og:site_name\" content=\"Alvaro Ordonez, DDS\" \/>\n<meta property=\"article:publisher\" content=\"https:\/\/www.facebook.com\/AlvaroOrdonezDds\/\" \/>\n<meta property=\"article:modified_time\" content=\"2024-02-12T20:01:26+00:00\" \/>\n<meta property=\"og:image\" content=\"https:\/\/alvaroordonezdds.com\/wp-content\/uploads\/2023\/08\/Alvaro-Ordonez.png\" \/>\n\t<meta property=\"og:image:width\" content=\"400\" \/>\n\t<meta property=\"og:image:height\" content=\"160\" \/>\n\t<meta property=\"og:image:type\" content=\"image\/png\" \/>\n<meta name=\"twitter:card\" content=\"summary_large_image\" \/>\n<meta name=\"twitter:site\" content=\"@DrOrdonezDDS\" \/>\n<meta name=\"twitter:label1\" content=\"Tiempo de lectura\" \/>\n\t<meta name=\"twitter:data1\" content=\"2 minutos\" \/>\n<script type=\"application\/ld+json\" class=\"yoast-schema-graph\">{\"@context\":\"https:\/\/schema.org\",\"@graph\":[{\"@type\":\"WebPage\",\"@id\":\"https:\/\/alvaroordonezdds.com\/es\/servicios\/extracciones\/\",\"url\":\"https:\/\/alvaroordonezdds.com\/es\/servicios\/extracciones\/\",\"name\":\"Extracciones - Alvaro Ordonez, DDS\",\"isPartOf\":{\"@id\":\"https:\/\/alvaroordonezdds.com\/#website\"},\"datePublished\":\"2023-08-14T18:01:11+00:00\",\"dateModified\":\"2024-02-12T20:01:26+00:00\",\"description\":\"Extracciones dentales precisas y preservaci\u00f3n \u00f3sea para implantes. Cuidado dental avanzado para su salud bucal y bienestar\",\"breadcrumb\":{\"@id\":\"https:\/\/alvaroordonezdds.com\/es\/servicios\/extracciones\/#breadcrumb\"},\"inLanguage\":\"es\",\"potentialAction\":[{\"@type\":\"ReadAction\",\"target\":[\"https:\/\/alvaroordonezdds.com\/es\/servicios\/extracciones\/\"]}]},{\"@type\":\"BreadcrumbList\",\"@id\":\"https:\/\/alvaroordonezdds.com\/es\/servicios\/extracciones\/#breadcrumb\",\"itemListElement\":[{\"@type\":\"ListItem\",\"position\":1,\"name\":\"Home\",\"item\":\"https:\/\/alvaroordonezdds.com\/\"},{\"@type\":\"ListItem\",\"position\":2,\"name\":\"Servicios\",\"item\":\"https:\/\/alvaroordonezdds.com\/es\/servicios\/\"},{\"@type\":\"ListItem\",\"position\":3,\"name\":\"Extracciones\"}]},{\"@type\":\"WebSite\",\"@id\":\"https:\/\/alvaroordonezdds.com\/#website\",\"url\":\"https:\/\/alvaroordonezdds.com\/\",\"name\":\"Alvaro Ordonez DDS\",\"description\":\"Dental Office in Miami\",\"publisher\":{\"@id\":\"https:\/\/alvaroordonezdds.com\/#organization\"},\"potentialAction\":[{\"@type\":\"SearchAction\",\"target\":{\"@type\":\"EntryPoint\",\"urlTemplate\":\"https:\/\/alvaroordonezdds.com\/?s={search_term_string}\"},\"query-input\":{\"@type\":\"PropertyValueSpecification\",\"valueRequired\":true,\"valueName\":\"search_term_string\"}}],\"inLanguage\":\"es\"},{\"@type\":\"Organization\",\"@id\":\"https:\/\/alvaroordonezdds.com\/#organization\",\"name\":\"Alvaro Ordonez DDS\",\"url\":\"https:\/\/alvaroordonezdds.com\/\",\"logo\":{\"@type\":\"ImageObject\",\"inLanguage\":\"es\",\"@id\":\"https:\/\/alvaroordonezdds.com\/#\/schema\/logo\/image\/\",\"url\":\"https:\/\/alvaroordonezdds.com\/wp-content\/uploads\/2023\/08\/Alvaro-Ordonez.png\",\"contentUrl\":\"https:\/\/alvaroordonezdds.com\/wp-content\/uploads\/2023\/08\/Alvaro-Ordonez.png\",\"width\":400,\"height\":160,\"caption\":\"Alvaro Ordonez DDS\"},\"image\":{\"@id\":\"https:\/\/alvaroordonezdds.com\/#\/schema\/logo\/image\/\"},\"sameAs\":[\"https:\/\/www.facebook.com\/AlvaroOrdonezDds\/\",\"https:\/\/x.com\/DrOrdonezDDS\",\"https:\/\/www.instagram.com\/dralvaroordonezdds\/\",\"https:\/\/www.linkedin.com\/in\/alvaro-ordonez\/\"]}]}<\/script>\n<!-- \/ Yoast SEO plugin. -->","yoast_head_json":{"title":"Extracciones - Alvaro Ordonez, DDS","description":"Extracciones dentales precisas y preservaci\u00f3n \u00f3sea para implantes. Cuidado dental avanzado para su salud bucal y bienestar","robots":{"index":"index","follow":"follow","max-snippet":"max-snippet:-1","max-image-preview":"max-image-preview:large","max-video-preview":"max-video-preview:-1"},"canonical":"https:\/\/alvaroordonezdds.com\/es\/servicios\/extracciones\/","og_locale":"es_ES","og_type":"article","og_title":"Extracciones - Alvaro Ordonez, DDS","og_description":"Extracciones dentales precisas y preservaci\u00f3n \u00f3sea para implantes. Cuidado dental avanzado para su salud bucal y bienestar","og_url":"https:\/\/alvaroordonezdds.com\/es\/servicios\/extracciones\/","og_site_name":"Alvaro Ordonez, DDS","article_publisher":"https:\/\/www.facebook.com\/AlvaroOrdonezDds\/","article_modified_time":"2024-02-12T20:01:26+00:00","og_image":[{"width":400,"height":160,"url":"https:\/\/alvaroordonezdds.com\/wp-content\/uploads\/2023\/08\/Alvaro-Ordonez.png","type":"image\/png"}],"twitter_card":"summary_large_image","twitter_site":"@DrOrdonezDDS","twitter_misc":{"Tiempo de lectura":"2 minutos"},"schema":{"@context":"https:\/\/schema.org","@graph":[{"@type":"WebPage","@id":"https:\/\/alvaroordonezdds.com\/es\/servicios\/extracciones\/","url":"https:\/\/alvaroordonezdds.com\/es\/servicios\/extracciones\/","name":"Extracciones - Alvaro Ordonez, DDS","isPartOf":{"@id":"https:\/\/alvaroordonezdds.com\/#website"},"datePublished":"2023-08-14T18:01:11+00:00","dateModified":"2024-02-12T20:01:26+00:00","description":"Extracciones dentales precisas y preservaci\u00f3n \u00f3sea para implantes. Cuidado dental avanzado para su salud bucal y bienestar","breadcrumb":{"@id":"https:\/\/alvaroordonezdds.com\/es\/servicios\/extracciones\/#breadcrumb"},"inLanguage":"es","potentialAction":[{"@type":"ReadAction","target":["https:\/\/alvaroordonezdds.com\/es\/servicios\/extracciones\/"]}]},{"@type":"BreadcrumbList","@id":"https:\/\/alvaroordonezdds.com\/es\/servicios\/extracciones\/#breadcrumb","itemListElement":[{"@type":"ListItem","position":1,"name":"Home","item":"https:\/\/alvaroordonezdds.com\/"},{"@type":"ListItem","position":2,"name":"Servicios","item":"https:\/\/alvaroordonezdds.com\/es\/servicios\/"},{"@type":"ListItem","position":3,"name":"Extracciones"}]},{"@type":"WebSite","@id":"https:\/\/alvaroordonezdds.com\/#website","url":"https:\/\/alvaroordonezdds.com\/","name":"Alvaro Ordonez DDS","description":"Dental Office in Miami","publisher":{"@id":"https:\/\/alvaroordonezdds.com\/#organization"},"potentialAction":[{"@type":"SearchAction","target":{"@type":"EntryPoint","urlTemplate":"https:\/\/alvaroordonezdds.com\/?s={search_term_string}"},"query-input":{"@type":"PropertyValueSpecification","valueRequired":true,"valueName":"search_term_string"}}],"inLanguage":"es"},{"@type":"Organization","@id":"https:\/\/alvaroordonezdds.com\/#organization","name":"Alvaro Ordonez DDS","url":"https:\/\/alvaroordonezdds.com\/","logo":{"@type":"ImageObject","inLanguage":"es","@id":"https:\/\/alvaroordonezdds.com\/#\/schema\/logo\/image\/","url":"https:\/\/alvaroordonezdds.com\/wp-content\/uploads\/2023\/08\/Alvaro-Ordonez.png","contentUrl":"https:\/\/alvaroordonezdds.com\/wp-content\/uploads\/2023\/08\/Alvaro-Ordonez.png","width":400,"height":160,"caption":"Alvaro Ordonez DDS"},"image":{"@id":"https:\/\/alvaroordonezdds.com\/#\/schema\/logo\/image\/"},"sameAs":["https:\/\/www.facebook.com\/AlvaroOrdonezDds\/","https:\/\/x.com\/DrOrdonezDDS","https:\/\/www.instagram.com\/dralvaroordonezdds\/","https:\/\/www.linkedin.com\/in\/alvaro-ordonez\/"]}]}},"jetpack_sharing_enabled":true,"_links":{"self":[{"href":"https:\/\/alvaroordonezdds.com\/es\/wp-json\/wp\/v2\/pages\/2133","targetHints":{"allow":["GET"]}}],"collection":[{"href":"https:\/\/alvaroordonezdds.com\/es\/wp-json\/wp\/v2\/pages"}],"about":[{"href":"https:\/\/alvaroordonezdds.com\/es\/wp-json\/wp\/v2\/types\/page"}],"author":[{"embeddable":true,"href":"https:\/\/alvaroordonezdds.com\/es\/wp-json\/wp\/v2\/users\/1"}],"replies":[{"embeddable":true,"href":"https:\/\/alvaroordonezdds.com\/es\/wp-json\/wp\/v2\/comments?post=2133"}],"version-history":[{"count":14,"href":"https:\/\/alvaroordonezdds.com\/es\/wp-json\/wp\/v2\/pages\/2133\/revisions"}],"predecessor-version":[{"id":5986,"href":"https:\/\/alvaroordonezdds.com\/es\/wp-json\/wp\/v2\/pages\/2133\/revisions\/5986"}],"up":[{"embeddable":true,"href":"https:\/\/alvaroordonezdds.com\/es\/wp-json\/wp\/v2\/pages\/2112"}],"wp:attachment":[{"href":"https:\/\/alvaroordonezdds.com\/es\/wp-json\/wp\/v2\/media?parent=2133"}],"curies":[{"name":"wp","href":"https:\/\/api.w.org\/{rel}","templated":true}]}}