{"id":2138,"date":"2023-08-14T13:23:41","date_gmt":"2023-08-14T17:23:41","guid":{"rendered":"http:\/\/kkc.wig.mybluehost.me\/services\/night-guard\/"},"modified":"2024-02-12T16:42:56","modified_gmt":"2024-02-12T20:42:56","slug":"ferula-nocturna","status":"publish","type":"page","link":"https:\/\/alvaroordonezdds.com\/es\/servicios\/ferula-nocturna\/","title":{"rendered":"F\u00e9rula Nocturna"},"content":{"rendered":"\t\t<div data-elementor-type=\"wp-page\" data-elementor-id=\"2138\" class=\"elementor elementor-2138 elementor-1375\">\n\t\t\t\t\t\t<section class=\"elementor-section elementor-top-section elementor-element elementor-element-269b5f37 elementor-section-full_width elementor-section-stretched elementor-section-height-default elementor-section-height-default\" data-id=\"269b5f37\" data-element_type=\"section\" data-settings=\"{&quot;stretch_section&quot;:&quot;section-stretched&quot;}\">\r\n\t\t\r\n\t\t\t\t\t\t\t<div class=\"elementor-container elementor-column-gap-no porto-ibanner\">\r\n\t\t\t\t<img fetchpriority=\"high\" decoding=\"async\" src=\"https:\/\/alvaroordonezdds.com\/wp-content\/uploads\/2023\/08\/Night-Guard-Alvaro-Ordonez.jpg\" alt=\"Night Guard - Alvaro Ordonez\" width=\"1900\" height=\"500\" class=\"porto-ibanner-img\" srcset=\"https:\/\/alvaroordonezdds.com\/wp-content\/uploads\/2023\/08\/Night-Guard-Alvaro-Ordonez.jpg 1900w, https:\/\/alvaroordonezdds.com\/wp-content\/uploads\/2023\/08\/Night-Guard-Alvaro-Ordonez-1024x269.jpg 1024w, https:\/\/alvaroordonezdds.com\/wp-content\/uploads\/2023\/08\/Night-Guard-Alvaro-Ordonez-768x202.jpg 768w, https:\/\/alvaroordonezdds.com\/wp-content\/uploads\/2023\/08\/Night-Guard-Alvaro-Ordonez-1536x404.jpg 1536w, https:\/\/alvaroordonezdds.com\/wp-content\/uploads\/2023\/08\/Night-Guard-Alvaro-Ordonez-640x168.jpg 640w, https:\/\/alvaroordonezdds.com\/wp-content\/uploads\/2023\/08\/Night-Guard-Alvaro-Ordonez-400x105.jpg 400w\" sizes=\"(max-width: 1900px) 100vw, 1900px\">\t\t\t\t\t\t\t<div class=\"elementor-column elementor-col-100 elementor-top-column elementor-element elementor-element-ebfff88\" data-id=\"ebfff88\" data-element_type=\"column\">\r\n\t\t\t\t\t<div class=\"elementor-widget-wrap\">\r\n\t\t\t\t\t\t\t\t\t<\/div>\r\n\t\t\t\t<\/div>\r\n\t\t\t\t\t<\/div>\r\n\t\t\t\t<\/section>\r\n\t\t\t\t<section class=\"elementor-section elementor-top-section elementor-element elementor-element-432f5245 elementor-section-boxed elementor-section-height-default elementor-section-height-default\" data-id=\"432f5245\" data-element_type=\"section\">\r\n\t\t\r\n\t\t\t\t\t\t\t<div class=\"elementor-container elementor-column-gap-default\">\r\n\t\t\t\t\t\t\t\t\t\t\t<div class=\"elementor-column elementor-col-100 elementor-top-column elementor-element elementor-element-7866422\" data-id=\"7866422\" data-element_type=\"column\">\r\n\t\t\t\t\t<div class=\"elementor-widget-wrap elementor-element-populated\">\r\n\t\t\t\t\t\t\t\t<div class=\"elementor-element elementor-element-229c842 elementor-widget elementor-widget-spacer\" data-id=\"229c842\" data-element_type=\"widget\" data-widget_type=\"spacer.default\">\n\t\t\t\t<div class=\"elementor-widget-container\">\n\t\t\t\t\t\t\t<div class=\"elementor-spacer\">\n\t\t\t<div class=\"elementor-spacer-inner\"><\/div>\n\t\t<\/div>\n\t\t\t\t\t\t<\/div>\n\t\t\t\t<\/div>\n\t\t\t\t\t<\/div>\r\n\t\t\t\t<\/div>\r\n\t\t\t\t\t<\/div>\r\n\t\t\t\t<\/section>\r\n\t\t\t\t<section class=\"elementor-section elementor-top-section elementor-element elementor-element-140d08c4 elementor-section-boxed elementor-section-height-default elementor-section-height-default\" data-id=\"140d08c4\" data-element_type=\"section\">\r\n\t\t\r\n\t\t\t\t\t\t\t<div class=\"elementor-container elementor-column-gap-default\">\r\n\t\t\t\t\t\t\t\t\t\t\t<div class=\"elementor-column elementor-col-100 elementor-top-column elementor-element elementor-element-3238af64\" data-id=\"3238af64\" data-element_type=\"column\">\r\n\t\t\t\t\t<div class=\"elementor-widget-wrap elementor-element-populated\">\r\n\t\t\t\t\t\t\t\t<div class=\"elementor-element elementor-element-5f9b0237 elementor-widget elementor-widget-porto_ultimate_heading\" data-id=\"5f9b0237\" data-element_type=\"widget\" data-widget_type=\"porto_ultimate_heading.default\">\n\t\t\t\t<div class=\"elementor-widget-container\">\n\t\t\t\t\t<div class=\"porto-u-heading  porto-u-55ca8359258f9a412be7e73af65d2aac\"><div class=\"porto-u-main-heading\"><h1 data-plugin-animated-letters data-plugin-options=\"{&quot;startDelay&quot;:0,&quot;minWindowWidth&quot;:0,&quot;animationName&quot;:&quot;fadeIn&quot;}\"  >Guarda dental nocturna<\/h1><\/div><style>.porto-u-55ca8359258f9a412be7e73af65d2aac.porto-u-heading{text-align:center}<\/style><\/div>\t\t\t\t<\/div>\n\t\t\t\t<\/div>\n\t\t\t\t<section class=\"elementor-section elementor-inner-section elementor-element elementor-element-3be12ca2 elementor-section-boxed elementor-section-height-default elementor-section-height-default\" data-id=\"3be12ca2\" data-element_type=\"section\">\r\n\t\t\r\n\t\t\t\t\t\t\t<div class=\"elementor-container elementor-column-gap-default\">\r\n\t\t\t\t\t\t\t\t\t\t\t<div class=\"elementor-column elementor-col-50 elementor-inner-column elementor-element elementor-element-5ae65ac4\" data-id=\"5ae65ac4\" data-element_type=\"column\">\r\n\t\t\t\t\t<div class=\"elementor-widget-wrap elementor-element-populated\">\r\n\t\t\t\t\t\t\t\t<div class=\"elementor-element elementor-element-7bbc9cbd animated-slow elementor-invisible elementor-widget elementor-widget-text-editor\" data-id=\"7bbc9cbd\" data-element_type=\"widget\" data-settings=\"{&quot;_animation&quot;:&quot;fadeIn&quot;}\" data-widget_type=\"text-editor.default\">\n\t\t\t\t<div class=\"elementor-widget-container\">\n\t\t\t\t\t\t\t\t\t<p>Un protector nocturno sirve como un dispositivo dental removible, dise\u00f1ado para mitigar el impacto del bruxismo (rechinar de los dientes) y otros problemas oclusales. Dise\u00f1ado espec\u00edficamente para tratar el bruxismo, este protector bucal funciona como un escudo protector que se ubica entre los dientes superiores e inferiores<\/p><p>Si bien el rechinamiento espor\u00e1dico de dientes es generalmente inocuo, el bruxismo persistente puede provocar da\u00f1os en los dientes, p\u00e9rdida de dientes y molestias en la mand\u00edbula.<\/p><p>Dado que el rechinar de dientes suele ocurrir durante el sue\u00f1o, muchas personas no son conscientes del h\u00e1bito. Sin embargo, un dentista puede diagnosticar y determinar la presencia de rechinamiento de dientes.<\/p><p>Los protectores nocturnos se usan durante el sue\u00f1o; act\u00faan como una protecci\u00f3n. para sus dientes naturales y sus coronas dentales, contra el riesgo de agrietamiento o astillado causado por el rechinamiento nocturno de los dientes. Esta medida preventiva puede desestimar la necesidad de costosas intervenciones dentales destinadas a rectificar dicho da\u00f1o.<\/p><p>Para aquellos que se han sometido a un cambio de imagen de sonrisa, un protector nocturno demuestra ser un activo invaluable, ya que salvaguarda su inversi\u00f3n y preserva las mejoras logradas.<\/p><p>\u00bfEst\u00e1 listo para proteger su sonrisa o tiene preguntas sobre nuestros servicios dentales? Nuestro equipo estar\u00e1 para ayudarlo. Programe una consulta con nosotros, hoy, para obtener m\u00e1s informaci\u00f3n sobre c\u00f3mo un protector nocturno puede proteger sus dientes del bruxismo.<\/p>\t\t\t\t\t\t\t\t<\/div>\n\t\t\t\t<\/div>\n\t\t\t\t\t<\/div>\r\n\t\t\t\t<\/div>\r\n\t\t\t\t<div class=\"elementor-column elementor-col-50 elementor-inner-column elementor-element elementor-element-17ebaae\" data-id=\"17ebaae\" data-element_type=\"column\">\r\n\t\t\t\t\t<div class=\"elementor-widget-wrap elementor-element-populated\">\r\n\t\t\t\t\t\t\t\t<div class=\"elementor-element elementor-element-8f4782b elementor-widget elementor-widget-text-editor\" data-id=\"8f4782b\" data-element_type=\"widget\" data-widget_type=\"text-editor.default\">\n\t\t\t\t<div class=\"elementor-widget-container\">\n\t\t\t\t\t\t\t\t\t<h4 align=\"center\">Nuestra Ubicaci\u00f3n<\/h4>\n<p>\t<span>7741 SW 62nd Ave<\/span><br>\n\t<span>South Miami<\/span><span>,<\/span> <span>FL<\/span> <span>33143<\/span><br>\t<span><a aria-label=\"Click to Call\" href=\"tel:+1 (305) 666-3824\">(305) 666-3824<\/a><\/span><br><\/p>\t\t\t\t\t\t\t\t<\/div>\n\t\t\t\t<\/div>\n\t\t\t\t<div class=\"elementor-element elementor-element-52bad79 elementor-widget elementor-widget-text-editor\" data-id=\"52bad79\" data-element_type=\"widget\" data-widget_type=\"text-editor.default\">\n\t\t\t\t<div class=\"elementor-widget-container\">\n\t\t\t\t\t\t\t\t\t<h4 align=\"center\">S\u00edguenos<\/h4>\n\t\t\t\t\t\t\t\t<\/div>\n\t\t\t\t<\/div>\n\t\t\t\t<div class=\"elementor-element elementor-element-329913d elementor-shape-rounded elementor-grid-0 e-grid-align-center elementor-widget elementor-widget-social-icons\" data-id=\"329913d\" data-element_type=\"widget\" data-widget_type=\"social-icons.default\">\n\t\t\t\t<div class=\"elementor-widget-container\">\n\t\t\t\t\t\t\t<div class=\"elementor-social-icons-wrapper elementor-grid\" role=\"list\">\n\t\t\t\t\t\t\t<span class=\"elementor-grid-item\" role=\"listitem\">\n\t\t\t\t\t<a class=\"elementor-icon elementor-social-icon elementor-social-icon-facebook elementor-animation-shrink elementor-repeater-item-d3aeeb9\" href=\"https:\/\/www.facebook.com\/AlvaroOrdonezDds\/\" target=\"_blank\">\n\t\t\t\t\t\t<span class=\"elementor-screen-only\">Facebook<\/span>\n\t\t\t\t\t\t<i aria-hidden=\"true\" class=\"fab fa-facebook\"><\/i>\t\t\t\t\t<\/a>\n\t\t\t\t<\/span>\n\t\t\t\t\t\t\t<span class=\"elementor-grid-item\" role=\"listitem\">\n\t\t\t\t\t<a class=\"elementor-icon elementor-social-icon elementor-social-icon-twitter elementor-animation-shrink elementor-repeater-item-0345674\" href=\"https:\/\/twitter.com\/DrOrdonezDDS\" target=\"_blank\">\n\t\t\t\t\t\t<span class=\"elementor-screen-only\">Twitter<\/span>\n\t\t\t\t\t\t<i aria-hidden=\"true\" class=\"fab fa-twitter\"><\/i>\t\t\t\t\t<\/a>\n\t\t\t\t<\/span>\n\t\t\t\t\t\t\t<span class=\"elementor-grid-item\" role=\"listitem\">\n\t\t\t\t\t<a class=\"elementor-icon elementor-social-icon elementor-social-icon-instagram elementor-animation-shrink elementor-repeater-item-5d29ac9\" href=\"https:\/\/www.instagram.com\/dralvaroordonezdds\/\" target=\"_blank\">\n\t\t\t\t\t\t<span class=\"elementor-screen-only\">Instagram<\/span>\n\t\t\t\t\t\t<i aria-hidden=\"true\" class=\"fab fa-instagram\"><\/i>\t\t\t\t\t<\/a>\n\t\t\t\t<\/span>\n\t\t\t\t\t\t\t<span class=\"elementor-grid-item\" role=\"listitem\">\n\t\t\t\t\t<a class=\"elementor-icon elementor-social-icon elementor-social-icon-linkedin elementor-animation-shrink elementor-repeater-item-51eda4a\" href=\"https:\/\/www.linkedin.com\/in\/alvaro-ordonez\/\" target=\"_blank\">\n\t\t\t\t\t\t<span class=\"elementor-screen-only\">Linkedin<\/span>\n\t\t\t\t\t\t<i aria-hidden=\"true\" class=\"fab fa-linkedin\"><\/i>\t\t\t\t\t<\/a>\n\t\t\t\t<\/span>\n\t\t\t\t\t<\/div>\n\t\t\t\t\t\t<\/div>\n\t\t\t\t<\/div>\n\t\t\t\t\t<\/div>\r\n\t\t\t\t<\/div>\r\n\t\t\t\t\t<\/div>\r\n\t\t\t\t<\/section>\r\n\t\t\t\t\t<\/div>\r\n\t\t\t\t<\/div>\r\n\t\t\t\t\t<\/div>\r\n\t\t\t\t<\/section>\r\n\t\t\t\t<\/div>\n\t\t","protected":false},"excerpt":{"rendered":"<p>Guarda dental nocturna Un protector nocturno sirve como un dispositivo dental removible, dise\u00f1ado para mitigar el impacto del bruxismo (rechinar de los dientes) y otros problemas oclusales. Dise\u00f1ado espec\u00edficamente para tratar el bruxismo, este protector bucal funciona como un escudo protector que se ubica entre los dientes superiores e inferiores Si bien el rechinamiento espor\u00e1dico [&hellip;]<\/p>\n","protected":false},"author":1,"featured_media":0,"parent":2112,"menu_order":0,"comment_status":"closed","ping_status":"closed","template":"","meta":{"footnotes":""},"class_list":["post-2138","page","type-page","status-publish","hentry"],"yoast_head":"<!-- This site is optimized with the Yoast SEO plugin v27.2 - https:\/\/yoast.com\/product\/yoast-seo-wordpress\/ -->\n<title>F\u00e9rula Nocturna - Alvaro Ordonez, DDS<\/title>\n<meta name=\"description\" content=\"Proteja sus dientes del bruxismo con una Guarda dental nocturna. Soluci\u00f3n eficaz para prevenir da\u00f1os y mantener su sonrisa radiante mientras duerme.\" \/>\n<meta name=\"robots\" content=\"index, follow, max-snippet:-1, max-image-preview:large, max-video-preview:-1\" \/>\n<link rel=\"canonical\" href=\"https:\/\/alvaroordonezdds.com\/es\/servicios\/ferula-nocturna\/\" \/>\n<meta property=\"og:locale\" content=\"es_ES\" \/>\n<meta property=\"og:type\" content=\"article\" \/>\n<meta property=\"og:title\" content=\"F\u00e9rula Nocturna - Alvaro Ordonez, DDS\" \/>\n<meta property=\"og:description\" content=\"Proteja sus dientes del bruxismo con una Guarda dental nocturna. Soluci\u00f3n eficaz para prevenir da\u00f1os y mantener su sonrisa radiante mientras duerme.\" \/>\n<meta property=\"og:url\" content=\"https:\/\/alvaroordonezdds.com\/es\/servicios\/ferula-nocturna\/\" \/>\n<meta property=\"og:site_name\" content=\"Alvaro Ordonez, DDS\" \/>\n<meta property=\"article:publisher\" content=\"https:\/\/www.facebook.com\/AlvaroOrdonezDds\/\" \/>\n<meta property=\"article:modified_time\" content=\"2024-02-12T20:42:56+00:00\" \/>\n<meta property=\"og:image\" content=\"https:\/\/alvaroordonezdds.com\/wp-content\/uploads\/2023\/08\/Alvaro-Ordonez.png\" \/>\n\t<meta property=\"og:image:width\" content=\"400\" \/>\n\t<meta property=\"og:image:height\" content=\"160\" \/>\n\t<meta property=\"og:image:type\" content=\"image\/png\" \/>\n<meta name=\"twitter:card\" content=\"summary_large_image\" \/>\n<meta name=\"twitter:site\" content=\"@DrOrdonezDDS\" \/>\n<meta name=\"twitter:label1\" content=\"Tiempo de lectura\" \/>\n\t<meta name=\"twitter:data1\" content=\"2 minutos\" \/>\n<script type=\"application\/ld+json\" class=\"yoast-schema-graph\">{\"@context\":\"https:\/\/schema.org\",\"@graph\":[{\"@type\":\"WebPage\",\"@id\":\"https:\/\/alvaroordonezdds.com\/es\/servicios\/ferula-nocturna\/\",\"url\":\"https:\/\/alvaroordonezdds.com\/es\/servicios\/ferula-nocturna\/\",\"name\":\"F\u00e9rula Nocturna - Alvaro Ordonez, DDS\",\"isPartOf\":{\"@id\":\"https:\/\/alvaroordonezdds.com\/#website\"},\"datePublished\":\"2023-08-14T17:23:41+00:00\",\"dateModified\":\"2024-02-12T20:42:56+00:00\",\"description\":\"Proteja sus dientes del bruxismo con una Guarda dental nocturna. Soluci\u00f3n eficaz para prevenir da\u00f1os y mantener su sonrisa radiante mientras duerme.\",\"breadcrumb\":{\"@id\":\"https:\/\/alvaroordonezdds.com\/es\/servicios\/ferula-nocturna\/#breadcrumb\"},\"inLanguage\":\"es\",\"potentialAction\":[{\"@type\":\"ReadAction\",\"target\":[\"https:\/\/alvaroordonezdds.com\/es\/servicios\/ferula-nocturna\/\"]}]},{\"@type\":\"BreadcrumbList\",\"@id\":\"https:\/\/alvaroordonezdds.com\/es\/servicios\/ferula-nocturna\/#breadcrumb\",\"itemListElement\":[{\"@type\":\"ListItem\",\"position\":1,\"name\":\"Home\",\"item\":\"https:\/\/alvaroordonezdds.com\/\"},{\"@type\":\"ListItem\",\"position\":2,\"name\":\"Servicios\",\"item\":\"https:\/\/alvaroordonezdds.com\/es\/servicios\/\"},{\"@type\":\"ListItem\",\"position\":3,\"name\":\"F\u00e9rula Nocturna\"}]},{\"@type\":\"WebSite\",\"@id\":\"https:\/\/alvaroordonezdds.com\/#website\",\"url\":\"https:\/\/alvaroordonezdds.com\/\",\"name\":\"Alvaro Ordonez DDS\",\"description\":\"Dental Office in Miami\",\"publisher\":{\"@id\":\"https:\/\/alvaroordonezdds.com\/#organization\"},\"potentialAction\":[{\"@type\":\"SearchAction\",\"target\":{\"@type\":\"EntryPoint\",\"urlTemplate\":\"https:\/\/alvaroordonezdds.com\/?s={search_term_string}\"},\"query-input\":{\"@type\":\"PropertyValueSpecification\",\"valueRequired\":true,\"valueName\":\"search_term_string\"}}],\"inLanguage\":\"es\"},{\"@type\":\"Organization\",\"@id\":\"https:\/\/alvaroordonezdds.com\/#organization\",\"name\":\"Alvaro Ordonez DDS\",\"url\":\"https:\/\/alvaroordonezdds.com\/\",\"logo\":{\"@type\":\"ImageObject\",\"inLanguage\":\"es\",\"@id\":\"https:\/\/alvaroordonezdds.com\/#\/schema\/logo\/image\/\",\"url\":\"https:\/\/alvaroordonezdds.com\/wp-content\/uploads\/2023\/08\/Alvaro-Ordonez.png\",\"contentUrl\":\"https:\/\/alvaroordonezdds.com\/wp-content\/uploads\/2023\/08\/Alvaro-Ordonez.png\",\"width\":400,\"height\":160,\"caption\":\"Alvaro Ordonez DDS\"},\"image\":{\"@id\":\"https:\/\/alvaroordonezdds.com\/#\/schema\/logo\/image\/\"},\"sameAs\":[\"https:\/\/www.facebook.com\/AlvaroOrdonezDds\/\",\"https:\/\/x.com\/DrOrdonezDDS\",\"https:\/\/www.instagram.com\/dralvaroordonezdds\/\",\"https:\/\/www.linkedin.com\/in\/alvaro-ordonez\/\"]}]}<\/script>\n<!-- \/ Yoast SEO plugin. -->","yoast_head_json":{"title":"F\u00e9rula Nocturna - Alvaro Ordonez, DDS","description":"Proteja sus dientes del bruxismo con una Guarda dental nocturna. Soluci\u00f3n eficaz para prevenir da\u00f1os y mantener su sonrisa radiante mientras duerme.","robots":{"index":"index","follow":"follow","max-snippet":"max-snippet:-1","max-image-preview":"max-image-preview:large","max-video-preview":"max-video-preview:-1"},"canonical":"https:\/\/alvaroordonezdds.com\/es\/servicios\/ferula-nocturna\/","og_locale":"es_ES","og_type":"article","og_title":"F\u00e9rula Nocturna - Alvaro Ordonez, DDS","og_description":"Proteja sus dientes del bruxismo con una Guarda dental nocturna. Soluci\u00f3n eficaz para prevenir da\u00f1os y mantener su sonrisa radiante mientras duerme.","og_url":"https:\/\/alvaroordonezdds.com\/es\/servicios\/ferula-nocturna\/","og_site_name":"Alvaro Ordonez, DDS","article_publisher":"https:\/\/www.facebook.com\/AlvaroOrdonezDds\/","article_modified_time":"2024-02-12T20:42:56+00:00","og_image":[{"width":400,"height":160,"url":"https:\/\/alvaroordonezdds.com\/wp-content\/uploads\/2023\/08\/Alvaro-Ordonez.png","type":"image\/png"}],"twitter_card":"summary_large_image","twitter_site":"@DrOrdonezDDS","twitter_misc":{"Tiempo de lectura":"2 minutos"},"schema":{"@context":"https:\/\/schema.org","@graph":[{"@type":"WebPage","@id":"https:\/\/alvaroordonezdds.com\/es\/servicios\/ferula-nocturna\/","url":"https:\/\/alvaroordonezdds.com\/es\/servicios\/ferula-nocturna\/","name":"F\u00e9rula Nocturna - Alvaro Ordonez, DDS","isPartOf":{"@id":"https:\/\/alvaroordonezdds.com\/#website"},"datePublished":"2023-08-14T17:23:41+00:00","dateModified":"2024-02-12T20:42:56+00:00","description":"Proteja sus dientes del bruxismo con una Guarda dental nocturna. Soluci\u00f3n eficaz para prevenir da\u00f1os y mantener su sonrisa radiante mientras duerme.","breadcrumb":{"@id":"https:\/\/alvaroordonezdds.com\/es\/servicios\/ferula-nocturna\/#breadcrumb"},"inLanguage":"es","potentialAction":[{"@type":"ReadAction","target":["https:\/\/alvaroordonezdds.com\/es\/servicios\/ferula-nocturna\/"]}]},{"@type":"BreadcrumbList","@id":"https:\/\/alvaroordonezdds.com\/es\/servicios\/ferula-nocturna\/#breadcrumb","itemListElement":[{"@type":"ListItem","position":1,"name":"Home","item":"https:\/\/alvaroordonezdds.com\/"},{"@type":"ListItem","position":2,"name":"Servicios","item":"https:\/\/alvaroordonezdds.com\/es\/servicios\/"},{"@type":"ListItem","position":3,"name":"F\u00e9rula Nocturna"}]},{"@type":"WebSite","@id":"https:\/\/alvaroordonezdds.com\/#website","url":"https:\/\/alvaroordonezdds.com\/","name":"Alvaro Ordonez DDS","description":"Dental Office in Miami","publisher":{"@id":"https:\/\/alvaroordonezdds.com\/#organization"},"potentialAction":[{"@type":"SearchAction","target":{"@type":"EntryPoint","urlTemplate":"https:\/\/alvaroordonezdds.com\/?s={search_term_string}"},"query-input":{"@type":"PropertyValueSpecification","valueRequired":true,"valueName":"search_term_string"}}],"inLanguage":"es"},{"@type":"Organization","@id":"https:\/\/alvaroordonezdds.com\/#organization","name":"Alvaro Ordonez DDS","url":"https:\/\/alvaroordonezdds.com\/","logo":{"@type":"ImageObject","inLanguage":"es","@id":"https:\/\/alvaroordonezdds.com\/#\/schema\/logo\/image\/","url":"https:\/\/alvaroordonezdds.com\/wp-content\/uploads\/2023\/08\/Alvaro-Ordonez.png","contentUrl":"https:\/\/alvaroordonezdds.com\/wp-content\/uploads\/2023\/08\/Alvaro-Ordonez.png","width":400,"height":160,"caption":"Alvaro Ordonez DDS"},"image":{"@id":"https:\/\/alvaroordonezdds.com\/#\/schema\/logo\/image\/"},"sameAs":["https:\/\/www.facebook.com\/AlvaroOrdonezDds\/","https:\/\/x.com\/DrOrdonezDDS","https:\/\/www.instagram.com\/dralvaroordonezdds\/","https:\/\/www.linkedin.com\/in\/alvaro-ordonez\/"]}]}},"jetpack_sharing_enabled":true,"_links":{"self":[{"href":"https:\/\/alvaroordonezdds.com\/es\/wp-json\/wp\/v2\/pages\/2138","targetHints":{"allow":["GET"]}}],"collection":[{"href":"https:\/\/alvaroordonezdds.com\/es\/wp-json\/wp\/v2\/pages"}],"about":[{"href":"https:\/\/alvaroordonezdds.com\/es\/wp-json\/wp\/v2\/types\/page"}],"author":[{"embeddable":true,"href":"https:\/\/alvaroordonezdds.com\/es\/wp-json\/wp\/v2\/users\/1"}],"replies":[{"embeddable":true,"href":"https:\/\/alvaroordonezdds.com\/es\/wp-json\/wp\/v2\/comments?post=2138"}],"version-history":[{"count":16,"href":"https:\/\/alvaroordonezdds.com\/es\/wp-json\/wp\/v2\/pages\/2138\/revisions"}],"predecessor-version":[{"id":6019,"href":"https:\/\/alvaroordonezdds.com\/es\/wp-json\/wp\/v2\/pages\/2138\/revisions\/6019"}],"up":[{"embeddable":true,"href":"https:\/\/alvaroordonezdds.com\/es\/wp-json\/wp\/v2\/pages\/2112"}],"wp:attachment":[{"href":"https:\/\/alvaroordonezdds.com\/es\/wp-json\/wp\/v2\/media?parent=2138"}],"curies":[{"name":"wp","href":"https:\/\/api.w.org\/{rel}","templated":true}]}}