{"id":2141,"date":"2023-08-15T10:56:05","date_gmt":"2023-08-15T14:56:05","guid":{"rendered":"http:\/\/kkc.wig.mybluehost.me\/services\/implant-guided-surgery\/"},"modified":"2024-02-13T10:26:59","modified_gmt":"2024-02-13T14:26:59","slug":"cirugia-de-implantes-guiada","status":"publish","type":"page","link":"https:\/\/alvaroordonezdds.com\/es\/servicios\/cirugia-de-implantes-guiada\/","title":{"rendered":"Cirug\u00eda de Implantes Guiada"},"content":{"rendered":"\t\t<div data-elementor-type=\"wp-page\" data-elementor-id=\"2141\" class=\"elementor elementor-2141 elementor-1703\">\n\t\t\t\t\t\t<section class=\"elementor-section elementor-top-section elementor-element elementor-element-24be71d8 elementor-section-full_width elementor-section-stretched elementor-section-height-default elementor-section-height-default\" data-id=\"24be71d8\" data-element_type=\"section\" data-settings=\"{&quot;stretch_section&quot;:&quot;section-stretched&quot;}\">\r\n\t\t\r\n\t\t\t\t\t\t\t<div class=\"elementor-container elementor-column-gap-no porto-ibanner\">\r\n\t\t\t\t<img fetchpriority=\"high\" decoding=\"async\" src=\"https:\/\/alvaroordonezdds.com\/wp-content\/uploads\/2023\/08\/Implant-Guided-Surgery-Alvaro-Ordonez.jpg\" alt=\"Implant Guided Surgery - Alvaro Ordonez\" width=\"1900\" height=\"500\" class=\"porto-ibanner-img\" srcset=\"https:\/\/alvaroordonezdds.com\/wp-content\/uploads\/2023\/08\/Implant-Guided-Surgery-Alvaro-Ordonez.jpg 1900w, https:\/\/alvaroordonezdds.com\/wp-content\/uploads\/2023\/08\/Implant-Guided-Surgery-Alvaro-Ordonez-1024x269.jpg 1024w, https:\/\/alvaroordonezdds.com\/wp-content\/uploads\/2023\/08\/Implant-Guided-Surgery-Alvaro-Ordonez-768x202.jpg 768w, https:\/\/alvaroordonezdds.com\/wp-content\/uploads\/2023\/08\/Implant-Guided-Surgery-Alvaro-Ordonez-1536x404.jpg 1536w, https:\/\/alvaroordonezdds.com\/wp-content\/uploads\/2023\/08\/Implant-Guided-Surgery-Alvaro-Ordonez-640x168.jpg 640w, https:\/\/alvaroordonezdds.com\/wp-content\/uploads\/2023\/08\/Implant-Guided-Surgery-Alvaro-Ordonez-400x105.jpg 400w\" sizes=\"(max-width: 1900px) 100vw, 1900px\">\t\t\t\t\t\t\t<div class=\"elementor-column elementor-col-100 elementor-top-column elementor-element elementor-element-60bfe082\" data-id=\"60bfe082\" data-element_type=\"column\">\r\n\t\t\t\t\t<div class=\"elementor-widget-wrap\">\r\n\t\t\t\t\t\t\t\t\t<\/div>\r\n\t\t\t\t<\/div>\r\n\t\t\t\t\t<\/div>\r\n\t\t\t\t<\/section>\r\n\t\t\t\t<section class=\"elementor-section elementor-top-section elementor-element elementor-element-1deda2f8 elementor-section-boxed elementor-section-height-default elementor-section-height-default\" data-id=\"1deda2f8\" data-element_type=\"section\">\r\n\t\t\r\n\t\t\t\t\t\t\t<div class=\"elementor-container elementor-column-gap-default\">\r\n\t\t\t\t\t\t\t\t\t\t\t<div class=\"elementor-column elementor-col-100 elementor-top-column elementor-element elementor-element-642ba68b\" data-id=\"642ba68b\" data-element_type=\"column\">\r\n\t\t\t\t\t<div class=\"elementor-widget-wrap elementor-element-populated\">\r\n\t\t\t\t\t\t\t\t<div class=\"elementor-element elementor-element-4e6147ff elementor-widget elementor-widget-spacer\" data-id=\"4e6147ff\" data-element_type=\"widget\" data-widget_type=\"spacer.default\">\n\t\t\t\t<div class=\"elementor-widget-container\">\n\t\t\t\t\t\t\t<div class=\"elementor-spacer\">\n\t\t\t<div class=\"elementor-spacer-inner\"><\/div>\n\t\t<\/div>\n\t\t\t\t\t\t<\/div>\n\t\t\t\t<\/div>\n\t\t\t\t\t<\/div>\r\n\t\t\t\t<\/div>\r\n\t\t\t\t\t<\/div>\r\n\t\t\t\t<\/section>\r\n\t\t\t\t<section class=\"elementor-section elementor-top-section elementor-element elementor-element-53ff1c49 elementor-section-boxed elementor-section-height-default elementor-section-height-default\" data-id=\"53ff1c49\" data-element_type=\"section\">\r\n\t\t\r\n\t\t\t\t\t\t\t<div class=\"elementor-container elementor-column-gap-default\">\r\n\t\t\t\t\t\t\t\t\t\t\t<div class=\"elementor-column elementor-col-100 elementor-top-column elementor-element elementor-element-51a83c5d\" data-id=\"51a83c5d\" data-element_type=\"column\">\r\n\t\t\t\t\t<div class=\"elementor-widget-wrap elementor-element-populated\">\r\n\t\t\t\t\t\t\t\t<div class=\"elementor-element elementor-element-17f192f1 elementor-widget elementor-widget-porto_ultimate_heading\" data-id=\"17f192f1\" data-element_type=\"widget\" data-widget_type=\"porto_ultimate_heading.default\">\n\t\t\t\t<div class=\"elementor-widget-container\">\n\t\t\t\t\t<div class=\"porto-u-heading  porto-u-55ca8359258f9a412be7e73af65d2aac\"><div class=\"porto-u-main-heading\"><h1 data-plugin-animated-letters data-plugin-options=\"{&quot;startDelay&quot;:0,&quot;minWindowWidth&quot;:0,&quot;animationName&quot;:&quot;fadeIn&quot;}\"  >Cirug\u00eda guiada por implantes<\/h1><\/div><style>.porto-u-55ca8359258f9a412be7e73af65d2aac.porto-u-heading{text-align:center}<\/style><\/div>\t\t\t\t<\/div>\n\t\t\t\t<\/div>\n\t\t\t\t<section class=\"elementor-section elementor-inner-section elementor-element elementor-element-56798c7a elementor-section-boxed elementor-section-height-default elementor-section-height-default\" data-id=\"56798c7a\" data-element_type=\"section\">\r\n\t\t\r\n\t\t\t\t\t\t\t<div class=\"elementor-container elementor-column-gap-default\">\r\n\t\t\t\t\t\t\t\t\t\t\t<div class=\"elementor-column elementor-col-50 elementor-inner-column elementor-element elementor-element-1d064d3f\" data-id=\"1d064d3f\" data-element_type=\"column\">\r\n\t\t\t\t\t<div class=\"elementor-widget-wrap elementor-element-populated\">\r\n\t\t\t\t\t\t\t\t<div class=\"elementor-element elementor-element-5658c7ee animated-slow elementor-invisible elementor-widget elementor-widget-text-editor\" data-id=\"5658c7ee\" data-element_type=\"widget\" data-settings=\"{&quot;_animation&quot;:&quot;fadeIn&quot;}\" data-widget_type=\"text-editor.default\">\n\t\t\t\t<div class=\"elementor-widget-container\">\n\t\t\t\t\t\t\t\t\t<p>Nuestra cl\u00ednica dental cuenta con equipos de \u00faltima generaci\u00f3n y tecnolog\u00eda de vanguardia, dise\u00f1ados espec\u00edficamente para procedimientos avanzados de cirug\u00eda oral.<\/p><p>Entre estas innovaciones, la tomograf\u00eda computarizada de haz c\u00f3nico (CBCT) se destaca como una t\u00e9cnica revolucionaria empleada para generar im\u00e1genes detalladas de su anatom\u00eda dental y facial.<\/p><p>La utilizaci\u00f3n de im\u00e1genes CBCT agiliza significativamente los procesos de toma de decisiones cl\u00ednicas, mejorando la precisi\u00f3n y la exactitud. Como resultado, las opciones de tratamiento est\u00e1n m\u00e1s informadas y la interpretaci\u00f3n de los datos de rayos X se vuelve m\u00e1s perspicaz.<\/p><p>Con la integraci\u00f3n del software Simplant, nuestros profesionales cualificados elaboran meticulosamente una estrategia para cada procedimiento quir\u00fargico, asegurando la colocaci\u00f3n y el espaciado \u00f3ptimos de los implantes.<\/p><p>Este innovador software ofrece un plano completo, se\u00f1alando las ubicaciones precisas para la inserci\u00f3n del implante. Al hacerlo, minimiza los riesgos inherentes asociados con el da\u00f1o potencial a las estructuras anat\u00f3micas cr\u00edticas en la mand\u00edbula superior o inferior, salvaguardando su bienestar durante todo el proceso quir\u00fargico.<\/p><p>Si est\u00e1 considerando la cirug\u00eda guiada por implantes o tiene preguntas sobre este procedimiento avanzado, nuestro equipo est\u00e1 aqu\u00ed para brindarle informaci\u00f3n y orientaci\u00f3n detalladas. No dude en ponerse en contacto con nosotros para programar una consulta u obtener m\u00e1s informaci\u00f3n sobre los beneficios de este enfoque preciso para la colocaci\u00f3n de implantes dentales. Su salud bucal y bienestar son nuestras principales prioridades, y estamos comprometidos a brindar una atenci\u00f3n excepcional. Tambi\u00e9n puede solicitar una cita.<\/p><p>Esperamos poder ayudarlo en su camino hacia una sonrisa m\u00e1s saludable.<\/p>\t\t\t\t\t\t\t\t<\/div>\n\t\t\t\t<\/div>\n\t\t\t\t<div class=\"elementor-element elementor-element-fab36bc elementor-widget elementor-widget-image\" data-id=\"fab36bc\" data-element_type=\"widget\" data-widget_type=\"image.default\">\n\t\t\t\t<div class=\"elementor-widget-container\">\n\t\t\t\t\t\t\t\t\t\t\t\t\t\t\t<img decoding=\"async\" width=\"1000\" height=\"666\" src=\"https:\/\/alvaroordonezdds.com\/wp-content\/uploads\/2023\/09\/implant-Guide-Surgery.jpg\" class=\"attachment-large size-large wp-image-3195\" alt=\"implant Guide Surgery\" srcset=\"https:\/\/alvaroordonezdds.com\/wp-content\/uploads\/2023\/09\/implant-Guide-Surgery.jpg 1000w, https:\/\/alvaroordonezdds.com\/wp-content\/uploads\/2023\/09\/implant-Guide-Surgery-768x511.jpg 768w, https:\/\/alvaroordonezdds.com\/wp-content\/uploads\/2023\/09\/implant-Guide-Surgery-640x426.jpg 640w, https:\/\/alvaroordonezdds.com\/wp-content\/uploads\/2023\/09\/implant-Guide-Surgery-400x266.jpg 400w\" sizes=\"(max-width: 1000px) 100vw, 1000px\" \/>\t\t\t\t\t\t\t\t\t\t\t\t\t\t\t<\/div>\n\t\t\t\t<\/div>\n\t\t\t\t\t<\/div>\r\n\t\t\t\t<\/div>\r\n\t\t\t\t<div class=\"elementor-column elementor-col-50 elementor-inner-column elementor-element elementor-element-c5f0e4a\" data-id=\"c5f0e4a\" data-element_type=\"column\">\r\n\t\t\t\t\t<div class=\"elementor-widget-wrap elementor-element-populated\">\r\n\t\t\t\t\t\t\t\t<div class=\"elementor-element elementor-element-bf4c179 elementor-widget elementor-widget-text-editor\" data-id=\"bf4c179\" data-element_type=\"widget\" data-widget_type=\"text-editor.default\">\n\t\t\t\t<div class=\"elementor-widget-container\">\n\t\t\t\t\t\t\t\t\t<h4 align=\"center\">Nuestra Ubicaci\u00f3n<\/h4>\n<p>\t<span>7741 SW 62nd Ave<\/span><br>\n\t<span>South Miami<\/span><span>,<\/span> <span>FL<\/span> <span>33143<\/span><br>\t<span><a aria-label=\"Click to Call\" href=\"tel:+1 (305) 666-3824\">(305) 666-3824<\/a><\/span><br><\/p>\t\t\t\t\t\t\t\t<\/div>\n\t\t\t\t<\/div>\n\t\t\t\t<div class=\"elementor-element elementor-element-c7417b7 elementor-widget elementor-widget-text-editor\" data-id=\"c7417b7\" data-element_type=\"widget\" data-widget_type=\"text-editor.default\">\n\t\t\t\t<div class=\"elementor-widget-container\">\n\t\t\t\t\t\t\t\t\t<h4 align=\"center\">S\u00edguenos<\/h4>\n\t\t\t\t\t\t\t\t<\/div>\n\t\t\t\t<\/div>\n\t\t\t\t<div class=\"elementor-element elementor-element-3e9f2a8 elementor-shape-rounded elementor-grid-0 e-grid-align-center elementor-widget elementor-widget-social-icons\" data-id=\"3e9f2a8\" data-element_type=\"widget\" data-widget_type=\"social-icons.default\">\n\t\t\t\t<div class=\"elementor-widget-container\">\n\t\t\t\t\t\t\t<div class=\"elementor-social-icons-wrapper elementor-grid\" role=\"list\">\n\t\t\t\t\t\t\t<span class=\"elementor-grid-item\" role=\"listitem\">\n\t\t\t\t\t<a class=\"elementor-icon elementor-social-icon elementor-social-icon-facebook elementor-animation-shrink elementor-repeater-item-d3aeeb9\" href=\"https:\/\/www.facebook.com\/AlvaroOrdonezDds\/\" target=\"_blank\">\n\t\t\t\t\t\t<span class=\"elementor-screen-only\">Facebook<\/span>\n\t\t\t\t\t\t<i aria-hidden=\"true\" class=\"fab fa-facebook\"><\/i>\t\t\t\t\t<\/a>\n\t\t\t\t<\/span>\n\t\t\t\t\t\t\t<span class=\"elementor-grid-item\" role=\"listitem\">\n\t\t\t\t\t<a class=\"elementor-icon elementor-social-icon elementor-social-icon-twitter elementor-animation-shrink elementor-repeater-item-0345674\" href=\"https:\/\/twitter.com\/DrOrdonezDDS\" target=\"_blank\">\n\t\t\t\t\t\t<span class=\"elementor-screen-only\">Twitter<\/span>\n\t\t\t\t\t\t<i aria-hidden=\"true\" class=\"fab fa-twitter\"><\/i>\t\t\t\t\t<\/a>\n\t\t\t\t<\/span>\n\t\t\t\t\t\t\t<span class=\"elementor-grid-item\" role=\"listitem\">\n\t\t\t\t\t<a class=\"elementor-icon elementor-social-icon elementor-social-icon-instagram elementor-animation-shrink elementor-repeater-item-5d29ac9\" href=\"https:\/\/www.instagram.com\/dralvaroordonezdds\/\" target=\"_blank\">\n\t\t\t\t\t\t<span class=\"elementor-screen-only\">Instagram<\/span>\n\t\t\t\t\t\t<i aria-hidden=\"true\" class=\"fab fa-instagram\"><\/i>\t\t\t\t\t<\/a>\n\t\t\t\t<\/span>\n\t\t\t\t\t\t\t<span class=\"elementor-grid-item\" role=\"listitem\">\n\t\t\t\t\t<a class=\"elementor-icon elementor-social-icon elementor-social-icon-linkedin elementor-animation-shrink elementor-repeater-item-51eda4a\" href=\"https:\/\/www.linkedin.com\/in\/alvaro-ordonez\/\" target=\"_blank\">\n\t\t\t\t\t\t<span class=\"elementor-screen-only\">Linkedin<\/span>\n\t\t\t\t\t\t<i aria-hidden=\"true\" class=\"fab fa-linkedin\"><\/i>\t\t\t\t\t<\/a>\n\t\t\t\t<\/span>\n\t\t\t\t\t<\/div>\n\t\t\t\t\t\t<\/div>\n\t\t\t\t<\/div>\n\t\t\t\t\t<\/div>\r\n\t\t\t\t<\/div>\r\n\t\t\t\t\t<\/div>\r\n\t\t\t\t<\/section>\r\n\t\t\t\t\t<\/div>\r\n\t\t\t\t<\/div>\r\n\t\t\t\t\t<\/div>\r\n\t\t\t\t<\/section>\r\n\t\t\t\t<\/div>\n\t\t","protected":false},"excerpt":{"rendered":"<p>Cirug\u00eda guiada por implantes Nuestra cl\u00ednica dental cuenta con equipos de \u00faltima generaci\u00f3n y tecnolog\u00eda de vanguardia, dise\u00f1ados espec\u00edficamente para procedimientos avanzados de cirug\u00eda oral. Entre estas innovaciones, la tomograf\u00eda computarizada de haz c\u00f3nico (CBCT) se destaca como una t\u00e9cnica revolucionaria empleada para generar im\u00e1genes detalladas de su anatom\u00eda dental y facial. La utilizaci\u00f3n de [&hellip;]<\/p>\n","protected":false},"author":1,"featured_media":0,"parent":2112,"menu_order":0,"comment_status":"closed","ping_status":"closed","template":"","meta":{"footnotes":""},"class_list":["post-2141","page","type-page","status-publish","hentry"],"yoast_head":"<!-- This site is optimized with the Yoast SEO plugin v27.2 - https:\/\/yoast.com\/product\/yoast-seo-wordpress\/ -->\n<title>Cirug\u00eda de Implantes Guiada - Alvaro Ordonez, DDS<\/title>\n<meta name=\"description\" content=\"Cirug\u00eda de Implantes Guiada: tecnolog\u00eda avanzada, im\u00e1genes detalladas y precisi\u00f3n para resultados \u00f3ptimos. Tu bienestar es nuestra prioridad\" \/>\n<meta name=\"robots\" content=\"index, follow, max-snippet:-1, max-image-preview:large, max-video-preview:-1\" \/>\n<link rel=\"canonical\" href=\"https:\/\/alvaroordonezdds.com\/es\/servicios\/cirugia-de-implantes-guiada\/\" \/>\n<meta property=\"og:locale\" content=\"es_ES\" \/>\n<meta property=\"og:type\" content=\"article\" \/>\n<meta property=\"og:title\" content=\"Cirug\u00eda de Implantes Guiada - Alvaro Ordonez, DDS\" \/>\n<meta property=\"og:description\" content=\"Cirug\u00eda de Implantes Guiada: tecnolog\u00eda avanzada, im\u00e1genes detalladas y precisi\u00f3n para resultados \u00f3ptimos. Tu bienestar es nuestra prioridad\" \/>\n<meta property=\"og:url\" content=\"https:\/\/alvaroordonezdds.com\/es\/servicios\/cirugia-de-implantes-guiada\/\" \/>\n<meta property=\"og:site_name\" content=\"Alvaro Ordonez, DDS\" \/>\n<meta property=\"article:publisher\" content=\"https:\/\/www.facebook.com\/AlvaroOrdonezDds\/\" \/>\n<meta property=\"article:modified_time\" content=\"2024-02-13T14:26:59+00:00\" \/>\n<meta property=\"og:image\" content=\"https:\/\/alvaroordonezdds.com\/wp-content\/uploads\/2023\/09\/implant-Guide-Surgery.jpg\" \/>\n<meta name=\"twitter:card\" content=\"summary_large_image\" \/>\n<meta name=\"twitter:site\" content=\"@DrOrdonezDDS\" \/>\n<meta name=\"twitter:label1\" content=\"Tiempo de lectura\" \/>\n\t<meta name=\"twitter:data1\" content=\"2 minutos\" \/>\n<script type=\"application\/ld+json\" class=\"yoast-schema-graph\">{\"@context\":\"https:\/\/schema.org\",\"@graph\":[{\"@type\":\"WebPage\",\"@id\":\"https:\/\/alvaroordonezdds.com\/es\/servicios\/cirugia-de-implantes-guiada\/\",\"url\":\"https:\/\/alvaroordonezdds.com\/es\/servicios\/cirugia-de-implantes-guiada\/\",\"name\":\"Cirug\u00eda de Implantes Guiada - Alvaro Ordonez, DDS\",\"isPartOf\":{\"@id\":\"https:\/\/alvaroordonezdds.com\/#website\"},\"primaryImageOfPage\":{\"@id\":\"https:\/\/alvaroordonezdds.com\/es\/servicios\/cirugia-de-implantes-guiada\/#primaryimage\"},\"image\":{\"@id\":\"https:\/\/alvaroordonezdds.com\/es\/servicios\/cirugia-de-implantes-guiada\/#primaryimage\"},\"thumbnailUrl\":\"https:\/\/alvaroordonezdds.com\/wp-content\/uploads\/2023\/09\/implant-Guide-Surgery.jpg\",\"datePublished\":\"2023-08-15T14:56:05+00:00\",\"dateModified\":\"2024-02-13T14:26:59+00:00\",\"description\":\"Cirug\u00eda de Implantes Guiada: tecnolog\u00eda avanzada, im\u00e1genes detalladas y precisi\u00f3n para resultados \u00f3ptimos. Tu bienestar es nuestra prioridad\",\"breadcrumb\":{\"@id\":\"https:\/\/alvaroordonezdds.com\/es\/servicios\/cirugia-de-implantes-guiada\/#breadcrumb\"},\"inLanguage\":\"es\",\"potentialAction\":[{\"@type\":\"ReadAction\",\"target\":[\"https:\/\/alvaroordonezdds.com\/es\/servicios\/cirugia-de-implantes-guiada\/\"]}]},{\"@type\":\"ImageObject\",\"inLanguage\":\"es\",\"@id\":\"https:\/\/alvaroordonezdds.com\/es\/servicios\/cirugia-de-implantes-guiada\/#primaryimage\",\"url\":\"https:\/\/alvaroordonezdds.com\/wp-content\/uploads\/2023\/09\/implant-Guide-Surgery.jpg\",\"contentUrl\":\"https:\/\/alvaroordonezdds.com\/wp-content\/uploads\/2023\/09\/implant-Guide-Surgery.jpg\"},{\"@type\":\"BreadcrumbList\",\"@id\":\"https:\/\/alvaroordonezdds.com\/es\/servicios\/cirugia-de-implantes-guiada\/#breadcrumb\",\"itemListElement\":[{\"@type\":\"ListItem\",\"position\":1,\"name\":\"Home\",\"item\":\"https:\/\/alvaroordonezdds.com\/\"},{\"@type\":\"ListItem\",\"position\":2,\"name\":\"Servicios\",\"item\":\"https:\/\/alvaroordonezdds.com\/es\/servicios\/\"},{\"@type\":\"ListItem\",\"position\":3,\"name\":\"Cirug\u00eda de Implantes Guiada\"}]},{\"@type\":\"WebSite\",\"@id\":\"https:\/\/alvaroordonezdds.com\/#website\",\"url\":\"https:\/\/alvaroordonezdds.com\/\",\"name\":\"Alvaro Ordonez DDS\",\"description\":\"Dental Office in Miami\",\"publisher\":{\"@id\":\"https:\/\/alvaroordonezdds.com\/#organization\"},\"potentialAction\":[{\"@type\":\"SearchAction\",\"target\":{\"@type\":\"EntryPoint\",\"urlTemplate\":\"https:\/\/alvaroordonezdds.com\/?s={search_term_string}\"},\"query-input\":{\"@type\":\"PropertyValueSpecification\",\"valueRequired\":true,\"valueName\":\"search_term_string\"}}],\"inLanguage\":\"es\"},{\"@type\":\"Organization\",\"@id\":\"https:\/\/alvaroordonezdds.com\/#organization\",\"name\":\"Alvaro Ordonez DDS\",\"url\":\"https:\/\/alvaroordonezdds.com\/\",\"logo\":{\"@type\":\"ImageObject\",\"inLanguage\":\"es\",\"@id\":\"https:\/\/alvaroordonezdds.com\/#\/schema\/logo\/image\/\",\"url\":\"https:\/\/alvaroordonezdds.com\/wp-content\/uploads\/2023\/08\/Alvaro-Ordonez.png\",\"contentUrl\":\"https:\/\/alvaroordonezdds.com\/wp-content\/uploads\/2023\/08\/Alvaro-Ordonez.png\",\"width\":400,\"height\":160,\"caption\":\"Alvaro Ordonez DDS\"},\"image\":{\"@id\":\"https:\/\/alvaroordonezdds.com\/#\/schema\/logo\/image\/\"},\"sameAs\":[\"https:\/\/www.facebook.com\/AlvaroOrdonezDds\/\",\"https:\/\/x.com\/DrOrdonezDDS\",\"https:\/\/www.instagram.com\/dralvaroordonezdds\/\",\"https:\/\/www.linkedin.com\/in\/alvaro-ordonez\/\"]}]}<\/script>\n<!-- \/ Yoast SEO plugin. -->","yoast_head_json":{"title":"Cirug\u00eda de Implantes Guiada - Alvaro Ordonez, DDS","description":"Cirug\u00eda de Implantes Guiada: tecnolog\u00eda avanzada, im\u00e1genes detalladas y precisi\u00f3n para resultados \u00f3ptimos. Tu bienestar es nuestra prioridad","robots":{"index":"index","follow":"follow","max-snippet":"max-snippet:-1","max-image-preview":"max-image-preview:large","max-video-preview":"max-video-preview:-1"},"canonical":"https:\/\/alvaroordonezdds.com\/es\/servicios\/cirugia-de-implantes-guiada\/","og_locale":"es_ES","og_type":"article","og_title":"Cirug\u00eda de Implantes Guiada - Alvaro Ordonez, DDS","og_description":"Cirug\u00eda de Implantes Guiada: tecnolog\u00eda avanzada, im\u00e1genes detalladas y precisi\u00f3n para resultados \u00f3ptimos. Tu bienestar es nuestra prioridad","og_url":"https:\/\/alvaroordonezdds.com\/es\/servicios\/cirugia-de-implantes-guiada\/","og_site_name":"Alvaro Ordonez, DDS","article_publisher":"https:\/\/www.facebook.com\/AlvaroOrdonezDds\/","article_modified_time":"2024-02-13T14:26:59+00:00","og_image":[{"url":"https:\/\/alvaroordonezdds.com\/wp-content\/uploads\/2023\/09\/implant-Guide-Surgery.jpg","type":"","width":"","height":""}],"twitter_card":"summary_large_image","twitter_site":"@DrOrdonezDDS","twitter_misc":{"Tiempo de lectura":"2 minutos"},"schema":{"@context":"https:\/\/schema.org","@graph":[{"@type":"WebPage","@id":"https:\/\/alvaroordonezdds.com\/es\/servicios\/cirugia-de-implantes-guiada\/","url":"https:\/\/alvaroordonezdds.com\/es\/servicios\/cirugia-de-implantes-guiada\/","name":"Cirug\u00eda de Implantes Guiada - Alvaro Ordonez, DDS","isPartOf":{"@id":"https:\/\/alvaroordonezdds.com\/#website"},"primaryImageOfPage":{"@id":"https:\/\/alvaroordonezdds.com\/es\/servicios\/cirugia-de-implantes-guiada\/#primaryimage"},"image":{"@id":"https:\/\/alvaroordonezdds.com\/es\/servicios\/cirugia-de-implantes-guiada\/#primaryimage"},"thumbnailUrl":"https:\/\/alvaroordonezdds.com\/wp-content\/uploads\/2023\/09\/implant-Guide-Surgery.jpg","datePublished":"2023-08-15T14:56:05+00:00","dateModified":"2024-02-13T14:26:59+00:00","description":"Cirug\u00eda de Implantes Guiada: tecnolog\u00eda avanzada, im\u00e1genes detalladas y precisi\u00f3n para resultados \u00f3ptimos. Tu bienestar es nuestra prioridad","breadcrumb":{"@id":"https:\/\/alvaroordonezdds.com\/es\/servicios\/cirugia-de-implantes-guiada\/#breadcrumb"},"inLanguage":"es","potentialAction":[{"@type":"ReadAction","target":["https:\/\/alvaroordonezdds.com\/es\/servicios\/cirugia-de-implantes-guiada\/"]}]},{"@type":"ImageObject","inLanguage":"es","@id":"https:\/\/alvaroordonezdds.com\/es\/servicios\/cirugia-de-implantes-guiada\/#primaryimage","url":"https:\/\/alvaroordonezdds.com\/wp-content\/uploads\/2023\/09\/implant-Guide-Surgery.jpg","contentUrl":"https:\/\/alvaroordonezdds.com\/wp-content\/uploads\/2023\/09\/implant-Guide-Surgery.jpg"},{"@type":"BreadcrumbList","@id":"https:\/\/alvaroordonezdds.com\/es\/servicios\/cirugia-de-implantes-guiada\/#breadcrumb","itemListElement":[{"@type":"ListItem","position":1,"name":"Home","item":"https:\/\/alvaroordonezdds.com\/"},{"@type":"ListItem","position":2,"name":"Servicios","item":"https:\/\/alvaroordonezdds.com\/es\/servicios\/"},{"@type":"ListItem","position":3,"name":"Cirug\u00eda de Implantes Guiada"}]},{"@type":"WebSite","@id":"https:\/\/alvaroordonezdds.com\/#website","url":"https:\/\/alvaroordonezdds.com\/","name":"Alvaro Ordonez DDS","description":"Dental Office in Miami","publisher":{"@id":"https:\/\/alvaroordonezdds.com\/#organization"},"potentialAction":[{"@type":"SearchAction","target":{"@type":"EntryPoint","urlTemplate":"https:\/\/alvaroordonezdds.com\/?s={search_term_string}"},"query-input":{"@type":"PropertyValueSpecification","valueRequired":true,"valueName":"search_term_string"}}],"inLanguage":"es"},{"@type":"Organization","@id":"https:\/\/alvaroordonezdds.com\/#organization","name":"Alvaro Ordonez DDS","url":"https:\/\/alvaroordonezdds.com\/","logo":{"@type":"ImageObject","inLanguage":"es","@id":"https:\/\/alvaroordonezdds.com\/#\/schema\/logo\/image\/","url":"https:\/\/alvaroordonezdds.com\/wp-content\/uploads\/2023\/08\/Alvaro-Ordonez.png","contentUrl":"https:\/\/alvaroordonezdds.com\/wp-content\/uploads\/2023\/08\/Alvaro-Ordonez.png","width":400,"height":160,"caption":"Alvaro Ordonez DDS"},"image":{"@id":"https:\/\/alvaroordonezdds.com\/#\/schema\/logo\/image\/"},"sameAs":["https:\/\/www.facebook.com\/AlvaroOrdonezDds\/","https:\/\/x.com\/DrOrdonezDDS","https:\/\/www.instagram.com\/dralvaroordonezdds\/","https:\/\/www.linkedin.com\/in\/alvaro-ordonez\/"]}]}},"jetpack_sharing_enabled":true,"_links":{"self":[{"href":"https:\/\/alvaroordonezdds.com\/es\/wp-json\/wp\/v2\/pages\/2141","targetHints":{"allow":["GET"]}}],"collection":[{"href":"https:\/\/alvaroordonezdds.com\/es\/wp-json\/wp\/v2\/pages"}],"about":[{"href":"https:\/\/alvaroordonezdds.com\/es\/wp-json\/wp\/v2\/types\/page"}],"author":[{"embeddable":true,"href":"https:\/\/alvaroordonezdds.com\/es\/wp-json\/wp\/v2\/users\/1"}],"replies":[{"embeddable":true,"href":"https:\/\/alvaroordonezdds.com\/es\/wp-json\/wp\/v2\/comments?post=2141"}],"version-history":[{"count":17,"href":"https:\/\/alvaroordonezdds.com\/es\/wp-json\/wp\/v2\/pages\/2141\/revisions"}],"predecessor-version":[{"id":6050,"href":"https:\/\/alvaroordonezdds.com\/es\/wp-json\/wp\/v2\/pages\/2141\/revisions\/6050"}],"up":[{"embeddable":true,"href":"https:\/\/alvaroordonezdds.com\/es\/wp-json\/wp\/v2\/pages\/2112"}],"wp:attachment":[{"href":"https:\/\/alvaroordonezdds.com\/es\/wp-json\/wp\/v2\/media?parent=2141"}],"curies":[{"name":"wp","href":"https:\/\/api.w.org\/{rel}","templated":true}]}}